{"id":582,"date":"2025-03-19T16:43:44","date_gmt":"2025-03-19T16:43:44","guid":{"rendered":"https:\/\/www.montavistahouses.com\/?post_type=product&#038;p=582"},"modified":"2025-10-02T12:25:51","modified_gmt":"2025-10-02T12:25:51","slug":"olive-grove-freila","status":"publish","type":"product","link":"https:\/\/www.montavistahouses.com\/es\/producto\/olive-grove-freila\/","title":{"rendered":"Olivar Freila"},"content":{"rendered":"<p>\u00bfSue\u00f1a con una vida rural en Espa\u00f1a? No busque m\u00e1s, este hermoso Cortijo en el Campo de Freila (provincia de Granada) a 10 minutos a pie de un hermoso lago, fue renovado en 2021 y est\u00e1 listo para entrar a vivir inmediatamente.<\/p>\n<p>La propiedad cuenta con una cocina, sala de estar, 3 dormitorios y 2 ba\u00f1os. Todo est\u00e1 a nivel del suelo.<br \/>\nSe entra por la puerta principal a la espaciosa y maravillosamente luminosa cocina, al lado hay un comedor y al otro lado un amplio sal\u00f3n con aire acondicionado y estufa de le\u00f1a. A trav\u00e9s del pasillo est\u00e1n las puertas a todas las habitaciones. Todos los dormitorios y ba\u00f1os tienen ventanas, con bonitas vistas al jard\u00edn.<br \/>\nA trav\u00e9s del sal\u00f3n se accede a la bonita terraza cubierta con amplias vistas.<br \/>\nAl lado hay una preciosa piscina para refrescarse, relajarse, hacer ejercicio, etc., con varias zonas para sentarse en el jard\u00edn y vistas al huerto de olivos\/frutales.<\/p>\n<p>En un nivel inferior, hay un espacio que actualmente se utiliza como taller y almacenamiento, sin embargo, este espacio ser\u00eda muy adecuado para ser convertido en un estudio, para alquiler o luego visitas de familiares \/ amigos. Este espacio tiene una terraza independiente en la parte delantera.<\/p>\n<p>La propiedad se encuentra a 10 minutos a pie del embalse de Negratine, donde se puede disfrutar de la nataci\u00f3n, senderismo, deportes acu\u00e1ticos, tomar el sol, etc. Debido a la ubicaci\u00f3n de las monta\u00f1as en esta zona, el suministro de agua aqu\u00ed est\u00e1 bien regulado.<\/p>\n<p>El centro de Freila est\u00e1 a 10 minutos en coche. Freila es un pueblo pintoresco y tiene varias instalaciones como: restaurantes, supermercado, GP, farmacia, etc..<\/p>\n<p>La playa est\u00e1 a 1,5 horas en coche, la bella ciudad de Granada a 1 hora en coche, el aeropuerto de Granada a 45 minutos en coche. Un hospital est\u00e1 a 15 minutos en coche (Baza).<br \/>\nTambi\u00e9n hay varias actividades para realizar en la zona, como ciclismo, senderismo, descubrir la diversidad paisaj\u00edstica de la zona, Playa de Freila, Sierra de Baza (Parque Natural), monta\u00f1a Jabalc\u00f3n con ba\u00f1os naturales de agua caliente, cenas, Balnearios, Observatorio, Museos, zonas de naturaleza y fauna (incluyendo observaci\u00f3n de aves) y a 1 hora en coche se puede esquiar en Sierra Nevada en invierno. A 15 minutos en coche est\u00e1 la hist\u00f3rica ciudad de Baza equipada con hospital, dentistas, muchos supermercados, restaurantes, teatro, cine, varias tiendas para ir de compras, as\u00ed como tiendas de bricolaje, etc.<\/p>\n<p><strong>Particulares:<\/strong><\/p>\n<ul>\n<li>Superficie habitable 95 m2<\/li>\n<li>Parcela de 3.000 m2 (100 olivos y varios frutales)<\/li>\n<li>Anexo 42 m2<\/li>\n<li>Agua de la red p\u00fablica<\/li>\n<li>Electricidad a trav\u00e9s de la compa\u00f1\u00eda el\u00e9ctrica<\/li>\n<li>Piscina (8 x 4), con amplia instalaci\u00f3n<\/li>\n<li>La propiedad est\u00e1 orientada al sur<\/li>\n<li>N\u00famero de habitaciones 3<\/li>\n<li>N\u00famero de ba\u00f1os 2<\/li>\n<li>Calefacci\u00f3n: estufa de le\u00f1a, calefacci\u00f3n el\u00e9ctrica<\/li>\n<li>Aire acondicionado (fr\u00edo\/calor)<\/li>\n<li>Cobertura de telefon\u00eda m\u00f3vil e Internet<\/li>\n<li>Internet y TV a trav\u00e9s de Starlink<\/li>\n<li>Inventario por acuerdo<\/li>\n<li>Aceptaci\u00f3n en consulta<\/li>\n<\/ul>","protected":false},"excerpt":{"rendered":"<p><strong>\u00a1\u00a1\u00a1\u00a1Vendido!!!!<\/strong><\/p>\n<p>\u00bfSue\u00f1a con una vida rural en Espa\u00f1a? No busque m\u00e1s, este precioso Cortijo en el Campo de Freila (provincia de Granada) a 10 minutos andando de un lago super bonito, ha sido renovado en 2021 y est\u00e1 listo para entrar a vivir inmediatamente.<\/p>\n<p class=\"translation-block\">La propiedad tiene 3 dormitorios y 2 ba\u00f1os. Todo est\u00e1 en una sola planta. Se entra por la puerta principal a la espaciosa y encantadora cocina luminosa, al lado hay un comedor y al otro lado un amplio sal\u00f3n con aire acondicionado y estufa de le\u00f1a.<br>\r\nA trav\u00e9s de un pasillo est\u00e1n las puertas a los ba\u00f1os y dormitorios. Todos los dormitorios y ba\u00f1os tienen ventanas.<br>\r\nA trav\u00e9s de una puerta en la sala de estar se puede entrar en la encantadora terraza cubierta con amplias vistas.<br>\r\nTambi\u00e9n hay una hermosa piscina para refrescarse, relajarse, hacer ejercicio, etc., con varias zonas para sentarse en el jard\u00edn y vistas al<br>\r\nolivos\/frutales.<\/p>","protected":false},"featured_media":1474,"comment_status":"open","ping_status":"closed","template":"","meta":{"_acf_changed":false,"inline_featured_image":false},"product_brand":[],"product_cat":[30,27],"product_tag":[26,33,42,38,23,41],"class_list":{"0":"post-582","1":"product","2":"type-product","3":"status-publish","4":"has-post-thumbnail","6":"product_cat-aanbod","7":"product_cat-properties-woocommerce","8":"product_tag-2-badkamers","9":"product_tag-3-slaapkamers","10":"product_tag-boomgaard","11":"product_tag-freila","12":"product_tag-spanje","13":"product_tag-zwembad","15":"first","16":"instock","17":"sale","18":"shipping-taxable","19":"purchasable","20":"product-type-simple"},"acf":[],"yoast_head":"<!-- This site is optimized with the Yoast SEO plugin v25.6 - https:\/\/yoast.com\/wordpress\/plugins\/seo\/ -->\n<title>Olive Grove Freila - Montavista Houses<\/title>\n<meta name=\"robots\" content=\"index, follow, max-snippet:-1, max-image-preview:large, max-video-preview:-1\" \/>\n<link rel=\"canonical\" href=\"https:\/\/www.montavistahouses.com\/es\/producto\/olive-grove-freila\/\" \/>\n<meta property=\"og:locale\" content=\"es_ES\" \/>\n<meta property=\"og:type\" content=\"article\" \/>\n<meta property=\"og:title\" content=\"Olive Grove Freila - Montavista Houses\" \/>\n<meta property=\"og:description\" content=\"Verkocht!!!!  Droomt u van een landelijk leven in Spanje? Zoek niet verder, deze prachtige Cortijo op de Campo van Freila (Provincie Granada) op 10 minuten loopafstand van een super mooi meer, is in 2021 gerenoveerd en direct te betrekken.  De woning beschikt over 3 slaapkamers en 2 badkamers. Alles is gelijkvloers. U komt door de voordeur de ruime en heerlijk lichte woonkeuken binnen, ernaast is een eetkamer en aan de andere zijde een ruime woonkamer met airco en een houtkachel. Via een gang zijn de deuren naar de badkamers en de slaapkamers. Alle slaapkamers en badkamers zijn voorzien van ramen. Middels een deur in de huiskamer kunt u het heerlijke overdekte terras betreden met een wijd uitzicht. Daarnaast is er een heerlijk mooi zwembad voor verkoeling, relaxing, beweging, etc., met diverse zitjes in de tuin en het uitzicht op de olijven\/fruitbomen gaard.\" \/>\n<meta property=\"og:url\" content=\"https:\/\/www.montavistahouses.com\/es\/producto\/olive-grove-freila\/\" \/>\n<meta property=\"og:site_name\" content=\"Montavista Houses\" \/>\n<meta property=\"article:modified_time\" content=\"2025-10-02T12:25:51+00:00\" \/>\n<meta property=\"og:image\" content=\"https:\/\/www.montavistahouses.com\/wp-content\/uploads\/2025\/03\/Verkocht.jpg\" \/>\n\t<meta property=\"og:image:width\" content=\"1000\" \/>\n\t<meta property=\"og:image:height\" content=\"750\" \/>\n\t<meta property=\"og:image:type\" content=\"image\/jpeg\" \/>\n<meta name=\"twitter:card\" content=\"summary_large_image\" \/>\n<meta name=\"twitter:label1\" content=\"Tiempo de lectura\" \/>\n\t<meta name=\"twitter:data1\" content=\"3 minutos\" \/>\n<script type=\"application\/ld+json\" class=\"yoast-schema-graph\">{\"@context\":\"https:\/\/schema.org\",\"@graph\":[{\"@type\":\"WebPage\",\"@id\":\"https:\/\/www.montavistahouses.com\/product\/olive-grove-freila\/\",\"url\":\"https:\/\/www.montavistahouses.com\/product\/olive-grove-freila\/\",\"name\":\"Olive Grove Freila - Montavista Houses\",\"isPartOf\":{\"@id\":\"https:\/\/www.montavistahouses.com\/#website\"},\"primaryImageOfPage\":{\"@id\":\"https:\/\/www.montavistahouses.com\/product\/olive-grove-freila\/#primaryimage\"},\"image\":{\"@id\":\"https:\/\/www.montavistahouses.com\/product\/olive-grove-freila\/#primaryimage\"},\"thumbnailUrl\":\"https:\/\/www.montavistahouses.com\/wp-content\/uploads\/2025\/03\/Verkocht.jpg\",\"datePublished\":\"2025-03-19T16:43:44+00:00\",\"dateModified\":\"2025-10-02T12:25:51+00:00\",\"breadcrumb\":{\"@id\":\"https:\/\/www.montavistahouses.com\/product\/olive-grove-freila\/#breadcrumb\"},\"inLanguage\":\"es\",\"potentialAction\":[{\"@type\":\"ReadAction\",\"target\":[\"https:\/\/www.montavistahouses.com\/product\/olive-grove-freila\/\"]}]},{\"@type\":\"ImageObject\",\"inLanguage\":\"es\",\"@id\":\"https:\/\/www.montavistahouses.com\/product\/olive-grove-freila\/#primaryimage\",\"url\":\"https:\/\/www.montavistahouses.com\/wp-content\/uploads\/2025\/03\/Verkocht.jpg\",\"contentUrl\":\"https:\/\/www.montavistahouses.com\/wp-content\/uploads\/2025\/03\/Verkocht.jpg\",\"width\":1000,\"height\":750},{\"@type\":\"BreadcrumbList\",\"@id\":\"https:\/\/www.montavistahouses.com\/product\/olive-grove-freila\/#breadcrumb\",\"itemListElement\":[{\"@type\":\"ListItem\",\"position\":1,\"name\":\"Home\",\"item\":\"https:\/\/www.montavistahouses.com\/\"},{\"@type\":\"ListItem\",\"position\":2,\"name\":\"Shop\",\"item\":\"https:\/\/www.montavistahouses.com\/shop\/\"},{\"@type\":\"ListItem\",\"position\":3,\"name\":\"Olive Grove Freila\"}]},{\"@type\":\"WebSite\",\"@id\":\"https:\/\/www.montavistahouses.com\/#website\",\"url\":\"https:\/\/www.montavistahouses.com\/\",\"name\":\"Montavista Houses\",\"description\":\"Montavista Houses\",\"publisher\":{\"@id\":\"https:\/\/www.montavistahouses.com\/#organization\"},\"potentialAction\":[{\"@type\":\"SearchAction\",\"target\":{\"@type\":\"EntryPoint\",\"urlTemplate\":\"https:\/\/www.montavistahouses.com\/?s={search_term_string}\"},\"query-input\":{\"@type\":\"PropertyValueSpecification\",\"valueRequired\":true,\"valueName\":\"search_term_string\"}}],\"inLanguage\":\"es\"},{\"@type\":\"Organization\",\"@id\":\"https:\/\/www.montavistahouses.com\/#organization\",\"name\":\"Montavista Houses\",\"url\":\"https:\/\/www.montavistahouses.com\/\",\"logo\":{\"@type\":\"ImageObject\",\"inLanguage\":\"es\",\"@id\":\"https:\/\/www.montavistahouses.com\/#\/schema\/logo\/image\/\",\"url\":\"https:\/\/www.montavistahouses.com\/wp-content\/uploads\/2024\/09\/for_sale_baza_spain_Huis6.jpg\",\"contentUrl\":\"https:\/\/www.montavistahouses.com\/wp-content\/uploads\/2024\/09\/for_sale_baza_spain_Huis6.jpg\",\"width\":1920,\"height\":1920,\"caption\":\"Montavista Houses\"},\"image\":{\"@id\":\"https:\/\/www.montavistahouses.com\/#\/schema\/logo\/image\/\"}}]}<\/script>\n<!-- \/ Yoast SEO plugin. -->","yoast_head_json":{"title":"Olive Grove Freila - Montavista Houses","robots":{"index":"index","follow":"follow","max-snippet":"max-snippet:-1","max-image-preview":"max-image-preview:large","max-video-preview":"max-video-preview:-1"},"canonical":"https:\/\/www.montavistahouses.com\/es\/producto\/olive-grove-freila\/","og_locale":"es_ES","og_type":"article","og_title":"Olive Grove Freila - Montavista Houses","og_description":"Verkocht!!!!  Droomt u van een landelijk leven in Spanje? Zoek niet verder, deze prachtige Cortijo op de Campo van Freila (Provincie Granada) op 10 minuten loopafstand van een super mooi meer, is in 2021 gerenoveerd en direct te betrekken.  De woning beschikt over 3 slaapkamers en 2 badkamers. Alles is gelijkvloers. U komt door de voordeur de ruime en heerlijk lichte woonkeuken binnen, ernaast is een eetkamer en aan de andere zijde een ruime woonkamer met airco en een houtkachel. Via een gang zijn de deuren naar de badkamers en de slaapkamers. Alle slaapkamers en badkamers zijn voorzien van ramen. Middels een deur in de huiskamer kunt u het heerlijke overdekte terras betreden met een wijd uitzicht. Daarnaast is er een heerlijk mooi zwembad voor verkoeling, relaxing, beweging, etc., met diverse zitjes in de tuin en het uitzicht op de olijven\/fruitbomen gaard.","og_url":"https:\/\/www.montavistahouses.com\/es\/producto\/olive-grove-freila\/","og_site_name":"Montavista Houses","article_modified_time":"2025-10-02T12:25:51+00:00","og_image":[{"width":1000,"height":750,"url":"https:\/\/www.montavistahouses.com\/wp-content\/uploads\/2025\/03\/Verkocht.jpg","type":"image\/jpeg"}],"twitter_card":"summary_large_image","twitter_misc":{"Tiempo de lectura":"3 minutos"},"schema":{"@context":"https:\/\/schema.org","@graph":[{"@type":"WebPage","@id":"https:\/\/www.montavistahouses.com\/product\/olive-grove-freila\/","url":"https:\/\/www.montavistahouses.com\/product\/olive-grove-freila\/","name":"Olive Grove Freila - Montavista Houses","isPartOf":{"@id":"https:\/\/www.montavistahouses.com\/#website"},"primaryImageOfPage":{"@id":"https:\/\/www.montavistahouses.com\/product\/olive-grove-freila\/#primaryimage"},"image":{"@id":"https:\/\/www.montavistahouses.com\/product\/olive-grove-freila\/#primaryimage"},"thumbnailUrl":"https:\/\/www.montavistahouses.com\/wp-content\/uploads\/2025\/03\/Verkocht.jpg","datePublished":"2025-03-19T16:43:44+00:00","dateModified":"2025-10-02T12:25:51+00:00","breadcrumb":{"@id":"https:\/\/www.montavistahouses.com\/product\/olive-grove-freila\/#breadcrumb"},"inLanguage":"es","potentialAction":[{"@type":"ReadAction","target":["https:\/\/www.montavistahouses.com\/product\/olive-grove-freila\/"]}]},{"@type":"ImageObject","inLanguage":"es","@id":"https:\/\/www.montavistahouses.com\/product\/olive-grove-freila\/#primaryimage","url":"https:\/\/www.montavistahouses.com\/wp-content\/uploads\/2025\/03\/Verkocht.jpg","contentUrl":"https:\/\/www.montavistahouses.com\/wp-content\/uploads\/2025\/03\/Verkocht.jpg","width":1000,"height":750},{"@type":"BreadcrumbList","@id":"https:\/\/www.montavistahouses.com\/product\/olive-grove-freila\/#breadcrumb","itemListElement":[{"@type":"ListItem","position":1,"name":"Home","item":"https:\/\/www.montavistahouses.com\/"},{"@type":"ListItem","position":2,"name":"Shop","item":"https:\/\/www.montavistahouses.com\/shop\/"},{"@type":"ListItem","position":3,"name":"Olive Grove Freila"}]},{"@type":"WebSite","@id":"https:\/\/www.montavistahouses.com\/#website","url":"https:\/\/www.montavistahouses.com\/","name":"Casas Montavista","description":"Casas Montavista","publisher":{"@id":"https:\/\/www.montavistahouses.com\/#organization"},"potentialAction":[{"@type":"SearchAction","target":{"@type":"EntryPoint","urlTemplate":"https:\/\/www.montavistahouses.com\/?s={search_term_string}"},"query-input":{"@type":"PropertyValueSpecification","valueRequired":true,"valueName":"search_term_string"}}],"inLanguage":"es"},{"@type":"Organization","@id":"https:\/\/www.montavistahouses.com\/#organization","name":"Casas Montavista","url":"https:\/\/www.montavistahouses.com\/","logo":{"@type":"ImageObject","inLanguage":"es","@id":"https:\/\/www.montavistahouses.com\/#\/schema\/logo\/image\/","url":"https:\/\/www.montavistahouses.com\/wp-content\/uploads\/2024\/09\/for_sale_baza_spain_Huis6.jpg","contentUrl":"https:\/\/www.montavistahouses.com\/wp-content\/uploads\/2024\/09\/for_sale_baza_spain_Huis6.jpg","width":1920,"height":1920,"caption":"Montavista Houses"},"image":{"@id":"https:\/\/www.montavistahouses.com\/#\/schema\/logo\/image\/"}}]}},"_links":{"self":[{"href":"https:\/\/www.montavistahouses.com\/es\/wp-json\/wp\/v2\/product\/582"}],"collection":[{"href":"https:\/\/www.montavistahouses.com\/es\/wp-json\/wp\/v2\/product"}],"about":[{"href":"https:\/\/www.montavistahouses.com\/es\/wp-json\/wp\/v2\/types\/product"}],"replies":[{"embeddable":true,"href":"https:\/\/www.montavistahouses.com\/es\/wp-json\/wp\/v2\/comments?post=582"}],"wp:featuredmedia":[{"embeddable":true,"href":"https:\/\/www.montavistahouses.com\/es\/wp-json\/wp\/v2\/media\/1474"}],"wp:attachment":[{"href":"https:\/\/www.montavistahouses.com\/es\/wp-json\/wp\/v2\/media?parent=582"}],"wp:term":[{"taxonomy":"product_brand","embeddable":true,"href":"https:\/\/www.montavistahouses.com\/es\/wp-json\/wp\/v2\/product_brand?post=582"},{"taxonomy":"product_cat","embeddable":true,"href":"https:\/\/www.montavistahouses.com\/es\/wp-json\/wp\/v2\/product_cat?post=582"},{"taxonomy":"product_tag","embeddable":true,"href":"https:\/\/www.montavistahouses.com\/es\/wp-json\/wp\/v2\/product_tag?post=582"}],"curies":[{"name":"wp","href":"https:\/\/api.w.org\/{rel}","templated":true}]}}