{"id":1534,"date":"2025-11-18T13:17:32","date_gmt":"2025-11-18T13:17:32","guid":{"rendered":"https:\/\/www.montavistahouses.com\/?post_type=product&#038;p=1534"},"modified":"2025-12-12T14:08:39","modified_gmt":"2025-12-12T14:08:39","slug":"casa-loma-freila","status":"publish","type":"product","link":"https:\/\/www.montavistahouses.com\/es\/producto\/casa-loma-freila\/","title":{"rendered":"Casa Loma Freila"},"content":{"rendered":"<p><strong>SE VENDE: ATRACTIVO Y ESPACIOSO CORTIJO SITUADO EN LA ZONA RURAL DE LA ENCANTADORA FREILA\u00a0<\/strong><\/p>\n<p>Este aut\u00e9ntico cortijo espa\u00f1ol ofrece confort y tranquilidad en una parcela de nada menos que 3200 m\u00b2, con su propio olivar y un hermoso jard\u00edn paisaj\u00edstico.<\/p>\n<p>Escape del ajetreo y el bullicio y abrace el encanto r\u00fastico de la campi\u00f1a espa\u00f1ola con este impresionante cortijo en la provincia de Granada. Una oportunidad \u00fanica para disfrutar de una vida relajada y natural en un entorno verdaderamente impresionante.<\/p>\n<p>Situado cerca del encantador Lago Negrat\u00edn, con sus aguas cristalinas y aguas termales terap\u00e9uticas, este Cortijo ofrece un entorno espectacular que disfrutar\u00e1 cada d\u00eda. Freila en s\u00ed es un pueblo encantador que cuenta con todos los servicios esenciales al alcance de la mano, como tiendas y restaurantes, y se encuentra en el \u00fanico Geoparque de Granada.<\/p>\n<p>Este cortijo combina a la perfecci\u00f3n su encanto r\u00fastico original con todas las comodidades de la vida moderna. Es el lugar ideal para los amantes de la autenticidad y de un estilo de vida sereno.<\/p>\n<p><strong>Caracter\u00edsticas principales:<\/strong><\/p>\n<p>Amplia parcela: La propiedad cuenta con una generosa parcela de tierra, equipada con un hermoso jard\u00edn, cultivos en crecimiento, equipado con un olivar y s\u00f3lo para disfrutar del espacio y la privacidad.<br \/>\nPaz y privacidad: Un oasis de calma, ideal como residencia permanente o id\u00edlica casa de vacaciones.<br \/>\nServicios de proximidad: El pueblo de Freila est\u00e1 a poca distancia y ofrece todas las instalaciones necesarias.<br \/>\nVersatilidad: Potencial para alquiler, o para disfrutar de una tranquila jubilaci\u00f3n bajo el sol espa\u00f1ol.<br \/>\nLa casa de sus sue\u00f1os le est\u00e1 esperando<br \/>\nNo se pierda esta rara oportunidad de poseer un pedazo de la aut\u00e9ntica Espa\u00f1a. Si usted est\u00e1 buscando un retiro tranquilo o un estilo de vida activo en la naturaleza, este cortijo lo ofrece todo.<\/p>\n<p><strong>Caracter\u00edsticas de la propiedad:<\/strong><br \/>\n- 3 amplios dormitorios, uno de ellos con puertas francesas a la soleada terraza y al jard\u00edn<br \/>\n- Cocina amplia y luminosa con todas las comodidades modernas<br \/>\n- Sal\u00f3n acogedor y espacioso, perfecto para reuniones familiares<br \/>\n- Cochera para aparcar de forma segura, seca y fresca<br \/>\n- Gran piscina privada y lujoso jacuzzi para relajarse<br \/>\n- Granero espacioso, posiblemente para convertirlo en alojamiento para hu\u00e9spedes<\/p>\n<p>Combinando el ambiente t\u00edpico espa\u00f1ol con las comodidades modernas, esta propiedad es perfecta para aquellos que buscan un lugar tranquilo con mucho espacio y posibilidades.<\/p>\n<p><strong>Ubicaci\u00f3n:<\/strong><br \/>\nSituado cerca del lago Negratin y del acogedor centro de Freila, cerca de tiendas locales, restaurantes y otros servicios.<br \/>\nLa playa est\u00e1 a 1,5 horas en coche, la bella ciudad de Granada a 1 hora en coche, el aeropuerto de Granada a 45 minutos en coche. Un hospital est\u00e1 a 15 minutos en coche (Baza).<br \/>\nTambi\u00e9n hay varias actividades para realizar en la zona, como ciclismo, senderismo, descubrir la diversidad paisaj\u00edstica de la zona, Playa de Freila, Sierra de Baza (Parque Natural), monta\u00f1a Jabalc\u00f3n con ba\u00f1os naturales de agua caliente, cenas, Balnearios, Observatorio, Museos, zonas de naturaleza y fauna (incluyendo observaci\u00f3n de aves) y a 1 hora en coche se puede esquiar en Sierra Nevada en invierno. A 15 minutos en coche est\u00e1 la hist\u00f3rica ciudad de Baza equipada con hospital, dentistas, muchos supermercados, restaurantes, teatro, cine, varias tiendas para ir de compras, as\u00ed como tiendas de bricolaje, etc.<\/p>\n<p>Esta propiedad es una oportunidad \u00fanica para aquellos que aman la paz y la tranquilidad. Perfecto como una casa de familia, casa de vacaciones o inversi\u00f3n.<\/p>\n<p>\u00bfLe interesa? P\u00f3ngase en contacto con nosotros para una visita y experimente el encanto de esta casa \u00fanica.<\/p>\n<p>Inventario y aceptaci\u00f3n de mutuo acuerdo.<\/p>","protected":false},"excerpt":{"rendered":"<p>Para la venta: Una propiedad atractiva y espaciosa situada en la hermosa zona rural de Freila encantador. Este aut\u00e9ntico Cortijo espa\u00f1ol ofrece comodidad y tranquilidad en una parcela de nada menos que 3200 m\u00b2, con su propio olivar y jard\u00edn bellamente ajardinado.<\/p>","protected":false},"featured_media":1566,"comment_status":"open","ping_status":"closed","template":"","meta":{"_acf_changed":false,"inline_featured_image":false},"product_brand":[],"product_cat":[30,27],"product_tag":[33,38,23,41],"class_list":{"0":"post-1534","1":"product","2":"type-product","3":"status-publish","4":"has-post-thumbnail","6":"product_cat-aanbod","7":"product_cat-properties-woocommerce","8":"product_tag-3-slaapkamers","9":"product_tag-freila","10":"product_tag-spanje","11":"product_tag-zwembad","13":"first","14":"instock","15":"shipping-taxable","16":"purchasable","17":"product-type-simple"},"acf":[],"yoast_head":"<!-- This site is optimized with the Yoast SEO plugin v25.6 - https:\/\/yoast.com\/wordpress\/plugins\/seo\/ -->\n<title>Casa Loma Freila - Montavista Houses<\/title>\n<meta name=\"robots\" content=\"index, follow, max-snippet:-1, max-image-preview:large, max-video-preview:-1\" \/>\n<link rel=\"canonical\" href=\"https:\/\/www.montavistahouses.com\/es\/producto\/casa-loma-freila\/\" \/>\n<meta property=\"og:locale\" content=\"es_ES\" \/>\n<meta property=\"og:type\" content=\"article\" \/>\n<meta property=\"og:title\" content=\"Casa Loma Freila - Montavista Houses\" \/>\n<meta property=\"og:description\" content=\"Te Koop: Een sfeervolle en ruime woning, gelegen in het prachtige landelijke gebied van het charmante Freila. Deze authentieke Spaanse Cortijo biedt comfort en rust op een perceel van maar liefst 3200 m\u00b2, met een eigen olijfgaard en prachtig aangelegde tuin.\" \/>\n<meta property=\"og:url\" content=\"https:\/\/www.montavistahouses.com\/es\/producto\/casa-loma-freila\/\" \/>\n<meta property=\"og:site_name\" content=\"Montavista Houses\" \/>\n<meta property=\"article:modified_time\" content=\"2025-12-12T14:08:39+00:00\" \/>\n<meta property=\"og:image\" content=\"https:\/\/www.montavistahouses.com\/wp-content\/uploads\/2025\/11\/DSC01145.jpg\" \/>\n\t<meta property=\"og:image:width\" content=\"1000\" \/>\n\t<meta property=\"og:image:height\" content=\"667\" \/>\n\t<meta property=\"og:image:type\" content=\"image\/jpeg\" \/>\n<meta name=\"twitter:card\" content=\"summary_large_image\" \/>\n<meta name=\"twitter:label1\" content=\"Tiempo de lectura\" \/>\n\t<meta name=\"twitter:data1\" content=\"3 minutos\" \/>\n<script type=\"application\/ld+json\" class=\"yoast-schema-graph\">{\"@context\":\"https:\/\/schema.org\",\"@graph\":[{\"@type\":\"WebPage\",\"@id\":\"https:\/\/www.montavistahouses.com\/product\/casa-loma-freila\/\",\"url\":\"https:\/\/www.montavistahouses.com\/product\/casa-loma-freila\/\",\"name\":\"Casa Loma Freila - Montavista Houses\",\"isPartOf\":{\"@id\":\"https:\/\/www.montavistahouses.com\/#website\"},\"primaryImageOfPage\":{\"@id\":\"https:\/\/www.montavistahouses.com\/product\/casa-loma-freila\/#primaryimage\"},\"image\":{\"@id\":\"https:\/\/www.montavistahouses.com\/product\/casa-loma-freila\/#primaryimage\"},\"thumbnailUrl\":\"https:\/\/www.montavistahouses.com\/wp-content\/uploads\/2025\/11\/DSC01145.jpg\",\"datePublished\":\"2025-11-18T13:17:32+00:00\",\"dateModified\":\"2025-12-12T14:08:39+00:00\",\"breadcrumb\":{\"@id\":\"https:\/\/www.montavistahouses.com\/product\/casa-loma-freila\/#breadcrumb\"},\"inLanguage\":\"es\",\"potentialAction\":[{\"@type\":\"ReadAction\",\"target\":[\"https:\/\/www.montavistahouses.com\/product\/casa-loma-freila\/\"]}]},{\"@type\":\"ImageObject\",\"inLanguage\":\"es\",\"@id\":\"https:\/\/www.montavistahouses.com\/product\/casa-loma-freila\/#primaryimage\",\"url\":\"https:\/\/www.montavistahouses.com\/wp-content\/uploads\/2025\/11\/DSC01145.jpg\",\"contentUrl\":\"https:\/\/www.montavistahouses.com\/wp-content\/uploads\/2025\/11\/DSC01145.jpg\",\"width\":1000,\"height\":667},{\"@type\":\"BreadcrumbList\",\"@id\":\"https:\/\/www.montavistahouses.com\/product\/casa-loma-freila\/#breadcrumb\",\"itemListElement\":[{\"@type\":\"ListItem\",\"position\":1,\"name\":\"Home\",\"item\":\"https:\/\/www.montavistahouses.com\/\"},{\"@type\":\"ListItem\",\"position\":2,\"name\":\"Shop\",\"item\":\"https:\/\/www.montavistahouses.com\/shop\/\"},{\"@type\":\"ListItem\",\"position\":3,\"name\":\"Casa Loma Freila\"}]},{\"@type\":\"WebSite\",\"@id\":\"https:\/\/www.montavistahouses.com\/#website\",\"url\":\"https:\/\/www.montavistahouses.com\/\",\"name\":\"Montavista Houses\",\"description\":\"Montavista Houses\",\"publisher\":{\"@id\":\"https:\/\/www.montavistahouses.com\/#organization\"},\"potentialAction\":[{\"@type\":\"SearchAction\",\"target\":{\"@type\":\"EntryPoint\",\"urlTemplate\":\"https:\/\/www.montavistahouses.com\/?s={search_term_string}\"},\"query-input\":{\"@type\":\"PropertyValueSpecification\",\"valueRequired\":true,\"valueName\":\"search_term_string\"}}],\"inLanguage\":\"es\"},{\"@type\":\"Organization\",\"@id\":\"https:\/\/www.montavistahouses.com\/#organization\",\"name\":\"Montavista Houses\",\"url\":\"https:\/\/www.montavistahouses.com\/\",\"logo\":{\"@type\":\"ImageObject\",\"inLanguage\":\"es\",\"@id\":\"https:\/\/www.montavistahouses.com\/#\/schema\/logo\/image\/\",\"url\":\"https:\/\/www.montavistahouses.com\/wp-content\/uploads\/2024\/09\/for_sale_baza_spain_Huis6.jpg\",\"contentUrl\":\"https:\/\/www.montavistahouses.com\/wp-content\/uploads\/2024\/09\/for_sale_baza_spain_Huis6.jpg\",\"width\":1920,\"height\":1920,\"caption\":\"Montavista Houses\"},\"image\":{\"@id\":\"https:\/\/www.montavistahouses.com\/#\/schema\/logo\/image\/\"}}]}<\/script>\n<!-- \/ Yoast SEO plugin. -->","yoast_head_json":{"title":"Casa Loma Freila - Montavista Houses","robots":{"index":"index","follow":"follow","max-snippet":"max-snippet:-1","max-image-preview":"max-image-preview:large","max-video-preview":"max-video-preview:-1"},"canonical":"https:\/\/www.montavistahouses.com\/es\/producto\/casa-loma-freila\/","og_locale":"es_ES","og_type":"article","og_title":"Casa Loma Freila - Montavista Houses","og_description":"Te Koop: Een sfeervolle en ruime woning, gelegen in het prachtige landelijke gebied van het charmante Freila. Deze authentieke Spaanse Cortijo biedt comfort en rust op een perceel van maar liefst 3200 m\u00b2, met een eigen olijfgaard en prachtig aangelegde tuin.","og_url":"https:\/\/www.montavistahouses.com\/es\/producto\/casa-loma-freila\/","og_site_name":"Montavista Houses","article_modified_time":"2025-12-12T14:08:39+00:00","og_image":[{"width":1000,"height":667,"url":"https:\/\/www.montavistahouses.com\/wp-content\/uploads\/2025\/11\/DSC01145.jpg","type":"image\/jpeg"}],"twitter_card":"summary_large_image","twitter_misc":{"Tiempo de lectura":"3 minutos"},"schema":{"@context":"https:\/\/schema.org","@graph":[{"@type":"WebPage","@id":"https:\/\/www.montavistahouses.com\/product\/casa-loma-freila\/","url":"https:\/\/www.montavistahouses.com\/product\/casa-loma-freila\/","name":"Casa Loma Freila - Montavista Houses","isPartOf":{"@id":"https:\/\/www.montavistahouses.com\/#website"},"primaryImageOfPage":{"@id":"https:\/\/www.montavistahouses.com\/product\/casa-loma-freila\/#primaryimage"},"image":{"@id":"https:\/\/www.montavistahouses.com\/product\/casa-loma-freila\/#primaryimage"},"thumbnailUrl":"https:\/\/www.montavistahouses.com\/wp-content\/uploads\/2025\/11\/DSC01145.jpg","datePublished":"2025-11-18T13:17:32+00:00","dateModified":"2025-12-12T14:08:39+00:00","breadcrumb":{"@id":"https:\/\/www.montavistahouses.com\/product\/casa-loma-freila\/#breadcrumb"},"inLanguage":"es","potentialAction":[{"@type":"ReadAction","target":["https:\/\/www.montavistahouses.com\/product\/casa-loma-freila\/"]}]},{"@type":"ImageObject","inLanguage":"es","@id":"https:\/\/www.montavistahouses.com\/product\/casa-loma-freila\/#primaryimage","url":"https:\/\/www.montavistahouses.com\/wp-content\/uploads\/2025\/11\/DSC01145.jpg","contentUrl":"https:\/\/www.montavistahouses.com\/wp-content\/uploads\/2025\/11\/DSC01145.jpg","width":1000,"height":667},{"@type":"BreadcrumbList","@id":"https:\/\/www.montavistahouses.com\/product\/casa-loma-freila\/#breadcrumb","itemListElement":[{"@type":"ListItem","position":1,"name":"Home","item":"https:\/\/www.montavistahouses.com\/"},{"@type":"ListItem","position":2,"name":"Shop","item":"https:\/\/www.montavistahouses.com\/shop\/"},{"@type":"ListItem","position":3,"name":"Casa Loma Freila"}]},{"@type":"WebSite","@id":"https:\/\/www.montavistahouses.com\/#website","url":"https:\/\/www.montavistahouses.com\/","name":"Casas Montavista","description":"Casas Montavista","publisher":{"@id":"https:\/\/www.montavistahouses.com\/#organization"},"potentialAction":[{"@type":"SearchAction","target":{"@type":"EntryPoint","urlTemplate":"https:\/\/www.montavistahouses.com\/?s={search_term_string}"},"query-input":{"@type":"PropertyValueSpecification","valueRequired":true,"valueName":"search_term_string"}}],"inLanguage":"es"},{"@type":"Organization","@id":"https:\/\/www.montavistahouses.com\/#organization","name":"Casas Montavista","url":"https:\/\/www.montavistahouses.com\/","logo":{"@type":"ImageObject","inLanguage":"es","@id":"https:\/\/www.montavistahouses.com\/#\/schema\/logo\/image\/","url":"https:\/\/www.montavistahouses.com\/wp-content\/uploads\/2024\/09\/for_sale_baza_spain_Huis6.jpg","contentUrl":"https:\/\/www.montavistahouses.com\/wp-content\/uploads\/2024\/09\/for_sale_baza_spain_Huis6.jpg","width":1920,"height":1920,"caption":"Montavista Houses"},"image":{"@id":"https:\/\/www.montavistahouses.com\/#\/schema\/logo\/image\/"}}]}},"_links":{"self":[{"href":"https:\/\/www.montavistahouses.com\/es\/wp-json\/wp\/v2\/product\/1534"}],"collection":[{"href":"https:\/\/www.montavistahouses.com\/es\/wp-json\/wp\/v2\/product"}],"about":[{"href":"https:\/\/www.montavistahouses.com\/es\/wp-json\/wp\/v2\/types\/product"}],"replies":[{"embeddable":true,"href":"https:\/\/www.montavistahouses.com\/es\/wp-json\/wp\/v2\/comments?post=1534"}],"wp:featuredmedia":[{"embeddable":true,"href":"https:\/\/www.montavistahouses.com\/es\/wp-json\/wp\/v2\/media\/1566"}],"wp:attachment":[{"href":"https:\/\/www.montavistahouses.com\/es\/wp-json\/wp\/v2\/media?parent=1534"}],"wp:term":[{"taxonomy":"product_brand","embeddable":true,"href":"https:\/\/www.montavistahouses.com\/es\/wp-json\/wp\/v2\/product_brand?post=1534"},{"taxonomy":"product_cat","embeddable":true,"href":"https:\/\/www.montavistahouses.com\/es\/wp-json\/wp\/v2\/product_cat?post=1534"},{"taxonomy":"product_tag","embeddable":true,"href":"https:\/\/www.montavistahouses.com\/es\/wp-json\/wp\/v2\/product_tag?post=1534"}],"curies":[{"name":"wp","href":"https:\/\/api.w.org\/{rel}","templated":true}]}}