{"id":1021,"date":"2024-12-29T10:59:38","date_gmt":"2024-12-29T10:59:38","guid":{"rendered":"https:\/\/www.montavistahouses.com\/?post_type=product&#038;p=1021"},"modified":"2025-01-15T15:34:32","modified_gmt":"2025-01-15T15:34:32","slug":"cueva-de-freila","status":"publish","type":"product","link":"https:\/\/www.montavistahouses.com\/es\/producto\/cueva-de-freila\/","title":{"rendered":"Cueva de Freila"},"content":{"rendered":"<p>\u00a1Casa cueva en venta en Freila!<\/p>\n<p>Si busca una propiedad \u00fanica y acogedora en una zona tranquila, esta es su oportunidad. Situada a tan solo 300 metros de la iglesia de Freila, esta encantadora propiedad consta no solo de una casa cueva, sino tambi\u00e9n de una cueva adicional independiente, ideal como espacio de almacenamiento.<\/p>\n<p>Caracter\u00edsticas especiales:<\/p>\n<p>Ubicaci\u00f3n: Freila, a 300 metros de la iglesia.<br \/>\nPropiedad: Casa cueva con cueva adicional independiente.<br \/>\nEspacio de almacenamiento: Espacio perfecto para almacenamiento adicional.<br \/>\nConectividad: A tan s\u00f3lo 10 minutos de Baza y con f\u00e1cil acceso a la autov\u00eda A-92 que conecta Murcia con Granada y Almer\u00eda.<br \/>\nEntorno: Pueblo muy acogedor, perfecto para los que buscan tranquilidad y un estilo de vida especial.<\/p>\n<p>Las superficies de esta p\u00e1gina son descriptivas y aproximadas.<\/p>","protected":false},"excerpt":{"rendered":"<p>\u00a1Casa cueva en venta en Freila!<\/p>\n<p>Si busca una propiedad \u00fanica y acogedora en una zona tranquila, esta es su oportunidad. Situada a tan solo 300 metros de la iglesia de Freila, esta encantadora propiedad consta no solo de una casa cueva, sino tambi\u00e9n de una cueva adicional independiente, ideal como espacio de almacenamiento.<\/p>","protected":false},"featured_media":1022,"comment_status":"open","ping_status":"closed","template":"","meta":{"_acf_changed":false,"inline_featured_image":false},"product_brand":[],"product_cat":[30,27],"product_tag":[26,33,37,38,36,23],"class_list":{"0":"post-1021","1":"product","2":"type-product","3":"status-publish","4":"has-post-thumbnail","6":"product_cat-aanbod","7":"product_cat-properties-woocommerce","8":"product_tag-2-badkamers","9":"product_tag-3-slaapkamers","10":"product_tag-cueva","11":"product_tag-freila","12":"product_tag-grotwoning","13":"product_tag-spanje","15":"first","16":"instock","17":"shipping-taxable","18":"purchasable","19":"product-type-simple"},"acf":[],"yoast_head":"<!-- This site is optimized with the Yoast SEO plugin v25.6 - https:\/\/yoast.com\/wordpress\/plugins\/seo\/ -->\n<title>Cueva de Freila - Montavista Houses<\/title>\n<meta name=\"robots\" content=\"index, follow, max-snippet:-1, max-image-preview:large, max-video-preview:-1\" \/>\n<link rel=\"canonical\" href=\"https:\/\/www.montavistahouses.com\/es\/producto\/cueva-de-freila\/\" \/>\n<meta property=\"og:locale\" content=\"es_ES\" \/>\n<meta property=\"og:type\" content=\"article\" \/>\n<meta property=\"og:title\" content=\"Cueva de Freila - Montavista Houses\" \/>\n<meta property=\"og:description\" content=\"Grotwoning te koop in Freila!  Als je op zoek bent naar een unieke en gezellige woning in een rustige omgeving, dan is dit je kans. Dit charmante pand ligt op slechts 300 meter van de kerk van Freila en omvat niet alleen een grotwoning, maar ook een extra onafhankelijke grot, ideaal voor gebruik als opslagruimte.\" \/>\n<meta property=\"og:url\" content=\"https:\/\/www.montavistahouses.com\/es\/producto\/cueva-de-freila\/\" \/>\n<meta property=\"og:site_name\" content=\"Montavista Houses\" \/>\n<meta property=\"article:modified_time\" content=\"2025-01-15T15:34:32+00:00\" \/>\n<meta property=\"og:image\" content=\"https:\/\/www.montavistahouses.com\/wp-content\/uploads\/2024\/12\/GAM9264.jpg\" \/>\n\t<meta property=\"og:image:width\" content=\"1000\" \/>\n\t<meta property=\"og:image:height\" content=\"771\" \/>\n\t<meta property=\"og:image:type\" content=\"image\/jpeg\" \/>\n<meta name=\"twitter:card\" content=\"summary_large_image\" \/>\n<meta name=\"twitter:label1\" content=\"Tiempo de lectura\" \/>\n\t<meta name=\"twitter:data1\" content=\"1 minuto\" \/>\n<script type=\"application\/ld+json\" class=\"yoast-schema-graph\">{\"@context\":\"https:\/\/schema.org\",\"@graph\":[{\"@type\":\"WebPage\",\"@id\":\"https:\/\/www.montavistahouses.com\/en\/product\/cueva-de-freila\/\",\"url\":\"https:\/\/www.montavistahouses.com\/en\/product\/cueva-de-freila\/\",\"name\":\"Cueva de Freila - Montavista Houses\",\"isPartOf\":{\"@id\":\"https:\/\/www.montavistahouses.com\/#website\"},\"primaryImageOfPage\":{\"@id\":\"https:\/\/www.montavistahouses.com\/en\/product\/cueva-de-freila\/#primaryimage\"},\"image\":{\"@id\":\"https:\/\/www.montavistahouses.com\/en\/product\/cueva-de-freila\/#primaryimage\"},\"thumbnailUrl\":\"https:\/\/www.montavistahouses.com\/wp-content\/uploads\/2024\/12\/GAM9264.jpg\",\"datePublished\":\"2024-12-29T10:59:38+00:00\",\"dateModified\":\"2025-01-15T15:34:32+00:00\",\"breadcrumb\":{\"@id\":\"https:\/\/www.montavistahouses.com\/en\/product\/cueva-de-freila\/#breadcrumb\"},\"inLanguage\":\"es\",\"potentialAction\":[{\"@type\":\"ReadAction\",\"target\":[\"https:\/\/www.montavistahouses.com\/en\/product\/cueva-de-freila\/\"]}]},{\"@type\":\"ImageObject\",\"inLanguage\":\"es\",\"@id\":\"https:\/\/www.montavistahouses.com\/en\/product\/cueva-de-freila\/#primaryimage\",\"url\":\"https:\/\/www.montavistahouses.com\/wp-content\/uploads\/2024\/12\/GAM9264.jpg\",\"contentUrl\":\"https:\/\/www.montavistahouses.com\/wp-content\/uploads\/2024\/12\/GAM9264.jpg\",\"width\":1000,\"height\":771},{\"@type\":\"BreadcrumbList\",\"@id\":\"https:\/\/www.montavistahouses.com\/en\/product\/cueva-de-freila\/#breadcrumb\",\"itemListElement\":[{\"@type\":\"ListItem\",\"position\":1,\"name\":\"Home\",\"item\":\"https:\/\/www.montavistahouses.com\/\"},{\"@type\":\"ListItem\",\"position\":2,\"name\":\"Shop\",\"item\":\"https:\/\/www.montavistahouses.com\/shop\/\"},{\"@type\":\"ListItem\",\"position\":3,\"name\":\"Cueva de Freila\"}]},{\"@type\":\"WebSite\",\"@id\":\"https:\/\/www.montavistahouses.com\/#website\",\"url\":\"https:\/\/www.montavistahouses.com\/\",\"name\":\"Montavista Houses\",\"description\":\"Montavista Houses\",\"publisher\":{\"@id\":\"https:\/\/www.montavistahouses.com\/#organization\"},\"potentialAction\":[{\"@type\":\"SearchAction\",\"target\":{\"@type\":\"EntryPoint\",\"urlTemplate\":\"https:\/\/www.montavistahouses.com\/?s={search_term_string}\"},\"query-input\":{\"@type\":\"PropertyValueSpecification\",\"valueRequired\":true,\"valueName\":\"search_term_string\"}}],\"inLanguage\":\"es\"},{\"@type\":\"Organization\",\"@id\":\"https:\/\/www.montavistahouses.com\/#organization\",\"name\":\"Montavista Houses\",\"url\":\"https:\/\/www.montavistahouses.com\/\",\"logo\":{\"@type\":\"ImageObject\",\"inLanguage\":\"es\",\"@id\":\"https:\/\/www.montavistahouses.com\/#\/schema\/logo\/image\/\",\"url\":\"https:\/\/www.montavistahouses.com\/wp-content\/uploads\/2024\/09\/for_sale_baza_spain_Huis6.jpg\",\"contentUrl\":\"https:\/\/www.montavistahouses.com\/wp-content\/uploads\/2024\/09\/for_sale_baza_spain_Huis6.jpg\",\"width\":1920,\"height\":1920,\"caption\":\"Montavista Houses\"},\"image\":{\"@id\":\"https:\/\/www.montavistahouses.com\/#\/schema\/logo\/image\/\"}}]}<\/script>\n<!-- \/ Yoast SEO plugin. -->","yoast_head_json":{"title":"Cueva de Freila - Montavista Houses","robots":{"index":"index","follow":"follow","max-snippet":"max-snippet:-1","max-image-preview":"max-image-preview:large","max-video-preview":"max-video-preview:-1"},"canonical":"https:\/\/www.montavistahouses.com\/es\/producto\/cueva-de-freila\/","og_locale":"es_ES","og_type":"article","og_title":"Cueva de Freila - Montavista Houses","og_description":"Grotwoning te koop in Freila!  Als je op zoek bent naar een unieke en gezellige woning in een rustige omgeving, dan is dit je kans. Dit charmante pand ligt op slechts 300 meter van de kerk van Freila en omvat niet alleen een grotwoning, maar ook een extra onafhankelijke grot, ideaal voor gebruik als opslagruimte.","og_url":"https:\/\/www.montavistahouses.com\/es\/producto\/cueva-de-freila\/","og_site_name":"Montavista Houses","article_modified_time":"2025-01-15T15:34:32+00:00","og_image":[{"width":1000,"height":771,"url":"https:\/\/www.montavistahouses.com\/wp-content\/uploads\/2024\/12\/GAM9264.jpg","type":"image\/jpeg"}],"twitter_card":"summary_large_image","twitter_misc":{"Tiempo de lectura":"1 minuto"},"schema":{"@context":"https:\/\/schema.org","@graph":[{"@type":"WebPage","@id":"https:\/\/www.montavistahouses.com\/en\/product\/cueva-de-freila\/","url":"https:\/\/www.montavistahouses.com\/en\/product\/cueva-de-freila\/","name":"Cueva de Freila - Montavista Houses","isPartOf":{"@id":"https:\/\/www.montavistahouses.com\/#website"},"primaryImageOfPage":{"@id":"https:\/\/www.montavistahouses.com\/en\/product\/cueva-de-freila\/#primaryimage"},"image":{"@id":"https:\/\/www.montavistahouses.com\/en\/product\/cueva-de-freila\/#primaryimage"},"thumbnailUrl":"https:\/\/www.montavistahouses.com\/wp-content\/uploads\/2024\/12\/GAM9264.jpg","datePublished":"2024-12-29T10:59:38+00:00","dateModified":"2025-01-15T15:34:32+00:00","breadcrumb":{"@id":"https:\/\/www.montavistahouses.com\/en\/product\/cueva-de-freila\/#breadcrumb"},"inLanguage":"es","potentialAction":[{"@type":"ReadAction","target":["https:\/\/www.montavistahouses.com\/en\/product\/cueva-de-freila\/"]}]},{"@type":"ImageObject","inLanguage":"es","@id":"https:\/\/www.montavistahouses.com\/en\/product\/cueva-de-freila\/#primaryimage","url":"https:\/\/www.montavistahouses.com\/wp-content\/uploads\/2024\/12\/GAM9264.jpg","contentUrl":"https:\/\/www.montavistahouses.com\/wp-content\/uploads\/2024\/12\/GAM9264.jpg","width":1000,"height":771},{"@type":"BreadcrumbList","@id":"https:\/\/www.montavistahouses.com\/en\/product\/cueva-de-freila\/#breadcrumb","itemListElement":[{"@type":"ListItem","position":1,"name":"Home","item":"https:\/\/www.montavistahouses.com\/"},{"@type":"ListItem","position":2,"name":"Shop","item":"https:\/\/www.montavistahouses.com\/shop\/"},{"@type":"ListItem","position":3,"name":"Cueva de Freila"}]},{"@type":"WebSite","@id":"https:\/\/www.montavistahouses.com\/#website","url":"https:\/\/www.montavistahouses.com\/","name":"Casas Montavista","description":"Casas Montavista","publisher":{"@id":"https:\/\/www.montavistahouses.com\/#organization"},"potentialAction":[{"@type":"SearchAction","target":{"@type":"EntryPoint","urlTemplate":"https:\/\/www.montavistahouses.com\/?s={search_term_string}"},"query-input":{"@type":"PropertyValueSpecification","valueRequired":true,"valueName":"search_term_string"}}],"inLanguage":"es"},{"@type":"Organization","@id":"https:\/\/www.montavistahouses.com\/#organization","name":"Casas Montavista","url":"https:\/\/www.montavistahouses.com\/","logo":{"@type":"ImageObject","inLanguage":"es","@id":"https:\/\/www.montavistahouses.com\/#\/schema\/logo\/image\/","url":"https:\/\/www.montavistahouses.com\/wp-content\/uploads\/2024\/09\/for_sale_baza_spain_Huis6.jpg","contentUrl":"https:\/\/www.montavistahouses.com\/wp-content\/uploads\/2024\/09\/for_sale_baza_spain_Huis6.jpg","width":1920,"height":1920,"caption":"Montavista Houses"},"image":{"@id":"https:\/\/www.montavistahouses.com\/#\/schema\/logo\/image\/"}}]}},"_links":{"self":[{"href":"https:\/\/www.montavistahouses.com\/es\/wp-json\/wp\/v2\/product\/1021"}],"collection":[{"href":"https:\/\/www.montavistahouses.com\/es\/wp-json\/wp\/v2\/product"}],"about":[{"href":"https:\/\/www.montavistahouses.com\/es\/wp-json\/wp\/v2\/types\/product"}],"replies":[{"embeddable":true,"href":"https:\/\/www.montavistahouses.com\/es\/wp-json\/wp\/v2\/comments?post=1021"}],"wp:featuredmedia":[{"embeddable":true,"href":"https:\/\/www.montavistahouses.com\/es\/wp-json\/wp\/v2\/media\/1022"}],"wp:attachment":[{"href":"https:\/\/www.montavistahouses.com\/es\/wp-json\/wp\/v2\/media?parent=1021"}],"wp:term":[{"taxonomy":"product_brand","embeddable":true,"href":"https:\/\/www.montavistahouses.com\/es\/wp-json\/wp\/v2\/product_brand?post=1021"},{"taxonomy":"product_cat","embeddable":true,"href":"https:\/\/www.montavistahouses.com\/es\/wp-json\/wp\/v2\/product_cat?post=1021"},{"taxonomy":"product_tag","embeddable":true,"href":"https:\/\/www.montavistahouses.com\/es\/wp-json\/wp\/v2\/product_tag?post=1021"}],"curies":[{"name":"wp","href":"https:\/\/api.w.org\/{rel}","templated":true}]}}