{"id":328,"date":"2024-09-29T13:14:29","date_gmt":"2024-09-29T13:14:29","guid":{"rendered":"https:\/\/www.montavistahouses.com\/?post_type=product&#038;p=328"},"modified":"2025-03-20T15:47:04","modified_gmt":"2025-03-20T15:47:04","slug":"cortijo-campo-de-caniles","status":"publish","type":"product","link":"http:\/\/www.montavistahouses.com\/es\/producto\/cortijo-campo-de-caniles\/","title":{"rendered":"Cortijo Campo de Caniles"},"content":{"rendered":"<p><strong>VENDIDO \/ \u00a1\u00a1\u00a1VENDIDO!!!<\/strong><\/p>\n<p>&nbsp;<\/p>\n<p>\u00a1Casa de ensue\u00f1o con vistas panor\u00e1micas a la monta\u00f1a!<\/p>\n<p>Rel\u00e1jese en este precioso Cortijo, situado en la zona rural de Caniles, un pueblo id\u00edlico en las colinas de la Sierra de Baza en Andaluc\u00eda, Espa\u00f1a. Esta casa \u00fanica ofrece unas vistas inolvidables de las impresionantes monta\u00f1as de los alrededores.<\/p>\n<p>La casa, construida en estilo tradicional andaluz, tiene una superficie habitable de 128 m2 y est\u00e1 situada en una parcela de 850 m2. Consta de:<br \/>\n- 3 habitaciones<br \/>\n- 2 ba\u00f1os<br \/>\n- Sal\u00f3n con chimenea<br \/>\n- Cocina totalmente equipada<br \/>\n- Terraza con vistas panor\u00e1micas a la monta\u00f1a<\/p>\n<p>Disfrute de la tranquilidad y de un bello entorno natural. Ideal para aquellos que buscan un lugar para desconectar o una casa de vacaciones. A tan solo 15 minutos de la ciudad de Baza y a 1 hora de Granada.<\/p>\n<p>Precio de venta: 149.000 euros.<\/p>\n<p>La playa est\u00e1 a 1 hora en coche, el aeropuerto de Granada a 1 hora en coche. El hospital est\u00e1 a 15 minutos en coche (Baza).<br \/>\nTambi\u00e9n hay varias actividades para realizar en la zona, como ciclismo, senderismo, descubrir la diversidad paisaj\u00edstica de la zona, Playa de Freila, Sierra de Baza (Parque Natural), monta\u00f1a Jabalc\u00f3n con ba\u00f1os naturales de agua caliente, cenas, Balnearios, Observatorio, Museos, zonas de naturaleza y fauna (incluyendo observaci\u00f3n de aves) y a 1 hora en coche se puede esquiar en Sierra Nevada en invierno. A 15 minutos en coche est\u00e1 la hist\u00f3rica ciudad de Baza equipada con hospital, dentistas, muchos supermercados, restaurantes, teatro, cine, varias tiendas para ir de compras, as\u00ed como tiendas de bricolaje, etc.<\/p>\n<p><strong>Particulares:<\/strong><\/p>\n<ul>\n<li>Superficie habitable 128 m2<\/li>\n<li>Parcela 850 m2<\/li>\n<li>Anexo 16 m2<\/li>\n<li>Agua de la red p\u00fablica<\/li>\n<li>Electricidad a trav\u00e9s de la compa\u00f1\u00eda el\u00e9ctrica<\/li>\n<li>La fachada de la casa est\u00e1 orientada al sur\/oeste<\/li>\n<li>N\u00famero de habitaciones 3<\/li>\n<li>N\u00famero de ba\u00f1os 2<\/li>\n<li>Suministro de calor: calefactores de paletas y calefacci\u00f3n el\u00e9ctrica<\/li>\n<li>Aire acondicionado (cocina)<\/li>\n<li>Cobertura de telefon\u00eda m\u00f3vil e Internet<\/li>\n<li>Internet posible<\/li>\n<li>Inventario por acuerdo<\/li>\n<li>Aceptaci\u00f3n en consulta<\/li>\n<\/ul>","protected":false},"excerpt":{"rendered":"<p>Oportunidad \u00fanica en Caniles cerca de Baza<\/p>\n<p>Caracter\u00edsticas:<br \/>\n- Preciosa parcela de 850 m2<br \/>\n- Magn\u00edficas vistas<br \/>\n- La propiedad requiere cierta atenci\u00f3n en su estado actual<\/p>\n<p>Una oportunidad excepcional para crear su propio refugio rural en Andaluc\u00eda. Este Cortijo ofrece la posibilidad de personalizarlo a su gusto, con precioso jard\u00edn e impresionantes vistas. Situado en el encantador municipio de Caniles, cerca de la ciudad de Baza, este es un lugar ideal para disfrutar de la aut\u00e9ntica vida rural espa\u00f1ola.<\/p>\n<p>P\u00f3ngase en contacto con nosotros hoy mismo para obtener m\u00e1s informaci\u00f3n sobre esta oportunidad \u00fanica.<\/p>","protected":false},"featured_media":1094,"comment_status":"open","ping_status":"closed","template":"","meta":{"_acf_changed":false,"inline_featured_image":false},"product_brand":[],"product_cat":[30,27],"product_tag":[26,33,34,35,23],"class_list":{"0":"post-328","1":"product","2":"type-product","3":"status-publish","4":"has-post-thumbnail","6":"product_cat-aanbod","7":"product_cat-properties-woocommerce","8":"product_tag-2-badkamers","9":"product_tag-3-slaapkamers","10":"product_tag-caniles","11":"product_tag-cortijo","12":"product_tag-spanje","14":"first","15":"instock","16":"shipping-taxable","17":"purchasable","18":"product-type-simple"},"acf":[],"yoast_head":"<!-- This site is optimized with the Yoast SEO plugin v25.6 - https:\/\/yoast.com\/wordpress\/plugins\/seo\/ -->\n<title>Cortijo Campo de Caniles - Montavista Houses<\/title>\n<meta name=\"description\" content=\"Droomhuis met panoramisch uitzicht op de bergen!Kom tot rust in deze prachtige Cortijo, gelegen in het landelijke Caniles, een idyllisch dorpje in de heuvels van de Sierra de Baza in Andalusi\u00eb, Spanje. Dit unieke huis biedt een onvergetelijk uitzicht op de indrukwekkende omliggende bergen.\" \/>\n<meta name=\"robots\" content=\"index, follow, max-snippet:-1, max-image-preview:large, max-video-preview:-1\" \/>\n<link rel=\"canonical\" href=\"http:\/\/www.montavistahouses.com\/es\/producto\/cortijo-campo-de-caniles\/\" \/>\n<meta property=\"og:locale\" content=\"es_ES\" \/>\n<meta property=\"og:type\" content=\"article\" \/>\n<meta property=\"og:title\" content=\"Cortijo Campo de Caniles - Montavista Houses\" \/>\n<meta property=\"og:description\" content=\"Droomhuis met panoramisch uitzicht op de bergen!Kom tot rust in deze prachtige Cortijo, gelegen in het landelijke Caniles, een idyllisch dorpje in de heuvels van de Sierra de Baza in Andalusi\u00eb, Spanje. Dit unieke huis biedt een onvergetelijk uitzicht op de indrukwekkende omliggende bergen.\" \/>\n<meta property=\"og:url\" content=\"http:\/\/www.montavistahouses.com\/es\/producto\/cortijo-campo-de-caniles\/\" \/>\n<meta property=\"og:site_name\" content=\"Montavista Houses\" \/>\n<meta property=\"article:modified_time\" content=\"2025-03-20T15:47:04+00:00\" \/>\n<meta property=\"og:image\" content=\"http:\/\/www.montavistahouses.com\/wp-content\/uploads\/2025\/01\/verkocht-1.jpg\" \/>\n\t<meta property=\"og:image:width\" content=\"1000\" \/>\n\t<meta property=\"og:image:height\" content=\"667\" \/>\n\t<meta property=\"og:image:type\" content=\"image\/jpeg\" \/>\n<meta name=\"twitter:card\" content=\"summary_large_image\" \/>\n<meta name=\"twitter:label1\" content=\"Tiempo de lectura\" \/>\n\t<meta name=\"twitter:data1\" content=\"2 minutos\" \/>\n<script type=\"application\/ld+json\" class=\"yoast-schema-graph\">{\"@context\":\"https:\/\/schema.org\",\"@graph\":[{\"@type\":\"WebPage\",\"@id\":\"http:\/\/www.montavistahouses.com\/en\/product\/cortijo-campo-de-caniles\/\",\"url\":\"http:\/\/www.montavistahouses.com\/en\/product\/cortijo-campo-de-caniles\/\",\"name\":\"Cortijo Campo de Caniles - Montavista Houses\",\"isPartOf\":{\"@id\":\"https:\/\/www.montavistahouses.com\/#website\"},\"primaryImageOfPage\":{\"@id\":\"http:\/\/www.montavistahouses.com\/en\/product\/cortijo-campo-de-caniles\/#primaryimage\"},\"image\":{\"@id\":\"http:\/\/www.montavistahouses.com\/en\/product\/cortijo-campo-de-caniles\/#primaryimage\"},\"thumbnailUrl\":\"http:\/\/www.montavistahouses.com\/wp-content\/uploads\/2025\/01\/verkocht-1.jpg\",\"datePublished\":\"2024-09-29T13:14:29+00:00\",\"dateModified\":\"2025-03-20T15:47:04+00:00\",\"description\":\"Droomhuis met panoramisch uitzicht op de bergen!Kom tot rust in deze prachtige Cortijo, gelegen in het landelijke Caniles, een idyllisch dorpje in de heuvels van de Sierra de Baza in Andalusi\u00eb, Spanje. Dit unieke huis biedt een onvergetelijk uitzicht op de indrukwekkende omliggende bergen.\",\"breadcrumb\":{\"@id\":\"http:\/\/www.montavistahouses.com\/en\/product\/cortijo-campo-de-caniles\/#breadcrumb\"},\"inLanguage\":\"es\",\"potentialAction\":[{\"@type\":\"ReadAction\",\"target\":[\"http:\/\/www.montavistahouses.com\/en\/product\/cortijo-campo-de-caniles\/\"]}]},{\"@type\":\"ImageObject\",\"inLanguage\":\"es\",\"@id\":\"http:\/\/www.montavistahouses.com\/en\/product\/cortijo-campo-de-caniles\/#primaryimage\",\"url\":\"http:\/\/www.montavistahouses.com\/wp-content\/uploads\/2025\/01\/verkocht-1.jpg\",\"contentUrl\":\"http:\/\/www.montavistahouses.com\/wp-content\/uploads\/2025\/01\/verkocht-1.jpg\",\"width\":1000,\"height\":667},{\"@type\":\"BreadcrumbList\",\"@id\":\"http:\/\/www.montavistahouses.com\/en\/product\/cortijo-campo-de-caniles\/#breadcrumb\",\"itemListElement\":[{\"@type\":\"ListItem\",\"position\":1,\"name\":\"Home\",\"item\":\"https:\/\/www.montavistahouses.com\/\"},{\"@type\":\"ListItem\",\"position\":2,\"name\":\"Shop\",\"item\":\"https:\/\/www.montavistahouses.com\/shop\/\"},{\"@type\":\"ListItem\",\"position\":3,\"name\":\"Cortijo Campo de Caniles\"}]},{\"@type\":\"WebSite\",\"@id\":\"https:\/\/www.montavistahouses.com\/#website\",\"url\":\"https:\/\/www.montavistahouses.com\/\",\"name\":\"Montavista Houses\",\"description\":\"Montavista Houses\",\"publisher\":{\"@id\":\"https:\/\/www.montavistahouses.com\/#organization\"},\"potentialAction\":[{\"@type\":\"SearchAction\",\"target\":{\"@type\":\"EntryPoint\",\"urlTemplate\":\"https:\/\/www.montavistahouses.com\/?s={search_term_string}\"},\"query-input\":{\"@type\":\"PropertyValueSpecification\",\"valueRequired\":true,\"valueName\":\"search_term_string\"}}],\"inLanguage\":\"es\"},{\"@type\":\"Organization\",\"@id\":\"https:\/\/www.montavistahouses.com\/#organization\",\"name\":\"Montavista Houses\",\"url\":\"https:\/\/www.montavistahouses.com\/\",\"logo\":{\"@type\":\"ImageObject\",\"inLanguage\":\"es\",\"@id\":\"https:\/\/www.montavistahouses.com\/#\/schema\/logo\/image\/\",\"url\":\"https:\/\/www.montavistahouses.com\/wp-content\/uploads\/2024\/09\/for_sale_baza_spain_Huis6.jpg\",\"contentUrl\":\"https:\/\/www.montavistahouses.com\/wp-content\/uploads\/2024\/09\/for_sale_baza_spain_Huis6.jpg\",\"width\":1920,\"height\":1920,\"caption\":\"Montavista Houses\"},\"image\":{\"@id\":\"https:\/\/www.montavistahouses.com\/#\/schema\/logo\/image\/\"}}]}<\/script>\n<!-- \/ Yoast SEO plugin. -->","yoast_head_json":{"title":"Cortijo Campo de Caniles - Montavista Houses","description":"Droomhuis met panoramisch uitzicht op de bergen!Kom tot rust in deze prachtige Cortijo, gelegen in het landelijke Caniles, een idyllisch dorpje in de heuvels van de Sierra de Baza in Andalusi\u00eb, Spanje. Dit unieke huis biedt een onvergetelijk uitzicht op de indrukwekkende omliggende bergen.","robots":{"index":"index","follow":"follow","max-snippet":"max-snippet:-1","max-image-preview":"max-image-preview:large","max-video-preview":"max-video-preview:-1"},"canonical":"http:\/\/www.montavistahouses.com\/es\/producto\/cortijo-campo-de-caniles\/","og_locale":"es_ES","og_type":"article","og_title":"Cortijo Campo de Caniles - Montavista Houses","og_description":"Droomhuis met panoramisch uitzicht op de bergen!Kom tot rust in deze prachtige Cortijo, gelegen in het landelijke Caniles, een idyllisch dorpje in de heuvels van de Sierra de Baza in Andalusi\u00eb, Spanje. Dit unieke huis biedt een onvergetelijk uitzicht op de indrukwekkende omliggende bergen.","og_url":"http:\/\/www.montavistahouses.com\/es\/producto\/cortijo-campo-de-caniles\/","og_site_name":"Montavista Houses","article_modified_time":"2025-03-20T15:47:04+00:00","og_image":[{"width":1000,"height":667,"url":"http:\/\/www.montavistahouses.com\/wp-content\/uploads\/2025\/01\/verkocht-1.jpg","type":"image\/jpeg"}],"twitter_card":"summary_large_image","twitter_misc":{"Tiempo de lectura":"2 minutos"},"schema":{"@context":"https:\/\/schema.org","@graph":[{"@type":"WebPage","@id":"http:\/\/www.montavistahouses.com\/en\/product\/cortijo-campo-de-caniles\/","url":"http:\/\/www.montavistahouses.com\/en\/product\/cortijo-campo-de-caniles\/","name":"Cortijo Campo de Caniles - Montavista Houses","isPartOf":{"@id":"https:\/\/www.montavistahouses.com\/#website"},"primaryImageOfPage":{"@id":"http:\/\/www.montavistahouses.com\/en\/product\/cortijo-campo-de-caniles\/#primaryimage"},"image":{"@id":"http:\/\/www.montavistahouses.com\/en\/product\/cortijo-campo-de-caniles\/#primaryimage"},"thumbnailUrl":"http:\/\/www.montavistahouses.com\/wp-content\/uploads\/2025\/01\/verkocht-1.jpg","datePublished":"2024-09-29T13:14:29+00:00","dateModified":"2025-03-20T15:47:04+00:00","description":"Droomhuis met panoramisch uitzicht op de bergen!Kom tot rust in deze prachtige Cortijo, gelegen in het landelijke Caniles, een idyllisch dorpje in de heuvels van de Sierra de Baza in Andalusi\u00eb, Spanje. Dit unieke huis biedt een onvergetelijk uitzicht op de indrukwekkende omliggende bergen.","breadcrumb":{"@id":"http:\/\/www.montavistahouses.com\/en\/product\/cortijo-campo-de-caniles\/#breadcrumb"},"inLanguage":"es","potentialAction":[{"@type":"ReadAction","target":["http:\/\/www.montavistahouses.com\/en\/product\/cortijo-campo-de-caniles\/"]}]},{"@type":"ImageObject","inLanguage":"es","@id":"http:\/\/www.montavistahouses.com\/en\/product\/cortijo-campo-de-caniles\/#primaryimage","url":"http:\/\/www.montavistahouses.com\/wp-content\/uploads\/2025\/01\/verkocht-1.jpg","contentUrl":"http:\/\/www.montavistahouses.com\/wp-content\/uploads\/2025\/01\/verkocht-1.jpg","width":1000,"height":667},{"@type":"BreadcrumbList","@id":"http:\/\/www.montavistahouses.com\/en\/product\/cortijo-campo-de-caniles\/#breadcrumb","itemListElement":[{"@type":"ListItem","position":1,"name":"Home","item":"https:\/\/www.montavistahouses.com\/"},{"@type":"ListItem","position":2,"name":"Shop","item":"https:\/\/www.montavistahouses.com\/shop\/"},{"@type":"ListItem","position":3,"name":"Cortijo Campo de Caniles"}]},{"@type":"WebSite","@id":"https:\/\/www.montavistahouses.com\/#website","url":"https:\/\/www.montavistahouses.com\/","name":"Casas Montavista","description":"Casas Montavista","publisher":{"@id":"https:\/\/www.montavistahouses.com\/#organization"},"potentialAction":[{"@type":"SearchAction","target":{"@type":"EntryPoint","urlTemplate":"https:\/\/www.montavistahouses.com\/?s={search_term_string}"},"query-input":{"@type":"PropertyValueSpecification","valueRequired":true,"valueName":"search_term_string"}}],"inLanguage":"es"},{"@type":"Organization","@id":"https:\/\/www.montavistahouses.com\/#organization","name":"Casas Montavista","url":"https:\/\/www.montavistahouses.com\/","logo":{"@type":"ImageObject","inLanguage":"es","@id":"https:\/\/www.montavistahouses.com\/#\/schema\/logo\/image\/","url":"https:\/\/www.montavistahouses.com\/wp-content\/uploads\/2024\/09\/for_sale_baza_spain_Huis6.jpg","contentUrl":"https:\/\/www.montavistahouses.com\/wp-content\/uploads\/2024\/09\/for_sale_baza_spain_Huis6.jpg","width":1920,"height":1920,"caption":"Montavista Houses"},"image":{"@id":"https:\/\/www.montavistahouses.com\/#\/schema\/logo\/image\/"}}]}},"_links":{"self":[{"href":"http:\/\/www.montavistahouses.com\/es\/wp-json\/wp\/v2\/product\/328"}],"collection":[{"href":"http:\/\/www.montavistahouses.com\/es\/wp-json\/wp\/v2\/product"}],"about":[{"href":"http:\/\/www.montavistahouses.com\/es\/wp-json\/wp\/v2\/types\/product"}],"replies":[{"embeddable":true,"href":"http:\/\/www.montavistahouses.com\/es\/wp-json\/wp\/v2\/comments?post=328"}],"wp:featuredmedia":[{"embeddable":true,"href":"http:\/\/www.montavistahouses.com\/es\/wp-json\/wp\/v2\/media\/1094"}],"wp:attachment":[{"href":"http:\/\/www.montavistahouses.com\/es\/wp-json\/wp\/v2\/media?parent=328"}],"wp:term":[{"taxonomy":"product_brand","embeddable":true,"href":"http:\/\/www.montavistahouses.com\/es\/wp-json\/wp\/v2\/product_brand?post=328"},{"taxonomy":"product_cat","embeddable":true,"href":"http:\/\/www.montavistahouses.com\/es\/wp-json\/wp\/v2\/product_cat?post=328"},{"taxonomy":"product_tag","embeddable":true,"href":"http:\/\/www.montavistahouses.com\/es\/wp-json\/wp\/v2\/product_tag?post=328"}],"curies":[{"name":"wp","href":"https:\/\/api.w.org\/{rel}","templated":true}]}}