{"id":214,"date":"2024-11-28T13:46:30","date_gmt":"2024-11-28T13:46:30","guid":{"rendered":"https:\/\/www.montavistahouses.com\/?post_type=product&#038;p=214"},"modified":"2025-10-02T13:40:19","modified_gmt":"2025-10-02T13:40:19","slug":"casa-en-caniles","status":"publish","type":"product","link":"http:\/\/www.montavistahouses.com\/es\/producto\/casa-en-caniles\/","title":{"rendered":"Casa en Caniles"},"content":{"rendered":"<p>Dos casas por el precio de una. Situadas entre Baza y Caniles, estas casas ofrecen un entorno tranquilo y pintoresco, perfecto para quienes buscan la tranquilidad de la naturaleza o alquilar una casa rural. Con luz y agua independientes, cada casa tiene escrituras y parcelas de 6.000 m\u00b2, totalizando 12.000 m\u00b2 de terreno.<\/p>\n<p>Casa de campo 1:<\/p>\n<p>Superficie construida: 144 m\u00b2 en una planta<br \/>\n6 habitaciones y 3 ba\u00f1os<br \/>\nConstruido en 1984, en excelente estado<br \/>\nAcogedora chimenea para las noches frescas<br \/>\nAmplio jard\u00edn para relajarse en plena naturaleza<\/p>\n<p>Casa rural 2:<\/p>\n<p>Superficie similar, lista para personalizar<br \/>\nInstalaciones preparadas para adaptarse a sus necesidades<br \/>\nAdem\u00e1s, ambas propiedades cuentan con un bosque de \u00e1lamos de 3 a\u00f1os y un manantial, ideales para mantener jardines y cultivos en perfecto estado.<\/p>\n<p>Entorno ideal para el turismo rural: Situadas en el coto de caza de Caniles, estas casas rurales est\u00e1n rodeadas de actividades para disfrutar y compartir con sus hu\u00e9spedes: senderismo, rutas a caballo, el Geoparque del Altiplano Granadino, visitas a edificios hist\u00f3ricos y ba\u00f1os termales a tan s\u00f3lo 17 km.<\/p>\n<p>\u00a1Una oportunidad incre\u00edble para proyectos agr\u00edcolas, recreativos o su propio retiro en plena naturaleza!<\/p>\n<p>P\u00f3ngase en contacto con nosotros hoy mismo para obtener m\u00e1s informaci\u00f3n o concertar una visita.<\/p>\n<p>P\u00f3ngase en contacto con nosotros hoy mismo para obtener m\u00e1s informaci\u00f3n y concertar una visita.<\/p>\n<p>El PVP indicado no incluye impuestos, tasas de matriculaci\u00f3n ni honorarios de agencia. Las superficies de esta p\u00e1gina son descriptivas y aproximadas. Los precios est\u00e1n sujetos a cambios sin previo aviso*.<\/p>","protected":false},"excerpt":{"rendered":"<p>Dos casas por el precio de una. Situadas entre Baza y Caniles, estas casas ofrecen un entorno tranquilo y pintoresco, perfecto para quienes buscan la tranquilidad de la naturaleza o alquilar una casa rural. Con luz y agua independientes, cada casa tiene escrituras y parcelas de 6.000 m\u00b2, totalizando 12.000 m\u00b2 de terreno.<\/p>","protected":false},"featured_media":992,"comment_status":"open","ping_status":"closed","template":"","meta":{"_acf_changed":false,"inline_featured_image":false},"product_brand":[],"product_cat":[30,27],"product_tag":[39,40,34,23],"class_list":{"0":"post-214","1":"product","2":"type-product","3":"status-publish","4":"has-post-thumbnail","6":"product_cat-aanbod","7":"product_cat-properties-woocommerce","8":"product_tag-3-badkamers","9":"product_tag-6-slaapkamers","10":"product_tag-caniles","11":"product_tag-spanje","13":"first","14":"instock","15":"shipping-taxable","16":"purchasable","17":"product-type-simple"},"acf":[],"yoast_head":"<!-- This site is optimized with the Yoast SEO plugin v25.6 - https:\/\/yoast.com\/wordpress\/plugins\/seo\/ -->\n<title>Casa en Caniles - Montavista Houses<\/title>\n<meta name=\"robots\" content=\"index, follow, max-snippet:-1, max-image-preview:large, max-video-preview:-1\" \/>\n<link rel=\"canonical\" href=\"https:\/\/www.montavistahouses.com\/es\/producto\/casa-en-caniles\/\" \/>\n<meta property=\"og:locale\" content=\"es_ES\" \/>\n<meta property=\"og:type\" content=\"article\" \/>\n<meta property=\"og:title\" content=\"Casa en Caniles - Montavista Houses\" \/>\n<meta property=\"og:description\" content=\"Twee huizen voor de prijs van een.\u00a0Deze huizen liggen tussen Baza en Caniles en bieden een rustige en pittoreske omgeving, perfect voor wie op zoek is naar de rust van de natuur of een landelijk huis wil verhuren. Met onafhankelijke elektriciteit en water, heeft elk huis eigendomsbewijzen en percelen van 6.000 m\u00b2, in totaal 12.000 m\u00b2 grond.\" \/>\n<meta property=\"og:url\" content=\"https:\/\/www.montavistahouses.com\/es\/producto\/casa-en-caniles\/\" \/>\n<meta property=\"og:site_name\" content=\"Montavista Houses\" \/>\n<meta property=\"article:modified_time\" content=\"2025-10-02T13:40:19+00:00\" \/>\n<meta property=\"og:image\" content=\"https:\/\/www.montavistahouses.com\/wp-content\/uploads\/2024\/02\/GAM8698.jpg\" \/>\n\t<meta property=\"og:image:width\" content=\"1000\" \/>\n\t<meta property=\"og:image:height\" content=\"667\" \/>\n\t<meta property=\"og:image:type\" content=\"image\/jpeg\" \/>\n<meta name=\"twitter:card\" content=\"summary_large_image\" \/>\n<meta name=\"twitter:label1\" content=\"Tiempo de lectura\" \/>\n\t<meta name=\"twitter:data1\" content=\"2 minutos\" \/>\n<script type=\"application\/ld+json\" class=\"yoast-schema-graph\">{\"@context\":\"https:\/\/schema.org\",\"@graph\":[{\"@type\":\"WebPage\",\"@id\":\"https:\/\/www.montavistahouses.com\/en\/product\/casa-en-caniles\/\",\"url\":\"https:\/\/www.montavistahouses.com\/en\/product\/casa-en-caniles\/\",\"name\":\"Casa en Caniles - Montavista Houses\",\"isPartOf\":{\"@id\":\"https:\/\/www.montavistahouses.com\/#website\"},\"primaryImageOfPage\":{\"@id\":\"https:\/\/www.montavistahouses.com\/en\/product\/casa-en-caniles\/#primaryimage\"},\"image\":{\"@id\":\"https:\/\/www.montavistahouses.com\/en\/product\/casa-en-caniles\/#primaryimage\"},\"thumbnailUrl\":\"http:\/\/www.montavistahouses.com\/wp-content\/uploads\/2024\/02\/GAM8698.jpg\",\"datePublished\":\"2024-11-28T13:46:30+00:00\",\"dateModified\":\"2025-10-02T13:40:19+00:00\",\"breadcrumb\":{\"@id\":\"https:\/\/www.montavistahouses.com\/en\/product\/casa-en-caniles\/#breadcrumb\"},\"inLanguage\":\"es\",\"potentialAction\":[{\"@type\":\"ReadAction\",\"target\":[\"https:\/\/www.montavistahouses.com\/en\/product\/casa-en-caniles\/\"]}]},{\"@type\":\"ImageObject\",\"inLanguage\":\"es\",\"@id\":\"https:\/\/www.montavistahouses.com\/en\/product\/casa-en-caniles\/#primaryimage\",\"url\":\"http:\/\/www.montavistahouses.com\/wp-content\/uploads\/2024\/02\/GAM8698.jpg\",\"contentUrl\":\"http:\/\/www.montavistahouses.com\/wp-content\/uploads\/2024\/02\/GAM8698.jpg\",\"width\":1000,\"height\":667},{\"@type\":\"BreadcrumbList\",\"@id\":\"https:\/\/www.montavistahouses.com\/en\/product\/casa-en-caniles\/#breadcrumb\",\"itemListElement\":[{\"@type\":\"ListItem\",\"position\":1,\"name\":\"Home\",\"item\":\"https:\/\/www.montavistahouses.com\/\"},{\"@type\":\"ListItem\",\"position\":2,\"name\":\"Shop\",\"item\":\"https:\/\/www.montavistahouses.com\/shop\/\"},{\"@type\":\"ListItem\",\"position\":3,\"name\":\"Casa en Caniles\"}]},{\"@type\":\"WebSite\",\"@id\":\"https:\/\/www.montavistahouses.com\/#website\",\"url\":\"https:\/\/www.montavistahouses.com\/\",\"name\":\"Montavista Houses\",\"description\":\"Montavista Houses\",\"publisher\":{\"@id\":\"https:\/\/www.montavistahouses.com\/#organization\"},\"potentialAction\":[{\"@type\":\"SearchAction\",\"target\":{\"@type\":\"EntryPoint\",\"urlTemplate\":\"https:\/\/www.montavistahouses.com\/?s={search_term_string}\"},\"query-input\":{\"@type\":\"PropertyValueSpecification\",\"valueRequired\":true,\"valueName\":\"search_term_string\"}}],\"inLanguage\":\"es\"},{\"@type\":\"Organization\",\"@id\":\"https:\/\/www.montavistahouses.com\/#organization\",\"name\":\"Montavista Houses\",\"url\":\"https:\/\/www.montavistahouses.com\/\",\"logo\":{\"@type\":\"ImageObject\",\"inLanguage\":\"es\",\"@id\":\"https:\/\/www.montavistahouses.com\/#\/schema\/logo\/image\/\",\"url\":\"https:\/\/www.montavistahouses.com\/wp-content\/uploads\/2024\/09\/for_sale_baza_spain_Huis6.jpg\",\"contentUrl\":\"https:\/\/www.montavistahouses.com\/wp-content\/uploads\/2024\/09\/for_sale_baza_spain_Huis6.jpg\",\"width\":1920,\"height\":1920,\"caption\":\"Montavista Houses\"},\"image\":{\"@id\":\"https:\/\/www.montavistahouses.com\/#\/schema\/logo\/image\/\"}}]}<\/script>\n<!-- \/ Yoast SEO plugin. -->","yoast_head_json":{"title":"Casa en Caniles - Montavista Houses","robots":{"index":"index","follow":"follow","max-snippet":"max-snippet:-1","max-image-preview":"max-image-preview:large","max-video-preview":"max-video-preview:-1"},"canonical":"https:\/\/www.montavistahouses.com\/es\/producto\/casa-en-caniles\/","og_locale":"es_ES","og_type":"article","og_title":"Casa en Caniles - Montavista Houses","og_description":"Twee huizen voor de prijs van een.\u00a0Deze huizen liggen tussen Baza en Caniles en bieden een rustige en pittoreske omgeving, perfect voor wie op zoek is naar de rust van de natuur of een landelijk huis wil verhuren. Met onafhankelijke elektriciteit en water, heeft elk huis eigendomsbewijzen en percelen van 6.000 m\u00b2, in totaal 12.000 m\u00b2 grond.","og_url":"https:\/\/www.montavistahouses.com\/es\/producto\/casa-en-caniles\/","og_site_name":"Montavista Houses","article_modified_time":"2025-10-02T13:40:19+00:00","og_image":[{"width":1000,"height":667,"url":"https:\/\/www.montavistahouses.com\/wp-content\/uploads\/2024\/02\/GAM8698.jpg","type":"image\/jpeg"}],"twitter_card":"summary_large_image","twitter_misc":{"Tiempo de lectura":"2 minutos"},"schema":{"@context":"https:\/\/schema.org","@graph":[{"@type":"WebPage","@id":"https:\/\/www.montavistahouses.com\/en\/product\/casa-en-caniles\/","url":"https:\/\/www.montavistahouses.com\/en\/product\/casa-en-caniles\/","name":"Casa en Caniles - Montavista Houses","isPartOf":{"@id":"https:\/\/www.montavistahouses.com\/#website"},"primaryImageOfPage":{"@id":"https:\/\/www.montavistahouses.com\/en\/product\/casa-en-caniles\/#primaryimage"},"image":{"@id":"https:\/\/www.montavistahouses.com\/en\/product\/casa-en-caniles\/#primaryimage"},"thumbnailUrl":"http:\/\/www.montavistahouses.com\/wp-content\/uploads\/2024\/02\/GAM8698.jpg","datePublished":"2024-11-28T13:46:30+00:00","dateModified":"2025-10-02T13:40:19+00:00","breadcrumb":{"@id":"https:\/\/www.montavistahouses.com\/en\/product\/casa-en-caniles\/#breadcrumb"},"inLanguage":"es","potentialAction":[{"@type":"ReadAction","target":["https:\/\/www.montavistahouses.com\/en\/product\/casa-en-caniles\/"]}]},{"@type":"ImageObject","inLanguage":"es","@id":"https:\/\/www.montavistahouses.com\/en\/product\/casa-en-caniles\/#primaryimage","url":"http:\/\/www.montavistahouses.com\/wp-content\/uploads\/2024\/02\/GAM8698.jpg","contentUrl":"http:\/\/www.montavistahouses.com\/wp-content\/uploads\/2024\/02\/GAM8698.jpg","width":1000,"height":667},{"@type":"BreadcrumbList","@id":"https:\/\/www.montavistahouses.com\/en\/product\/casa-en-caniles\/#breadcrumb","itemListElement":[{"@type":"ListItem","position":1,"name":"Home","item":"https:\/\/www.montavistahouses.com\/"},{"@type":"ListItem","position":2,"name":"Shop","item":"https:\/\/www.montavistahouses.com\/shop\/"},{"@type":"ListItem","position":3,"name":"Casa en Caniles"}]},{"@type":"WebSite","@id":"https:\/\/www.montavistahouses.com\/#website","url":"https:\/\/www.montavistahouses.com\/","name":"Casas Montavista","description":"Casas Montavista","publisher":{"@id":"https:\/\/www.montavistahouses.com\/#organization"},"potentialAction":[{"@type":"SearchAction","target":{"@type":"EntryPoint","urlTemplate":"https:\/\/www.montavistahouses.com\/?s={search_term_string}"},"query-input":{"@type":"PropertyValueSpecification","valueRequired":true,"valueName":"search_term_string"}}],"inLanguage":"es"},{"@type":"Organization","@id":"https:\/\/www.montavistahouses.com\/#organization","name":"Casas Montavista","url":"https:\/\/www.montavistahouses.com\/","logo":{"@type":"ImageObject","inLanguage":"es","@id":"https:\/\/www.montavistahouses.com\/#\/schema\/logo\/image\/","url":"https:\/\/www.montavistahouses.com\/wp-content\/uploads\/2024\/09\/for_sale_baza_spain_Huis6.jpg","contentUrl":"https:\/\/www.montavistahouses.com\/wp-content\/uploads\/2024\/09\/for_sale_baza_spain_Huis6.jpg","width":1920,"height":1920,"caption":"Montavista Houses"},"image":{"@id":"https:\/\/www.montavistahouses.com\/#\/schema\/logo\/image\/"}}]}},"_links":{"self":[{"href":"http:\/\/www.montavistahouses.com\/es\/wp-json\/wp\/v2\/product\/214"}],"collection":[{"href":"http:\/\/www.montavistahouses.com\/es\/wp-json\/wp\/v2\/product"}],"about":[{"href":"http:\/\/www.montavistahouses.com\/es\/wp-json\/wp\/v2\/types\/product"}],"replies":[{"embeddable":true,"href":"http:\/\/www.montavistahouses.com\/es\/wp-json\/wp\/v2\/comments?post=214"}],"wp:featuredmedia":[{"embeddable":true,"href":"http:\/\/www.montavistahouses.com\/es\/wp-json\/wp\/v2\/media\/992"}],"wp:attachment":[{"href":"http:\/\/www.montavistahouses.com\/es\/wp-json\/wp\/v2\/media?parent=214"}],"wp:term":[{"taxonomy":"product_brand","embeddable":true,"href":"http:\/\/www.montavistahouses.com\/es\/wp-json\/wp\/v2\/product_brand?post=214"},{"taxonomy":"product_cat","embeddable":true,"href":"http:\/\/www.montavistahouses.com\/es\/wp-json\/wp\/v2\/product_cat?post=214"},{"taxonomy":"product_tag","embeddable":true,"href":"http:\/\/www.montavistahouses.com\/es\/wp-json\/wp\/v2\/product_tag?post=214"}],"curies":[{"name":"wp","href":"https:\/\/api.w.org\/{rel}","templated":true}]}}