{"id":1427,"date":"2025-08-15T13:11:48","date_gmt":"2025-08-15T13:11:48","guid":{"rendered":"https:\/\/www.montavistahouses.com\/?post_type=product&#038;p=1427"},"modified":"2025-08-15T14:45:34","modified_gmt":"2025-08-15T14:45:34","slug":"negratin-freila","status":"publish","type":"product","link":"http:\/\/www.montavistahouses.com\/es\/producto\/negratin-freila\/","title":{"rendered":"Negrat\u00edn Freila"},"content":{"rendered":"<p>\u00a1Para la venta: Propiedad \u00fanica y hermosa en Freila con vistas impresionantes!<\/p>\n<p>Descubra esta propiedad especial situada en la pintoresca Freila, con impresionantes vistas al lago Negratin e incre\u00edbles vistas que le har\u00e1n disfrutar cada d\u00eda.<\/p>\n<p>Descripci\u00f3n de la propiedad:<\/p>\n<p>- Amplia y hermosa cocina grande, ideal para comidas acogedoras y reuniones<br \/>\n- Sala de estar c\u00f3moda y espaciosa para relajarse<br \/>\n- Conservatorio para disfrutar plenamente de las hermosas vistas y el campo circundante<br \/>\n- Tres amplios dormitorios, perfectos para toda la familia<br \/>\n- Cuarto de ba\u00f1o con ducha, inodoro y lavabo<br \/>\n- Casa de invitados con dormitorio privado, cocina, aseo, ducha y terraza privada - ideal para alquiler u otros fines.<\/p>\n<p>En el exterior:<\/p>\n<p>- Precioso jard\u00edn que rodea la casa, cuidadosamente ajardinado<br \/>\n- Piscina privada para disfrutar de d\u00edas calurosos y momentos de tranquilidad<\/p>\n<p>La playa est\u00e1 a 1,5 horas en coche, la bella ciudad de Granada a 1 hora en coche, el aeropuerto de Granada a 45 minutos en coche. Un hospital est\u00e1 a 15 minutos en coche (Baza).<br \/>\nTambi\u00e9n hay varias actividades para realizar en la zona, como ciclismo, senderismo, descubrir la diversidad paisaj\u00edstica de la zona, Playa de Freila, Sierra de Baza (Parque Natural), monta\u00f1a Jabalc\u00f3n con ba\u00f1os naturales de agua caliente, cenas, Balnearios, Observatorio, Museos, zonas de naturaleza y fauna (incluyendo observaci\u00f3n de aves) y a 1 hora en coche se puede esquiar en Sierra Nevada en invierno. A 15 minutos en coche est\u00e1 la hist\u00f3rica ciudad de Baza equipada con hospital, dentistas, muchos supermercados, restaurantes, teatro, cine, varias tiendas para ir de compras, as\u00ed como tiendas de bricolaje, etc.<\/p>\n<p>Esta propiedad es una oportunidad \u00fanica para los amantes de la tranquilidad, el espacio y las vistas espectaculares. Perfecto como una casa de familia, casa de vacaciones o inversi\u00f3n.<\/p>\n<p>\u00bfLe interesa? P\u00f3ngase en contacto con nosotros para obtener m\u00e1s informaci\u00f3n o concertar una visita.<br \/>\n\u00a1Esta es tu oportunidad de vivir en un lugar \u00fanico en Freila con todas las comodidades y la naturaleza a tu alrededor!<\/p>\n<p>Inventario y aceptaci\u00f3n de mutuo acuerdo.<\/p>","protected":false},"excerpt":{"rendered":"<p>\u00a1Para la venta: Propiedad \u00fanica y hermosa en Freila con vistas impresionantes!<\/p>\n<p>Descubra esta extraordinaria propiedad con piscina situada en la pintoresca Freila, con impresionantes vistas al lago Negrat\u00edn e incre\u00edbles vistas que le har\u00e1n disfrutar cada d\u00eda.<\/p>","protected":false},"featured_media":1468,"comment_status":"open","ping_status":"closed","template":"","meta":{"_acf_changed":false,"inline_featured_image":false},"product_brand":[],"product_cat":[30,27],"product_tag":[33,38,23,41],"class_list":{"0":"post-1427","1":"product","2":"type-product","3":"status-publish","4":"has-post-thumbnail","6":"product_cat-aanbod","7":"product_cat-properties-woocommerce","8":"product_tag-3-slaapkamers","9":"product_tag-freila","10":"product_tag-spanje","11":"product_tag-zwembad","13":"first","14":"instock","15":"shipping-taxable","16":"purchasable","17":"product-type-simple"},"acf":[],"yoast_head":"<!-- This site is optimized with the Yoast SEO plugin v25.6 - https:\/\/yoast.com\/wordpress\/plugins\/seo\/ -->\n<title>Negrat\u00edn Freila - Montavista Houses<\/title>\n<meta name=\"robots\" content=\"index, follow, max-snippet:-1, max-image-preview:large, max-video-preview:-1\" \/>\n<link rel=\"canonical\" href=\"https:\/\/www.montavistahouses.com\/es\/producto\/negratin-freila\/\" \/>\n<meta property=\"og:locale\" content=\"es_ES\" \/>\n<meta property=\"og:type\" content=\"article\" \/>\n<meta property=\"og:title\" content=\"Negrat\u00edn Freila - Montavista Houses\" \/>\n<meta property=\"og:description\" content=\"Te koop: Unieke en prachtige woning in Freila met adembenemend uitzicht!  Ontdek deze bijzondere woning met zwembad gelegen in het schilderachtige Freila, met een schitterend uitzicht op het meer Negratin en ongelofelijke vergezichten die u elke dag doen genieten.\" \/>\n<meta property=\"og:url\" content=\"https:\/\/www.montavistahouses.com\/es\/producto\/negratin-freila\/\" \/>\n<meta property=\"og:site_name\" content=\"Montavista Houses\" \/>\n<meta property=\"article:modified_time\" content=\"2025-08-15T14:45:34+00:00\" \/>\n<meta property=\"og:image\" content=\"https:\/\/www.montavistahouses.com\/wp-content\/uploads\/2025\/08\/Zwembad1.jpg\" \/>\n\t<meta property=\"og:image:width\" content=\"1000\" \/>\n\t<meta property=\"og:image:height\" content=\"667\" \/>\n\t<meta property=\"og:image:type\" content=\"image\/jpeg\" \/>\n<meta name=\"twitter:card\" content=\"summary_large_image\" \/>\n<meta name=\"twitter:label1\" content=\"Tiempo de lectura\" \/>\n\t<meta name=\"twitter:data1\" content=\"2 minutos\" \/>\n<script type=\"application\/ld+json\" class=\"yoast-schema-graph\">{\"@context\":\"https:\/\/schema.org\",\"@graph\":[{\"@type\":\"WebPage\",\"@id\":\"https:\/\/www.montavistahouses.com\/product\/negratin-freila\/\",\"url\":\"https:\/\/www.montavistahouses.com\/product\/negratin-freila\/\",\"name\":\"Negrat\u00edn Freila - Montavista Houses\",\"isPartOf\":{\"@id\":\"https:\/\/www.montavistahouses.com\/#website\"},\"primaryImageOfPage\":{\"@id\":\"https:\/\/www.montavistahouses.com\/product\/negratin-freila\/#primaryimage\"},\"image\":{\"@id\":\"https:\/\/www.montavistahouses.com\/product\/negratin-freila\/#primaryimage\"},\"thumbnailUrl\":\"http:\/\/www.montavistahouses.com\/wp-content\/uploads\/2025\/08\/Zwembad1.jpg\",\"datePublished\":\"2025-08-15T13:11:48+00:00\",\"dateModified\":\"2025-08-15T14:45:34+00:00\",\"breadcrumb\":{\"@id\":\"https:\/\/www.montavistahouses.com\/product\/negratin-freila\/#breadcrumb\"},\"inLanguage\":\"es\",\"potentialAction\":[{\"@type\":\"ReadAction\",\"target\":[\"https:\/\/www.montavistahouses.com\/product\/negratin-freila\/\"]}]},{\"@type\":\"ImageObject\",\"inLanguage\":\"es\",\"@id\":\"https:\/\/www.montavistahouses.com\/product\/negratin-freila\/#primaryimage\",\"url\":\"http:\/\/www.montavistahouses.com\/wp-content\/uploads\/2025\/08\/Zwembad1.jpg\",\"contentUrl\":\"http:\/\/www.montavistahouses.com\/wp-content\/uploads\/2025\/08\/Zwembad1.jpg\",\"width\":1000,\"height\":667},{\"@type\":\"BreadcrumbList\",\"@id\":\"https:\/\/www.montavistahouses.com\/product\/negratin-freila\/#breadcrumb\",\"itemListElement\":[{\"@type\":\"ListItem\",\"position\":1,\"name\":\"Home\",\"item\":\"https:\/\/www.montavistahouses.com\/\"},{\"@type\":\"ListItem\",\"position\":2,\"name\":\"Shop\",\"item\":\"https:\/\/www.montavistahouses.com\/shop\/\"},{\"@type\":\"ListItem\",\"position\":3,\"name\":\"Negrat\u00edn Freila\"}]},{\"@type\":\"WebSite\",\"@id\":\"https:\/\/www.montavistahouses.com\/#website\",\"url\":\"https:\/\/www.montavistahouses.com\/\",\"name\":\"Montavista Houses\",\"description\":\"Montavista Houses\",\"publisher\":{\"@id\":\"https:\/\/www.montavistahouses.com\/#organization\"},\"potentialAction\":[{\"@type\":\"SearchAction\",\"target\":{\"@type\":\"EntryPoint\",\"urlTemplate\":\"https:\/\/www.montavistahouses.com\/?s={search_term_string}\"},\"query-input\":{\"@type\":\"PropertyValueSpecification\",\"valueRequired\":true,\"valueName\":\"search_term_string\"}}],\"inLanguage\":\"es\"},{\"@type\":\"Organization\",\"@id\":\"https:\/\/www.montavistahouses.com\/#organization\",\"name\":\"Montavista Houses\",\"url\":\"https:\/\/www.montavistahouses.com\/\",\"logo\":{\"@type\":\"ImageObject\",\"inLanguage\":\"es\",\"@id\":\"https:\/\/www.montavistahouses.com\/#\/schema\/logo\/image\/\",\"url\":\"https:\/\/www.montavistahouses.com\/wp-content\/uploads\/2024\/09\/for_sale_baza_spain_Huis6.jpg\",\"contentUrl\":\"https:\/\/www.montavistahouses.com\/wp-content\/uploads\/2024\/09\/for_sale_baza_spain_Huis6.jpg\",\"width\":1920,\"height\":1920,\"caption\":\"Montavista Houses\"},\"image\":{\"@id\":\"https:\/\/www.montavistahouses.com\/#\/schema\/logo\/image\/\"}}]}<\/script>\n<!-- \/ Yoast SEO plugin. -->","yoast_head_json":{"title":"Negrat\u00edn Freila - Montavista Houses","robots":{"index":"index","follow":"follow","max-snippet":"max-snippet:-1","max-image-preview":"max-image-preview:large","max-video-preview":"max-video-preview:-1"},"canonical":"https:\/\/www.montavistahouses.com\/es\/producto\/negratin-freila\/","og_locale":"es_ES","og_type":"article","og_title":"Negrat\u00edn Freila - Montavista Houses","og_description":"Te koop: Unieke en prachtige woning in Freila met adembenemend uitzicht!  Ontdek deze bijzondere woning met zwembad gelegen in het schilderachtige Freila, met een schitterend uitzicht op het meer Negratin en ongelofelijke vergezichten die u elke dag doen genieten.","og_url":"https:\/\/www.montavistahouses.com\/es\/producto\/negratin-freila\/","og_site_name":"Montavista Houses","article_modified_time":"2025-08-15T14:45:34+00:00","og_image":[{"width":1000,"height":667,"url":"https:\/\/www.montavistahouses.com\/wp-content\/uploads\/2025\/08\/Zwembad1.jpg","type":"image\/jpeg"}],"twitter_card":"summary_large_image","twitter_misc":{"Tiempo de lectura":"2 minutos"},"schema":{"@context":"https:\/\/schema.org","@graph":[{"@type":"WebPage","@id":"https:\/\/www.montavistahouses.com\/product\/negratin-freila\/","url":"https:\/\/www.montavistahouses.com\/product\/negratin-freila\/","name":"Negrat\u00edn Freila - Montavista Houses","isPartOf":{"@id":"https:\/\/www.montavistahouses.com\/#website"},"primaryImageOfPage":{"@id":"https:\/\/www.montavistahouses.com\/product\/negratin-freila\/#primaryimage"},"image":{"@id":"https:\/\/www.montavistahouses.com\/product\/negratin-freila\/#primaryimage"},"thumbnailUrl":"http:\/\/www.montavistahouses.com\/wp-content\/uploads\/2025\/08\/Zwembad1.jpg","datePublished":"2025-08-15T13:11:48+00:00","dateModified":"2025-08-15T14:45:34+00:00","breadcrumb":{"@id":"https:\/\/www.montavistahouses.com\/product\/negratin-freila\/#breadcrumb"},"inLanguage":"es","potentialAction":[{"@type":"ReadAction","target":["https:\/\/www.montavistahouses.com\/product\/negratin-freila\/"]}]},{"@type":"ImageObject","inLanguage":"es","@id":"https:\/\/www.montavistahouses.com\/product\/negratin-freila\/#primaryimage","url":"http:\/\/www.montavistahouses.com\/wp-content\/uploads\/2025\/08\/Zwembad1.jpg","contentUrl":"http:\/\/www.montavistahouses.com\/wp-content\/uploads\/2025\/08\/Zwembad1.jpg","width":1000,"height":667},{"@type":"BreadcrumbList","@id":"https:\/\/www.montavistahouses.com\/product\/negratin-freila\/#breadcrumb","itemListElement":[{"@type":"ListItem","position":1,"name":"Home","item":"https:\/\/www.montavistahouses.com\/"},{"@type":"ListItem","position":2,"name":"Shop","item":"https:\/\/www.montavistahouses.com\/shop\/"},{"@type":"ListItem","position":3,"name":"Negrat\u00edn Freila"}]},{"@type":"WebSite","@id":"https:\/\/www.montavistahouses.com\/#website","url":"https:\/\/www.montavistahouses.com\/","name":"Casas Montavista","description":"Casas Montavista","publisher":{"@id":"https:\/\/www.montavistahouses.com\/#organization"},"potentialAction":[{"@type":"SearchAction","target":{"@type":"EntryPoint","urlTemplate":"https:\/\/www.montavistahouses.com\/?s={search_term_string}"},"query-input":{"@type":"PropertyValueSpecification","valueRequired":true,"valueName":"search_term_string"}}],"inLanguage":"es"},{"@type":"Organization","@id":"https:\/\/www.montavistahouses.com\/#organization","name":"Casas Montavista","url":"https:\/\/www.montavistahouses.com\/","logo":{"@type":"ImageObject","inLanguage":"es","@id":"https:\/\/www.montavistahouses.com\/#\/schema\/logo\/image\/","url":"https:\/\/www.montavistahouses.com\/wp-content\/uploads\/2024\/09\/for_sale_baza_spain_Huis6.jpg","contentUrl":"https:\/\/www.montavistahouses.com\/wp-content\/uploads\/2024\/09\/for_sale_baza_spain_Huis6.jpg","width":1920,"height":1920,"caption":"Montavista Houses"},"image":{"@id":"https:\/\/www.montavistahouses.com\/#\/schema\/logo\/image\/"}}]}},"_links":{"self":[{"href":"http:\/\/www.montavistahouses.com\/es\/wp-json\/wp\/v2\/product\/1427"}],"collection":[{"href":"http:\/\/www.montavistahouses.com\/es\/wp-json\/wp\/v2\/product"}],"about":[{"href":"http:\/\/www.montavistahouses.com\/es\/wp-json\/wp\/v2\/types\/product"}],"replies":[{"embeddable":true,"href":"http:\/\/www.montavistahouses.com\/es\/wp-json\/wp\/v2\/comments?post=1427"}],"wp:featuredmedia":[{"embeddable":true,"href":"http:\/\/www.montavistahouses.com\/es\/wp-json\/wp\/v2\/media\/1468"}],"wp:attachment":[{"href":"http:\/\/www.montavistahouses.com\/es\/wp-json\/wp\/v2\/media?parent=1427"}],"wp:term":[{"taxonomy":"product_brand","embeddable":true,"href":"http:\/\/www.montavistahouses.com\/es\/wp-json\/wp\/v2\/product_brand?post=1427"},{"taxonomy":"product_cat","embeddable":true,"href":"http:\/\/www.montavistahouses.com\/es\/wp-json\/wp\/v2\/product_cat?post=1427"},{"taxonomy":"product_tag","embeddable":true,"href":"http:\/\/www.montavistahouses.com\/es\/wp-json\/wp\/v2\/product_tag?post=1427"}],"curies":[{"name":"wp","href":"https:\/\/api.w.org\/{rel}","templated":true}]}}