{"id":1389,"date":"2025-08-07T12:19:48","date_gmt":"2025-08-07T12:19:48","guid":{"rendered":"https:\/\/www.montavistahouses.com\/?post_type=product&#038;p=1389"},"modified":"2025-08-07T13:19:22","modified_gmt":"2025-08-07T13:19:22","slug":"cueva-en-olivar","status":"publish","type":"product","link":"http:\/\/www.montavistahouses.com\/es\/producto\/cueva-en-olivar\/","title":{"rendered":"Cueva y Olivar"},"content":{"rendered":"<p>Se vende Preciosa Casa Cueva por 89.500 euros.<\/p>\n<p>SI QUIERES ESCAPARTE AL CAMPO EN ESPA\u00d1A, \u00a1\u00a1\u00a1ESTA ES TU PROPIEDAD!!!<\/p>\n<p>Esta casa cueva de 4 dormitorios en excelentes condiciones en el hermoso pueblo de Bacor se vende parcialmente amueblada. Situado en la parte superior de la aldea, la propiedad es muy tranquila y ofrece hermosas vistas sobre la presa y olivares. Hay aparcamiento fuera de la propiedad. Hay dos entradas separadas a la casa. Una entrada es una puerta que conduce a la sala de estar, el otro en el garaje que da acceso a la casa cueva.<\/p>\n<p>Dos dormitorios y el cuarto de ba\u00f1o son accesibles desde el sal\u00f3n. El primer dormitorio tiene acceso directo a un peque\u00f1o balc\u00f3n que da mucha luz y ofrece hermosas vistas sobre los olivares, pero tambi\u00e9n se puede configurar como una sala de estar.<\/p>\n<p>El dormitorio dos tiene dos camas individuales, mesillas de noche y un gran armario. El cuarto de ba\u00f1o dispone de inodoro, lavabo y ducha con conexi\u00f3n para lavadora.<\/p>\n<p>Al tercer dormitorio se accede desde el comedor y es un amplio dormitorio doble con un vestidor contiguo.<\/p>\n<p>Al cuarto dormitorio se accede desde el acogedor sal\u00f3n y cuenta con una cama individual, tocadores y espacio para mesillas de noche.<\/p>\n<p>La casa cueva consta de<\/p>\n<p>4 habitaciones<br \/>\n2 salones<br \/>\n1 comedor<br \/>\n1 cocina<br \/>\n1 cuarto de ba\u00f1o<br \/>\n1 habitaci\u00f3n acogedora<br \/>\n1 sala de jard\u00edn<br \/>\n1 garaje<br \/>\n3 terrazas (incluida una con trastero)<\/p>\n<p>La casa es una luminosa casa cueva con ventanas en casi todas las habitaciones, excepto en dos dormitorios (aunque aqu\u00ed se pueden crear ventanas. La cueva es agradablemente c\u00e1lida en invierno y fresca en verano. Se proporcionan todas las comodidades:<\/p>\n<p>electricidad<br \/>\nagua<br \/>\nestufa de le\u00f1a<br \/>\nWi-Fi (fibra \u00f3ptica), etc.<\/p>\n<p>El pueblo es t\u00edpico andaluz. Los hombres van a trabajar al Campo en sus mulas. En verano, hay actividades para ni\u00f1os, y de vez en cuando se proyectan pel\u00edculas en la plaza, y en junio hay un festival de tres d\u00edas (con picnic, fiesta de la espuma, tobog\u00e1n acu\u00e1tico y mucho m\u00e1s). Halloween se celebra en la escuela de la parte alta del pueblo y es suficientemente terror\u00edfico tanto para adultos como para ni\u00f1os. Tambi\u00e9n se ha abierto una nueva piscina p\u00fablica. Tambi\u00e9n hay tres miradores en el pueblo con amplias vistas del pueblo de Olivar y sus alrededores, incluida la presa y los badlands.<\/p>\n<p>El pueblo cuenta con todos los servicios, incluyendo farmacia, carnicer\u00eda, panader\u00eda, tiendas, bares, m\u00e9dicos y una piscina en el pueblo. A 5 minutos en coche se encuentra el Hotel\/Restaurante Los Chaparros, una gasolinera y el Lago Nagratin donde se puede practicar kayak, pirag\u00fcismo y nataci\u00f3n. De camino a Cuaves del Campo hay un mirador con vistas al lago Nagretin. En Ba\u00f1os, a media hora en coche de Z\u00fajar, se puede nadar y comer o simplemente tomar un caf\u00e9. Tambi\u00e9n hay piscinas p\u00fablicas en el pueblo y en Z\u00fajar y Cuaves del Campo. Baza est\u00e1 a 20 minutos de distancia para todas las compras principales, incluyendo supermercados, bancos, hospital, dentista, \u00f3pticas, un mercado abierto todos los mi\u00e9rcoles, restaurantes y bares. Hay un mont\u00f3n de senderos entre olivares o almendros, un paseo por el malpa\u00eds o simplemente un paseo por el pueblo. <i><\/i><\/p>\n<p>Accesibilidad Aeropuertos en coche:<\/p>\n<p>Almer\u00eda aproximadamente 1,5 horas<br \/>\nMurcia unas 2 horas<br \/>\nAlicante unas 2,5 horas<br \/>\nM\u00e1laga unas 2,5 horas<br \/>\nGranada aproximadamente 1 hora<\/p>\n<p>Contacte con nosotros para m\u00e1s informaci\u00f3n y visitas.<\/p>\n<p>El PVP indicado no incluye impuestos ni gastos de registro. Gastos de intermediaci\u00f3n no incluidos. Las superficies de esta p\u00e1gina son descriptivas y aproximadas.<\/p>","protected":false},"excerpt":{"rendered":"<p>Se vende Preciosa Casa Cueva por 89.500 euros.<\/p>\n<p>SI QUIERES ESCAPARTE AL CAMPO EN ESPA\u00d1A, \u00a1\u00a1\u00a1ESTA ES TU PROPIEDAD!!!<\/p>","protected":false},"featured_media":1390,"comment_status":"open","ping_status":"closed","template":"","meta":{"_acf_changed":false,"inline_featured_image":false},"product_brand":[],"product_cat":[30,27],"product_tag":[37,36,23],"class_list":{"0":"post-1389","1":"product","2":"type-product","3":"status-publish","4":"has-post-thumbnail","6":"product_cat-aanbod","7":"product_cat-properties-woocommerce","8":"product_tag-cueva","9":"product_tag-grotwoning","10":"product_tag-spanje","12":"first","13":"instock","14":"shipping-taxable","15":"purchasable","16":"product-type-simple"},"acf":[],"yoast_head":"<!-- This site is optimized with the Yoast SEO plugin v25.6 - https:\/\/yoast.com\/wordpress\/plugins\/seo\/ -->\n<title>Cueva en Olivar - Montavista Houses<\/title>\n<meta name=\"robots\" content=\"index, follow, max-snippet:-1, max-image-preview:large, max-video-preview:-1\" \/>\n<link rel=\"canonical\" href=\"https:\/\/www.montavistahouses.com\/es\/producto\/cueva-en-olivar\/\" \/>\n<meta property=\"og:locale\" content=\"es_ES\" \/>\n<meta property=\"og:type\" content=\"article\" \/>\n<meta property=\"og:title\" content=\"Cueva en Olivar - Montavista Houses\" \/>\n<meta property=\"og:description\" content=\"Te koop Mooie Grotwoning voor 89.500 euro.  ALS U WILT ONTSNAPPEN NAAR HET PLATTELAND IN SPANJE, DAN IS DIT DE WONING VOOR U!!!\" \/>\n<meta property=\"og:url\" content=\"https:\/\/www.montavistahouses.com\/es\/producto\/cueva-en-olivar\/\" \/>\n<meta property=\"og:site_name\" content=\"Montavista Houses\" \/>\n<meta property=\"article:modified_time\" content=\"2025-08-07T13:19:22+00:00\" \/>\n<meta property=\"og:image\" content=\"https:\/\/www.montavistahouses.com\/wp-content\/uploads\/2025\/08\/A-foto.jpg\" \/>\n\t<meta property=\"og:image:width\" content=\"1000\" \/>\n\t<meta property=\"og:image:height\" content=\"654\" \/>\n\t<meta property=\"og:image:type\" content=\"image\/jpeg\" \/>\n<meta name=\"twitter:card\" content=\"summary_large_image\" \/>\n<meta name=\"twitter:label1\" content=\"Tiempo de lectura\" \/>\n\t<meta name=\"twitter:data1\" content=\"3 minutos\" \/>\n<script type=\"application\/ld+json\" class=\"yoast-schema-graph\">{\"@context\":\"https:\/\/schema.org\",\"@graph\":[{\"@type\":\"WebPage\",\"@id\":\"https:\/\/www.montavistahouses.com\/en\/product\/cueva-en-olivar\/\",\"url\":\"https:\/\/www.montavistahouses.com\/en\/product\/cueva-en-olivar\/\",\"name\":\"Cueva en Olivar - Montavista Houses\",\"isPartOf\":{\"@id\":\"https:\/\/www.montavistahouses.com\/#website\"},\"primaryImageOfPage\":{\"@id\":\"https:\/\/www.montavistahouses.com\/en\/product\/cueva-en-olivar\/#primaryimage\"},\"image\":{\"@id\":\"https:\/\/www.montavistahouses.com\/en\/product\/cueva-en-olivar\/#primaryimage\"},\"thumbnailUrl\":\"http:\/\/www.montavistahouses.com\/wp-content\/uploads\/2025\/08\/A-foto.jpg\",\"datePublished\":\"2025-08-07T12:19:48+00:00\",\"dateModified\":\"2025-08-07T13:19:22+00:00\",\"breadcrumb\":{\"@id\":\"https:\/\/www.montavistahouses.com\/en\/product\/cueva-en-olivar\/#breadcrumb\"},\"inLanguage\":\"es\",\"potentialAction\":[{\"@type\":\"ReadAction\",\"target\":[\"https:\/\/www.montavistahouses.com\/en\/product\/cueva-en-olivar\/\"]}]},{\"@type\":\"ImageObject\",\"inLanguage\":\"es\",\"@id\":\"https:\/\/www.montavistahouses.com\/en\/product\/cueva-en-olivar\/#primaryimage\",\"url\":\"http:\/\/www.montavistahouses.com\/wp-content\/uploads\/2025\/08\/A-foto.jpg\",\"contentUrl\":\"http:\/\/www.montavistahouses.com\/wp-content\/uploads\/2025\/08\/A-foto.jpg\",\"width\":1000,\"height\":654},{\"@type\":\"BreadcrumbList\",\"@id\":\"https:\/\/www.montavistahouses.com\/en\/product\/cueva-en-olivar\/#breadcrumb\",\"itemListElement\":[{\"@type\":\"ListItem\",\"position\":1,\"name\":\"Home\",\"item\":\"https:\/\/www.montavistahouses.com\/\"},{\"@type\":\"ListItem\",\"position\":2,\"name\":\"Shop\",\"item\":\"https:\/\/www.montavistahouses.com\/shop\/\"},{\"@type\":\"ListItem\",\"position\":3,\"name\":\"Cueva en Olivar\"}]},{\"@type\":\"WebSite\",\"@id\":\"https:\/\/www.montavistahouses.com\/#website\",\"url\":\"https:\/\/www.montavistahouses.com\/\",\"name\":\"Montavista Houses\",\"description\":\"Montavista Houses\",\"publisher\":{\"@id\":\"https:\/\/www.montavistahouses.com\/#organization\"},\"potentialAction\":[{\"@type\":\"SearchAction\",\"target\":{\"@type\":\"EntryPoint\",\"urlTemplate\":\"https:\/\/www.montavistahouses.com\/?s={search_term_string}\"},\"query-input\":{\"@type\":\"PropertyValueSpecification\",\"valueRequired\":true,\"valueName\":\"search_term_string\"}}],\"inLanguage\":\"es\"},{\"@type\":\"Organization\",\"@id\":\"https:\/\/www.montavistahouses.com\/#organization\",\"name\":\"Montavista Houses\",\"url\":\"https:\/\/www.montavistahouses.com\/\",\"logo\":{\"@type\":\"ImageObject\",\"inLanguage\":\"es\",\"@id\":\"https:\/\/www.montavistahouses.com\/#\/schema\/logo\/image\/\",\"url\":\"https:\/\/www.montavistahouses.com\/wp-content\/uploads\/2024\/09\/for_sale_baza_spain_Huis6.jpg\",\"contentUrl\":\"https:\/\/www.montavistahouses.com\/wp-content\/uploads\/2024\/09\/for_sale_baza_spain_Huis6.jpg\",\"width\":1920,\"height\":1920,\"caption\":\"Montavista Houses\"},\"image\":{\"@id\":\"https:\/\/www.montavistahouses.com\/#\/schema\/logo\/image\/\"}}]}<\/script>\n<!-- \/ Yoast SEO plugin. -->","yoast_head_json":{"title":"Cueva en Olivar - Montavista Houses","robots":{"index":"index","follow":"follow","max-snippet":"max-snippet:-1","max-image-preview":"max-image-preview:large","max-video-preview":"max-video-preview:-1"},"canonical":"https:\/\/www.montavistahouses.com\/es\/producto\/cueva-en-olivar\/","og_locale":"es_ES","og_type":"article","og_title":"Cueva en Olivar - Montavista Houses","og_description":"Te koop Mooie Grotwoning voor 89.500 euro.  ALS U WILT ONTSNAPPEN NAAR HET PLATTELAND IN SPANJE, DAN IS DIT DE WONING VOOR U!!!","og_url":"https:\/\/www.montavistahouses.com\/es\/producto\/cueva-en-olivar\/","og_site_name":"Montavista Houses","article_modified_time":"2025-08-07T13:19:22+00:00","og_image":[{"width":1000,"height":654,"url":"https:\/\/www.montavistahouses.com\/wp-content\/uploads\/2025\/08\/A-foto.jpg","type":"image\/jpeg"}],"twitter_card":"summary_large_image","twitter_misc":{"Tiempo de lectura":"3 minutos"},"schema":{"@context":"https:\/\/schema.org","@graph":[{"@type":"WebPage","@id":"https:\/\/www.montavistahouses.com\/en\/product\/cueva-en-olivar\/","url":"https:\/\/www.montavistahouses.com\/en\/product\/cueva-en-olivar\/","name":"Cueva en Olivar - Montavista Houses","isPartOf":{"@id":"https:\/\/www.montavistahouses.com\/#website"},"primaryImageOfPage":{"@id":"https:\/\/www.montavistahouses.com\/en\/product\/cueva-en-olivar\/#primaryimage"},"image":{"@id":"https:\/\/www.montavistahouses.com\/en\/product\/cueva-en-olivar\/#primaryimage"},"thumbnailUrl":"http:\/\/www.montavistahouses.com\/wp-content\/uploads\/2025\/08\/A-foto.jpg","datePublished":"2025-08-07T12:19:48+00:00","dateModified":"2025-08-07T13:19:22+00:00","breadcrumb":{"@id":"https:\/\/www.montavistahouses.com\/en\/product\/cueva-en-olivar\/#breadcrumb"},"inLanguage":"es","potentialAction":[{"@type":"ReadAction","target":["https:\/\/www.montavistahouses.com\/en\/product\/cueva-en-olivar\/"]}]},{"@type":"ImageObject","inLanguage":"es","@id":"https:\/\/www.montavistahouses.com\/en\/product\/cueva-en-olivar\/#primaryimage","url":"http:\/\/www.montavistahouses.com\/wp-content\/uploads\/2025\/08\/A-foto.jpg","contentUrl":"http:\/\/www.montavistahouses.com\/wp-content\/uploads\/2025\/08\/A-foto.jpg","width":1000,"height":654},{"@type":"BreadcrumbList","@id":"https:\/\/www.montavistahouses.com\/en\/product\/cueva-en-olivar\/#breadcrumb","itemListElement":[{"@type":"ListItem","position":1,"name":"Home","item":"https:\/\/www.montavistahouses.com\/"},{"@type":"ListItem","position":2,"name":"Shop","item":"https:\/\/www.montavistahouses.com\/shop\/"},{"@type":"ListItem","position":3,"name":"Cueva en Olivar"}]},{"@type":"WebSite","@id":"https:\/\/www.montavistahouses.com\/#website","url":"https:\/\/www.montavistahouses.com\/","name":"Casas Montavista","description":"Casas Montavista","publisher":{"@id":"https:\/\/www.montavistahouses.com\/#organization"},"potentialAction":[{"@type":"SearchAction","target":{"@type":"EntryPoint","urlTemplate":"https:\/\/www.montavistahouses.com\/?s={search_term_string}"},"query-input":{"@type":"PropertyValueSpecification","valueRequired":true,"valueName":"search_term_string"}}],"inLanguage":"es"},{"@type":"Organization","@id":"https:\/\/www.montavistahouses.com\/#organization","name":"Casas Montavista","url":"https:\/\/www.montavistahouses.com\/","logo":{"@type":"ImageObject","inLanguage":"es","@id":"https:\/\/www.montavistahouses.com\/#\/schema\/logo\/image\/","url":"https:\/\/www.montavistahouses.com\/wp-content\/uploads\/2024\/09\/for_sale_baza_spain_Huis6.jpg","contentUrl":"https:\/\/www.montavistahouses.com\/wp-content\/uploads\/2024\/09\/for_sale_baza_spain_Huis6.jpg","width":1920,"height":1920,"caption":"Montavista Houses"},"image":{"@id":"https:\/\/www.montavistahouses.com\/#\/schema\/logo\/image\/"}}]}},"_links":{"self":[{"href":"http:\/\/www.montavistahouses.com\/es\/wp-json\/wp\/v2\/product\/1389"}],"collection":[{"href":"http:\/\/www.montavistahouses.com\/es\/wp-json\/wp\/v2\/product"}],"about":[{"href":"http:\/\/www.montavistahouses.com\/es\/wp-json\/wp\/v2\/types\/product"}],"replies":[{"embeddable":true,"href":"http:\/\/www.montavistahouses.com\/es\/wp-json\/wp\/v2\/comments?post=1389"}],"wp:featuredmedia":[{"embeddable":true,"href":"http:\/\/www.montavistahouses.com\/es\/wp-json\/wp\/v2\/media\/1390"}],"wp:attachment":[{"href":"http:\/\/www.montavistahouses.com\/es\/wp-json\/wp\/v2\/media?parent=1389"}],"wp:term":[{"taxonomy":"product_brand","embeddable":true,"href":"http:\/\/www.montavistahouses.com\/es\/wp-json\/wp\/v2\/product_brand?post=1389"},{"taxonomy":"product_cat","embeddable":true,"href":"http:\/\/www.montavistahouses.com\/es\/wp-json\/wp\/v2\/product_cat?post=1389"},{"taxonomy":"product_tag","embeddable":true,"href":"http:\/\/www.montavistahouses.com\/es\/wp-json\/wp\/v2\/product_tag?post=1389"}],"curies":[{"name":"wp","href":"https:\/\/api.w.org\/{rel}","templated":true}]}}