{"id":1314,"date":"2025-06-25T13:03:53","date_gmt":"2025-06-25T13:03:53","guid":{"rendered":"https:\/\/www.montavistahouses.com\/?post_type=product&#038;p=1314"},"modified":"2025-06-25T14:00:08","modified_gmt":"2025-06-25T14:00:08","slug":"cortes-de-baza-cueva-valle-del-rio","status":"publish","type":"product","link":"http:\/\/www.montavistahouses.com\/es\/producto\/cortes-de-baza-cueva-valle-del-rio\/","title":{"rendered":"Cortes de Baza Cueva Valle del rio"},"content":{"rendered":"<p><strong>Se vende preciosa casa cueva con amplia casa de invitados en Cortes de Baza<\/strong><\/p>\n<p><strong>\u00bfEst\u00e1 buscando una casa \u00fanica y atractiva en una zona tranquila? \u00a1Esta hermosa casa cueva le ofrece todo lo que necesita!<\/strong><\/p>\n<p><strong>Casa principal:<\/strong><\/p>\n<ul>\n<li><strong>Amplia cocina<\/strong><\/li>\n<li><strong>5 habitaciones<\/strong><\/li>\n<li><strong>2 ba\u00f1os<\/strong><\/li>\n<li><strong>Sala de ocio<\/strong><\/li>\n<li><strong>Parcela muy espaciosa<\/strong><\/li>\n<li><strong>Estufa de le\u00f1a<\/strong><\/li>\n<li><strong>Jard\u00edn\/terraza privados<\/strong><\/li>\n<li><strong>Azotea<\/strong><\/li>\n<li><strong>Piscina de inmersi\u00f3n<\/strong><\/li>\n<\/ul>\n<p><strong><br \/>\nPensi\u00f3n:<\/strong><\/p>\n<ul>\n<li><strong>cocina espaciosa<\/strong><\/li>\n<li><strong>acogedora sala de estar<\/strong><\/li>\n<li><strong>2 habitaciones<\/strong><\/li>\n<li><b>1 cuarto de ba\u00f1o<\/b><\/li>\n<li><strong>Jard\u00edn\/terraza privados<\/strong><\/li>\n<\/ul>\n<p><strong>\u00a0<\/strong><\/p>\n<p><strong>En el exterior:<\/strong><\/p>\n<ul>\n<li><strong>Olivar<\/strong><\/li>\n<li><strong>Espacio para construir un garaje<\/strong> (licencia disponible)<\/li>\n<li><strong>varias terrazas<\/strong><\/li>\n<li><strong>piscina de inmersi\u00f3n<\/strong><\/li>\n<\/ul>\n<p>&nbsp;<\/p>\n<p>Disfrute de hermosas vistas al monte Jabalc\u00f3n y de la tranquilidad de la naturaleza. Cortes de Baza est\u00e1 a s\u00f3lo 20 minutos en coche de Baza, donde encontrar\u00e1 multitud de servicios como tiendas, un hospital, restaurantes, cafeter\u00edas y colegios.<\/p>\n<p>Perfecto para quienes buscan espacio, comodidad y una experiencia vital \u00fanica.<\/p>\n<p>\u00bfLe interesa? P\u00f3ngase en contacto con nosotros para obtener m\u00e1s informaci\u00f3n o concertar una visita.<\/p>\n<p><strong><br \/>\nPuntos a favor:<\/strong><\/p>\n<ul>\n<li>Impresionantes vistas sobre las verdes colinas y el campo de Cortes de Baza<\/li>\n<li>Situaci\u00f3n tranquila y rural a poca distancia del pueblo de Cortes de Baza.<\/li>\n<li>Posibilidades ilimitadas para uso privado, B&amp;B y proyectos agr\u00edcolas<\/li>\n<li>Cerca de restaurante, supermercado, etc. (5 min en coche).<\/li>\n<\/ul>\n<p>&nbsp;<\/p>\n<p>La playa est\u00e1 a 1,5 horas en coche, la bella ciudad de Granada a 1 hora en coche, el aeropuerto de Granada a 50 minutos en coche.<br \/>\nAdem\u00e1s, hay varias actividades para realizar en la zona, como ciclismo, senderismo, descubrir la diversidad paisaj\u00edstica de la zona, Playa de Freila, Sierra de Baza (Parque Natural), monta\u00f1a Jabalc\u00f3n con ba\u00f1os naturales de agua caliente, cenas, Balnearios, Observatorio, Museos, zonas de naturaleza y fauna (incluyendo observaci\u00f3n de aves) y a 1,5 horas en coche se puede esquiar en Sierra Nevada en invierno. A 20 minutos en coche est\u00e1 la hist\u00f3rica ciudad de Baza equipada con hospital, dentistas, muchos supermercados, restaurantes, teatro, cine, varias tiendas para ir de compras, colegios, as\u00ed como tiendas de bricolaje, etc.<\/p>\n<p>Esta extraordinaria Casa Cueva ofrece una combinaci\u00f3n \u00fanica de libertad, comodidad y potencial. Si usted est\u00e1 buscando un nuevo estilo de vida, una inversi\u00f3n o un lugar para realizar su sue\u00f1o - todo es posible aqu\u00ed.<\/p>\n<p>P\u00f3ngase en contacto con nosotros hoy para una visita y descubrir el encanto de este aut\u00e9ntico cortijo espa\u00f1ol.<\/p>","protected":false},"excerpt":{"rendered":"<p><strong>Se vende<\/strong>: Preciosa casa cueva con amplia casa de invitados en Cortes de Baza.<br \/>\n\u00bfEst\u00e1 buscando una casa \u00fanica y atractiva en una zona tranquila? \u00a1Esta hermosa casa cueva le ofrece todo lo que necesita!<\/p>","protected":false},"featured_media":1380,"comment_status":"open","ping_status":"closed","template":"","meta":{"_acf_changed":false,"inline_featured_image":false},"product_brand":[],"product_cat":[30,27],"product_tag":[23],"class_list":{"0":"post-1314","1":"product","2":"type-product","3":"status-publish","4":"has-post-thumbnail","6":"product_cat-aanbod","7":"product_cat-properties-woocommerce","8":"product_tag-spanje","10":"first","11":"instock","12":"shipping-taxable","13":"purchasable","14":"product-type-simple"},"acf":[],"yoast_head":"<!-- This site is optimized with the Yoast SEO plugin v25.6 - https:\/\/yoast.com\/wordpress\/plugins\/seo\/ -->\n<title>Cortes de Baza Cueva Valle del rio - Montavista Houses<\/title>\n<meta name=\"description\" content=\"Te koop: Prachtige grotwoning met ruim gastenverblijf in Cortes de Baza. Bent u op zoek naar een uniek en sfeervol woonhuis in een rustige omgeving? Deze prachtige grotwoning biedt alles wat u nodig heeft!\" \/>\n<meta name=\"robots\" content=\"index, follow, max-snippet:-1, max-image-preview:large, max-video-preview:-1\" \/>\n<link rel=\"canonical\" href=\"http:\/\/www.montavistahouses.com\/es\/producto\/cortes-de-baza-cueva-valle-del-rio\/\" \/>\n<meta property=\"og:locale\" content=\"es_ES\" \/>\n<meta property=\"og:type\" content=\"article\" \/>\n<meta property=\"og:title\" content=\"Cortes de Baza Cueva Valle del rio - Montavista Houses\" \/>\n<meta property=\"og:description\" content=\"Te koop: Prachtige grotwoning met ruim gastenverblijf in Cortes de Baza. Bent u op zoek naar een uniek en sfeervol woonhuis in een rustige omgeving? Deze prachtige grotwoning biedt alles wat u nodig heeft!\" \/>\n<meta property=\"og:url\" content=\"http:\/\/www.montavistahouses.com\/es\/producto\/cortes-de-baza-cueva-valle-del-rio\/\" \/>\n<meta property=\"og:site_name\" content=\"Montavista Houses\" \/>\n<meta property=\"article:modified_time\" content=\"2025-06-25T14:00:08+00:00\" \/>\n<meta property=\"og:image\" content=\"http:\/\/www.montavistahouses.com\/wp-content\/uploads\/2025\/06\/Tuin16.jpg\" \/>\n\t<meta property=\"og:image:width\" content=\"1000\" \/>\n\t<meta property=\"og:image:height\" content=\"667\" \/>\n\t<meta property=\"og:image:type\" content=\"image\/jpeg\" \/>\n<meta name=\"twitter:card\" content=\"summary_large_image\" \/>\n<meta name=\"twitter:label1\" content=\"Tiempo de lectura\" \/>\n\t<meta name=\"twitter:data1\" content=\"2 minutos\" \/>\n<script type=\"application\/ld+json\" class=\"yoast-schema-graph\">{\"@context\":\"https:\/\/schema.org\",\"@graph\":[{\"@type\":\"WebPage\",\"@id\":\"http:\/\/www.montavistahouses.com\/es\/producto\/cortes-de-baza-cueva-valle-del-rio\/\",\"url\":\"http:\/\/www.montavistahouses.com\/es\/producto\/cortes-de-baza-cueva-valle-del-rio\/\",\"name\":\"Cortes de Baza Cueva Valle del rio - Montavista Houses\",\"isPartOf\":{\"@id\":\"https:\/\/www.montavistahouses.com\/#website\"},\"primaryImageOfPage\":{\"@id\":\"http:\/\/www.montavistahouses.com\/es\/producto\/cortes-de-baza-cueva-valle-del-rio\/#primaryimage\"},\"image\":{\"@id\":\"http:\/\/www.montavistahouses.com\/es\/producto\/cortes-de-baza-cueva-valle-del-rio\/#primaryimage\"},\"thumbnailUrl\":\"http:\/\/www.montavistahouses.com\/wp-content\/uploads\/2025\/06\/Tuin16.jpg\",\"datePublished\":\"2025-06-25T13:03:53+00:00\",\"dateModified\":\"2025-06-25T14:00:08+00:00\",\"description\":\"Te koop: Prachtige grotwoning met ruim gastenverblijf in Cortes de Baza. Bent u op zoek naar een uniek en sfeervol woonhuis in een rustige omgeving? Deze prachtige grotwoning biedt alles wat u nodig heeft!\",\"breadcrumb\":{\"@id\":\"http:\/\/www.montavistahouses.com\/es\/producto\/cortes-de-baza-cueva-valle-del-rio\/#breadcrumb\"},\"inLanguage\":\"es\",\"potentialAction\":[{\"@type\":\"ReadAction\",\"target\":[\"http:\/\/www.montavistahouses.com\/es\/producto\/cortes-de-baza-cueva-valle-del-rio\/\"]}]},{\"@type\":\"ImageObject\",\"inLanguage\":\"es\",\"@id\":\"http:\/\/www.montavistahouses.com\/es\/producto\/cortes-de-baza-cueva-valle-del-rio\/#primaryimage\",\"url\":\"http:\/\/www.montavistahouses.com\/wp-content\/uploads\/2025\/06\/Tuin16.jpg\",\"contentUrl\":\"http:\/\/www.montavistahouses.com\/wp-content\/uploads\/2025\/06\/Tuin16.jpg\",\"width\":1000,\"height\":667},{\"@type\":\"BreadcrumbList\",\"@id\":\"http:\/\/www.montavistahouses.com\/es\/producto\/cortes-de-baza-cueva-valle-del-rio\/#breadcrumb\",\"itemListElement\":[{\"@type\":\"ListItem\",\"position\":1,\"name\":\"Home\",\"item\":\"https:\/\/www.montavistahouses.com\/\"},{\"@type\":\"ListItem\",\"position\":2,\"name\":\"Shop\",\"item\":\"https:\/\/www.montavistahouses.com\/shop\/\"},{\"@type\":\"ListItem\",\"position\":3,\"name\":\"Cortes de Baza Cueva Valle del rio\"}]},{\"@type\":\"WebSite\",\"@id\":\"https:\/\/www.montavistahouses.com\/#website\",\"url\":\"https:\/\/www.montavistahouses.com\/\",\"name\":\"Montavista Houses\",\"description\":\"Montavista Houses\",\"publisher\":{\"@id\":\"https:\/\/www.montavistahouses.com\/#organization\"},\"potentialAction\":[{\"@type\":\"SearchAction\",\"target\":{\"@type\":\"EntryPoint\",\"urlTemplate\":\"https:\/\/www.montavistahouses.com\/?s={search_term_string}\"},\"query-input\":{\"@type\":\"PropertyValueSpecification\",\"valueRequired\":true,\"valueName\":\"search_term_string\"}}],\"inLanguage\":\"es\"},{\"@type\":\"Organization\",\"@id\":\"https:\/\/www.montavistahouses.com\/#organization\",\"name\":\"Montavista Houses\",\"url\":\"https:\/\/www.montavistahouses.com\/\",\"logo\":{\"@type\":\"ImageObject\",\"inLanguage\":\"es\",\"@id\":\"https:\/\/www.montavistahouses.com\/#\/schema\/logo\/image\/\",\"url\":\"https:\/\/www.montavistahouses.com\/wp-content\/uploads\/2024\/09\/for_sale_baza_spain_Huis6.jpg\",\"contentUrl\":\"https:\/\/www.montavistahouses.com\/wp-content\/uploads\/2024\/09\/for_sale_baza_spain_Huis6.jpg\",\"width\":1920,\"height\":1920,\"caption\":\"Montavista Houses\"},\"image\":{\"@id\":\"https:\/\/www.montavistahouses.com\/#\/schema\/logo\/image\/\"}}]}<\/script>\n<!-- \/ Yoast SEO plugin. -->","yoast_head_json":{"title":"Cortes de Baza Cueva Valle del rio - Montavista Houses","description":"Te koop: Prachtige grotwoning met ruim gastenverblijf in Cortes de Baza. Bent u op zoek naar een uniek en sfeervol woonhuis in een rustige omgeving? Deze prachtige grotwoning biedt alles wat u nodig heeft!","robots":{"index":"index","follow":"follow","max-snippet":"max-snippet:-1","max-image-preview":"max-image-preview:large","max-video-preview":"max-video-preview:-1"},"canonical":"http:\/\/www.montavistahouses.com\/es\/producto\/cortes-de-baza-cueva-valle-del-rio\/","og_locale":"es_ES","og_type":"article","og_title":"Cortes de Baza Cueva Valle del rio - Montavista Houses","og_description":"Te koop: Prachtige grotwoning met ruim gastenverblijf in Cortes de Baza. Bent u op zoek naar een uniek en sfeervol woonhuis in een rustige omgeving? Deze prachtige grotwoning biedt alles wat u nodig heeft!","og_url":"http:\/\/www.montavistahouses.com\/es\/producto\/cortes-de-baza-cueva-valle-del-rio\/","og_site_name":"Montavista Houses","article_modified_time":"2025-06-25T14:00:08+00:00","og_image":[{"width":1000,"height":667,"url":"http:\/\/www.montavistahouses.com\/wp-content\/uploads\/2025\/06\/Tuin16.jpg","type":"image\/jpeg"}],"twitter_card":"summary_large_image","twitter_misc":{"Tiempo de lectura":"2 minutos"},"schema":{"@context":"https:\/\/schema.org","@graph":[{"@type":"WebPage","@id":"http:\/\/www.montavistahouses.com\/es\/producto\/cortes-de-baza-cueva-valle-del-rio\/","url":"http:\/\/www.montavistahouses.com\/es\/producto\/cortes-de-baza-cueva-valle-del-rio\/","name":"Cortes de Baza Cueva Valle del rio - Montavista Houses","isPartOf":{"@id":"https:\/\/www.montavistahouses.com\/#website"},"primaryImageOfPage":{"@id":"http:\/\/www.montavistahouses.com\/es\/producto\/cortes-de-baza-cueva-valle-del-rio\/#primaryimage"},"image":{"@id":"http:\/\/www.montavistahouses.com\/es\/producto\/cortes-de-baza-cueva-valle-del-rio\/#primaryimage"},"thumbnailUrl":"http:\/\/www.montavistahouses.com\/wp-content\/uploads\/2025\/06\/Tuin16.jpg","datePublished":"2025-06-25T13:03:53+00:00","dateModified":"2025-06-25T14:00:08+00:00","description":"Te koop: Prachtige grotwoning met ruim gastenverblijf in Cortes de Baza. Bent u op zoek naar een uniek en sfeervol woonhuis in een rustige omgeving? Deze prachtige grotwoning biedt alles wat u nodig heeft!","breadcrumb":{"@id":"http:\/\/www.montavistahouses.com\/es\/producto\/cortes-de-baza-cueva-valle-del-rio\/#breadcrumb"},"inLanguage":"es","potentialAction":[{"@type":"ReadAction","target":["http:\/\/www.montavistahouses.com\/es\/producto\/cortes-de-baza-cueva-valle-del-rio\/"]}]},{"@type":"ImageObject","inLanguage":"es","@id":"http:\/\/www.montavistahouses.com\/es\/producto\/cortes-de-baza-cueva-valle-del-rio\/#primaryimage","url":"http:\/\/www.montavistahouses.com\/wp-content\/uploads\/2025\/06\/Tuin16.jpg","contentUrl":"http:\/\/www.montavistahouses.com\/wp-content\/uploads\/2025\/06\/Tuin16.jpg","width":1000,"height":667},{"@type":"BreadcrumbList","@id":"http:\/\/www.montavistahouses.com\/es\/producto\/cortes-de-baza-cueva-valle-del-rio\/#breadcrumb","itemListElement":[{"@type":"ListItem","position":1,"name":"Home","item":"https:\/\/www.montavistahouses.com\/"},{"@type":"ListItem","position":2,"name":"Shop","item":"https:\/\/www.montavistahouses.com\/shop\/"},{"@type":"ListItem","position":3,"name":"Cortes de Baza Cueva Valle del rio"}]},{"@type":"WebSite","@id":"https:\/\/www.montavistahouses.com\/#website","url":"https:\/\/www.montavistahouses.com\/","name":"Casas Montavista","description":"Casas Montavista","publisher":{"@id":"https:\/\/www.montavistahouses.com\/#organization"},"potentialAction":[{"@type":"SearchAction","target":{"@type":"EntryPoint","urlTemplate":"https:\/\/www.montavistahouses.com\/?s={search_term_string}"},"query-input":{"@type":"PropertyValueSpecification","valueRequired":true,"valueName":"search_term_string"}}],"inLanguage":"es"},{"@type":"Organization","@id":"https:\/\/www.montavistahouses.com\/#organization","name":"Casas Montavista","url":"https:\/\/www.montavistahouses.com\/","logo":{"@type":"ImageObject","inLanguage":"es","@id":"https:\/\/www.montavistahouses.com\/#\/schema\/logo\/image\/","url":"https:\/\/www.montavistahouses.com\/wp-content\/uploads\/2024\/09\/for_sale_baza_spain_Huis6.jpg","contentUrl":"https:\/\/www.montavistahouses.com\/wp-content\/uploads\/2024\/09\/for_sale_baza_spain_Huis6.jpg","width":1920,"height":1920,"caption":"Montavista Houses"},"image":{"@id":"https:\/\/www.montavistahouses.com\/#\/schema\/logo\/image\/"}}]}},"_links":{"self":[{"href":"http:\/\/www.montavistahouses.com\/es\/wp-json\/wp\/v2\/product\/1314"}],"collection":[{"href":"http:\/\/www.montavistahouses.com\/es\/wp-json\/wp\/v2\/product"}],"about":[{"href":"http:\/\/www.montavistahouses.com\/es\/wp-json\/wp\/v2\/types\/product"}],"replies":[{"embeddable":true,"href":"http:\/\/www.montavistahouses.com\/es\/wp-json\/wp\/v2\/comments?post=1314"}],"wp:featuredmedia":[{"embeddable":true,"href":"http:\/\/www.montavistahouses.com\/es\/wp-json\/wp\/v2\/media\/1380"}],"wp:attachment":[{"href":"http:\/\/www.montavistahouses.com\/es\/wp-json\/wp\/v2\/media?parent=1314"}],"wp:term":[{"taxonomy":"product_brand","embeddable":true,"href":"http:\/\/www.montavistahouses.com\/es\/wp-json\/wp\/v2\/product_brand?post=1314"},{"taxonomy":"product_cat","embeddable":true,"href":"http:\/\/www.montavistahouses.com\/es\/wp-json\/wp\/v2\/product_cat?post=1314"},{"taxonomy":"product_tag","embeddable":true,"href":"http:\/\/www.montavistahouses.com\/es\/wp-json\/wp\/v2\/product_tag?post=1314"}],"curies":[{"name":"wp","href":"https:\/\/api.w.org\/{rel}","templated":true}]}}