{"id":1191,"date":"2025-04-26T14:40:19","date_gmt":"2025-04-26T14:40:19","guid":{"rendered":"https:\/\/www.montavistahouses.com\/?post_type=product&#038;p=1191"},"modified":"2025-05-18T12:51:38","modified_gmt":"2025-05-18T12:51:38","slug":"el-molino-del-marques","status":"publish","type":"product","link":"http:\/\/www.montavistahouses.com\/es\/producto\/el-molino-del-marques\/","title":{"rendered":"El Molino del Marqu\u00e9s"},"content":{"rendered":"<p class=\"p1\">Este encantador molino de ma\u00edz restaurado de 7 dormitorios con impresionantes vistas de las colinas y el campo est\u00e1 a la venta a un precio muy atractivo en Chirivel en la provincia de Almer\u00eda. Esta propiedad ofrece un sinf\u00edn de posibilidades, como un B &amp; B, restaurante, Glamping, etc.<\/p>\n<p class=\"p1\">Ubicado en un pintoresco entorno rural, a pocos pasos del encantador pueblo de Chirivel, este molino tradicional bellamente restaurado ofrece una mezcla \u00fanica de encanto hist\u00f3rico y las comodidades modernas. Situado en aproximadamente 1 hect\u00e1rea de terreno, la propiedad cuenta con una abundancia de espacio, dependencias vers\u00e1tiles y unas vistas impresionantes de los alrededores.<br \/>\nEl edificio principal del molino est\u00e1 cuidadosamente dividido en dos plantas.<\/p>\n<p class=\"p1\">La planta baja dispone de un amplio y acogedor sal\u00f3n, con puertas francesas que dan a la terraza. En el sal\u00f3n encontrar\u00e1 la carpinter\u00eda original, que se ha conservado y refleja el encanto de la historia. La cocina est\u00e1 totalmente equipada y puede decorarse a su gusto. Adem\u00e1s, en la planta baja hay un amplio lavadero, dos dormitorios y un espacioso cuarto de ba\u00f1o.<\/p>\n<p class=\"p1\">La planta superior conduce a una luminosa sala de estar, a tres dormitorios adicionales y a un espacioso cuarto de ba\u00f1o. Al lado hay otra habitaci\u00f3n generosa que a\u00fan necesita algo de atenci\u00f3n y que se puede decorar como mejor le parezca.<\/p>\n<p class=\"p1\">Junto a la casa principal hay un estudio independiente, equipado con cocina y ba\u00f1o. ideal para invitados o posibilidades de alquiler.<\/p>\n<p class=\"p1\">Tambi\u00e9n hay dependencias, un granero muy grande, que ofrece posibilidades para un taller, almacenamiento, otro piso o un bar espacial. Un \u00e1rea estable que tambi\u00e9n podr\u00eda ofrecer m\u00e1s posibilidades.<\/p>\n<p class=\"p1\">Con su ubicaci\u00f3n id\u00edlica pero conveniente, interiores con car\u00e1cter y amplios terrenos, esta propiedad excepcional ofrece una rara oportunidad de disfrutar de lo mejor de la vida rural con las comodidades modernas a su alcance.<\/p>\n<p>Servicios locales:<br \/>\nA poca distancia hay un supermercado y un comedor agradable m\u00e1s servicios en el pueblo. Adem\u00e1s, Lorca est\u00e1 a 20 minutos en coche de la propiedad, aqu\u00ed las comodidades incluyen escuelas, hospital, varias tiendas, restaurantes, supermercados, etc.<\/p>\n<p class=\"p1\">","protected":false},"excerpt":{"rendered":"<p>Este encantador molino de ma\u00edz restaurado de 7 dormitorios con impresionantes vistas de las colinas y el campo est\u00e1 a la venta a un precio muy atractivo en Chirivel en la provincia de Almer\u00eda. Esta propiedad ofrece un sinf\u00edn de posibilidades, como un B &amp; B, restaurante, Glamping, etc.<\/p>","protected":false},"featured_media":1202,"comment_status":"open","ping_status":"closed","template":"","meta":{"_acf_changed":false,"inline_featured_image":false},"product_brand":[],"product_cat":[30,27],"product_tag":[44,45,23,46],"class_list":{"0":"post-1191","1":"product","2":"type-product","3":"status-publish","4":"has-post-thumbnail","6":"product_cat-aanbod","7":"product_cat-properties-woocommerce","8":"product_tag-7-slaapkamers","9":"product_tag-bb","10":"product_tag-spanje","11":"product_tag-stallen","13":"first","14":"instock","15":"shipping-taxable","16":"purchasable","17":"product-type-simple"},"acf":[],"yoast_head":"<!-- This site is optimized with the Yoast SEO plugin v25.6 - https:\/\/yoast.com\/wordpress\/plugins\/seo\/ -->\n<title>El Molino del Marques - Montavista Houses<\/title>\n<meta name=\"robots\" content=\"index, follow, max-snippet:-1, max-image-preview:large, max-video-preview:-1\" \/>\n<link rel=\"canonical\" href=\"https:\/\/www.montavistahouses.com\/es\/producto\/el-molino-del-marques\/\" \/>\n<meta property=\"og:locale\" content=\"es_ES\" \/>\n<meta property=\"og:type\" content=\"article\" \/>\n<meta property=\"og:title\" content=\"El Molino del Marques - Montavista Houses\" \/>\n<meta property=\"og:description\" content=\"Deze Charmante gerestaureerde korenmolen met 7 slaapkamers en adembenemend uitzicht op de heuvels en landerijen staat te koop voor een zeer aantrekkelijke prijs in Chirivel in de provincie Almeria. Deze woning biedt een legio aan mogelijkheden, zoals een B&amp;B, restaurant, Glamping, etc.\" \/>\n<meta property=\"og:url\" content=\"https:\/\/www.montavistahouses.com\/es\/producto\/el-molino-del-marques\/\" \/>\n<meta property=\"og:site_name\" content=\"Montavista Houses\" \/>\n<meta property=\"article:modified_time\" content=\"2025-05-18T12:51:38+00:00\" \/>\n<meta property=\"og:image\" content=\"https:\/\/www.montavistahouses.com\/wp-content\/uploads\/2025\/04\/Buitenkant-huis6.jpg\" \/>\n\t<meta property=\"og:image:width\" content=\"1000\" \/>\n\t<meta property=\"og:image:height\" content=\"667\" \/>\n\t<meta property=\"og:image:type\" content=\"image\/jpeg\" \/>\n<meta name=\"twitter:card\" content=\"summary_large_image\" \/>\n<meta name=\"twitter:label1\" content=\"Tiempo de lectura\" \/>\n\t<meta name=\"twitter:data1\" content=\"2 minutos\" \/>\n<script type=\"application\/ld+json\" class=\"yoast-schema-graph\">{\"@context\":\"https:\/\/schema.org\",\"@graph\":[{\"@type\":\"WebPage\",\"@id\":\"https:\/\/www.montavistahouses.com\/product\/el-molino-del-marques\/\",\"url\":\"https:\/\/www.montavistahouses.com\/product\/el-molino-del-marques\/\",\"name\":\"El Molino del Marques - Montavista Houses\",\"isPartOf\":{\"@id\":\"https:\/\/www.montavistahouses.com\/#website\"},\"primaryImageOfPage\":{\"@id\":\"https:\/\/www.montavistahouses.com\/product\/el-molino-del-marques\/#primaryimage\"},\"image\":{\"@id\":\"https:\/\/www.montavistahouses.com\/product\/el-molino-del-marques\/#primaryimage\"},\"thumbnailUrl\":\"http:\/\/www.montavistahouses.com\/wp-content\/uploads\/2025\/04\/Buitenkant-huis6.jpg\",\"datePublished\":\"2025-04-26T14:40:19+00:00\",\"dateModified\":\"2025-05-18T12:51:38+00:00\",\"breadcrumb\":{\"@id\":\"https:\/\/www.montavistahouses.com\/product\/el-molino-del-marques\/#breadcrumb\"},\"inLanguage\":\"es\",\"potentialAction\":[{\"@type\":\"ReadAction\",\"target\":[\"https:\/\/www.montavistahouses.com\/product\/el-molino-del-marques\/\"]}]},{\"@type\":\"ImageObject\",\"inLanguage\":\"es\",\"@id\":\"https:\/\/www.montavistahouses.com\/product\/el-molino-del-marques\/#primaryimage\",\"url\":\"http:\/\/www.montavistahouses.com\/wp-content\/uploads\/2025\/04\/Buitenkant-huis6.jpg\",\"contentUrl\":\"http:\/\/www.montavistahouses.com\/wp-content\/uploads\/2025\/04\/Buitenkant-huis6.jpg\",\"width\":1000,\"height\":667},{\"@type\":\"BreadcrumbList\",\"@id\":\"https:\/\/www.montavistahouses.com\/product\/el-molino-del-marques\/#breadcrumb\",\"itemListElement\":[{\"@type\":\"ListItem\",\"position\":1,\"name\":\"Home\",\"item\":\"https:\/\/www.montavistahouses.com\/\"},{\"@type\":\"ListItem\",\"position\":2,\"name\":\"Shop\",\"item\":\"https:\/\/www.montavistahouses.com\/shop\/\"},{\"@type\":\"ListItem\",\"position\":3,\"name\":\"El Molino del Marques\"}]},{\"@type\":\"WebSite\",\"@id\":\"https:\/\/www.montavistahouses.com\/#website\",\"url\":\"https:\/\/www.montavistahouses.com\/\",\"name\":\"Montavista Houses\",\"description\":\"Montavista Houses\",\"publisher\":{\"@id\":\"https:\/\/www.montavistahouses.com\/#organization\"},\"potentialAction\":[{\"@type\":\"SearchAction\",\"target\":{\"@type\":\"EntryPoint\",\"urlTemplate\":\"https:\/\/www.montavistahouses.com\/?s={search_term_string}\"},\"query-input\":{\"@type\":\"PropertyValueSpecification\",\"valueRequired\":true,\"valueName\":\"search_term_string\"}}],\"inLanguage\":\"es\"},{\"@type\":\"Organization\",\"@id\":\"https:\/\/www.montavistahouses.com\/#organization\",\"name\":\"Montavista Houses\",\"url\":\"https:\/\/www.montavistahouses.com\/\",\"logo\":{\"@type\":\"ImageObject\",\"inLanguage\":\"es\",\"@id\":\"https:\/\/www.montavistahouses.com\/#\/schema\/logo\/image\/\",\"url\":\"https:\/\/www.montavistahouses.com\/wp-content\/uploads\/2024\/09\/for_sale_baza_spain_Huis6.jpg\",\"contentUrl\":\"https:\/\/www.montavistahouses.com\/wp-content\/uploads\/2024\/09\/for_sale_baza_spain_Huis6.jpg\",\"width\":1920,\"height\":1920,\"caption\":\"Montavista Houses\"},\"image\":{\"@id\":\"https:\/\/www.montavistahouses.com\/#\/schema\/logo\/image\/\"}}]}<\/script>\n<!-- \/ Yoast SEO plugin. -->","yoast_head_json":{"title":"El Molino del Marques - Montavista Houses","robots":{"index":"index","follow":"follow","max-snippet":"max-snippet:-1","max-image-preview":"max-image-preview:large","max-video-preview":"max-video-preview:-1"},"canonical":"https:\/\/www.montavistahouses.com\/es\/producto\/el-molino-del-marques\/","og_locale":"es_ES","og_type":"article","og_title":"El Molino del Marques - Montavista Houses","og_description":"Deze Charmante gerestaureerde korenmolen met 7 slaapkamers en adembenemend uitzicht op de heuvels en landerijen staat te koop voor een zeer aantrekkelijke prijs in Chirivel in de provincie Almeria. Deze woning biedt een legio aan mogelijkheden, zoals een B&amp;B, restaurant, Glamping, etc.","og_url":"https:\/\/www.montavistahouses.com\/es\/producto\/el-molino-del-marques\/","og_site_name":"Montavista Houses","article_modified_time":"2025-05-18T12:51:38+00:00","og_image":[{"width":1000,"height":667,"url":"https:\/\/www.montavistahouses.com\/wp-content\/uploads\/2025\/04\/Buitenkant-huis6.jpg","type":"image\/jpeg"}],"twitter_card":"summary_large_image","twitter_misc":{"Tiempo de lectura":"2 minutos"},"schema":{"@context":"https:\/\/schema.org","@graph":[{"@type":"WebPage","@id":"https:\/\/www.montavistahouses.com\/product\/el-molino-del-marques\/","url":"https:\/\/www.montavistahouses.com\/product\/el-molino-del-marques\/","name":"El Molino del Marques - Montavista Houses","isPartOf":{"@id":"https:\/\/www.montavistahouses.com\/#website"},"primaryImageOfPage":{"@id":"https:\/\/www.montavistahouses.com\/product\/el-molino-del-marques\/#primaryimage"},"image":{"@id":"https:\/\/www.montavistahouses.com\/product\/el-molino-del-marques\/#primaryimage"},"thumbnailUrl":"http:\/\/www.montavistahouses.com\/wp-content\/uploads\/2025\/04\/Buitenkant-huis6.jpg","datePublished":"2025-04-26T14:40:19+00:00","dateModified":"2025-05-18T12:51:38+00:00","breadcrumb":{"@id":"https:\/\/www.montavistahouses.com\/product\/el-molino-del-marques\/#breadcrumb"},"inLanguage":"es","potentialAction":[{"@type":"ReadAction","target":["https:\/\/www.montavistahouses.com\/product\/el-molino-del-marques\/"]}]},{"@type":"ImageObject","inLanguage":"es","@id":"https:\/\/www.montavistahouses.com\/product\/el-molino-del-marques\/#primaryimage","url":"http:\/\/www.montavistahouses.com\/wp-content\/uploads\/2025\/04\/Buitenkant-huis6.jpg","contentUrl":"http:\/\/www.montavistahouses.com\/wp-content\/uploads\/2025\/04\/Buitenkant-huis6.jpg","width":1000,"height":667},{"@type":"BreadcrumbList","@id":"https:\/\/www.montavistahouses.com\/product\/el-molino-del-marques\/#breadcrumb","itemListElement":[{"@type":"ListItem","position":1,"name":"Home","item":"https:\/\/www.montavistahouses.com\/"},{"@type":"ListItem","position":2,"name":"Shop","item":"https:\/\/www.montavistahouses.com\/shop\/"},{"@type":"ListItem","position":3,"name":"El Molino del Marques"}]},{"@type":"WebSite","@id":"https:\/\/www.montavistahouses.com\/#website","url":"https:\/\/www.montavistahouses.com\/","name":"Casas Montavista","description":"Casas Montavista","publisher":{"@id":"https:\/\/www.montavistahouses.com\/#organization"},"potentialAction":[{"@type":"SearchAction","target":{"@type":"EntryPoint","urlTemplate":"https:\/\/www.montavistahouses.com\/?s={search_term_string}"},"query-input":{"@type":"PropertyValueSpecification","valueRequired":true,"valueName":"search_term_string"}}],"inLanguage":"es"},{"@type":"Organization","@id":"https:\/\/www.montavistahouses.com\/#organization","name":"Casas Montavista","url":"https:\/\/www.montavistahouses.com\/","logo":{"@type":"ImageObject","inLanguage":"es","@id":"https:\/\/www.montavistahouses.com\/#\/schema\/logo\/image\/","url":"https:\/\/www.montavistahouses.com\/wp-content\/uploads\/2024\/09\/for_sale_baza_spain_Huis6.jpg","contentUrl":"https:\/\/www.montavistahouses.com\/wp-content\/uploads\/2024\/09\/for_sale_baza_spain_Huis6.jpg","width":1920,"height":1920,"caption":"Montavista Houses"},"image":{"@id":"https:\/\/www.montavistahouses.com\/#\/schema\/logo\/image\/"}}]}},"_links":{"self":[{"href":"http:\/\/www.montavistahouses.com\/es\/wp-json\/wp\/v2\/product\/1191"}],"collection":[{"href":"http:\/\/www.montavistahouses.com\/es\/wp-json\/wp\/v2\/product"}],"about":[{"href":"http:\/\/www.montavistahouses.com\/es\/wp-json\/wp\/v2\/types\/product"}],"replies":[{"embeddable":true,"href":"http:\/\/www.montavistahouses.com\/es\/wp-json\/wp\/v2\/comments?post=1191"}],"wp:featuredmedia":[{"embeddable":true,"href":"http:\/\/www.montavistahouses.com\/es\/wp-json\/wp\/v2\/media\/1202"}],"wp:attachment":[{"href":"http:\/\/www.montavistahouses.com\/es\/wp-json\/wp\/v2\/media?parent=1191"}],"wp:term":[{"taxonomy":"product_brand","embeddable":true,"href":"http:\/\/www.montavistahouses.com\/es\/wp-json\/wp\/v2\/product_brand?post=1191"},{"taxonomy":"product_cat","embeddable":true,"href":"http:\/\/www.montavistahouses.com\/es\/wp-json\/wp\/v2\/product_cat?post=1191"},{"taxonomy":"product_tag","embeddable":true,"href":"http:\/\/www.montavistahouses.com\/es\/wp-json\/wp\/v2\/product_tag?post=1191"}],"curies":[{"name":"wp","href":"https:\/\/api.w.org\/{rel}","templated":true}]}}