{"id":1096,"date":"2025-04-10T12:29:31","date_gmt":"2025-04-10T12:29:31","guid":{"rendered":"https:\/\/www.montavistahouses.com\/?post_type=product&#038;p=1096"},"modified":"2025-10-26T15:16:48","modified_gmt":"2025-10-26T15:16:48","slug":"cortijo-en-campo-de-caniles","status":"publish","type":"product","link":"http:\/\/www.montavistahouses.com\/es\/producto\/cortijo-en-campo-de-caniles\/","title":{"rendered":"Cortijo y Campo de Caniles"},"content":{"rendered":"<p><strong>Para la venta: Cortijo \u00fanico en Caniles, Espa\u00f1a - Para\u00edso independiente con 2,4 hect\u00e1reas de terreno con casa de hu\u00e9spedes contigua. <\/strong><\/p>\n<p>\u00bfBusca paz, espacio y un sinf\u00edn de posibilidades? Entonces esta hermosa ubicaci\u00f3n <em>Cortijo<\/em> en Caniles exactamente lo que busca.<br \/>\nEsta espaciosa casa, totalmente independiente, est\u00e1 situada en una parcela de nada menos que <strong>2,4 hect\u00e1reas<\/strong> y lo ofrece todo para quienes desean vivir en armon\u00eda con la naturaleza, son amantes de los caballos o sue\u00f1an con un alojamiento tur\u00edstico.<\/p>\n<p><strong><br \/>\nDisposici\u00f3n e instalaciones:<\/strong><\/p>\n<p>&nbsp;<\/p>\n<p><strong>Vivienda 1:<\/strong><\/p>\n<ul>\n<li><strong>4 amplios dormitorios<\/strong><\/li>\n<li><strong>1 cuarto de ba\u00f1o<\/strong><\/li>\n<li><strong>3 acogedoras salas de estar<\/strong> - ideal para familias numerosas o invitados<\/li>\n<li><strong>Cocina totalmente equipada<\/strong> con todas las facilidades<\/li>\n<li><strong>Almac\u00e9n<\/strong><\/li>\n<li><strong><strong><strong><strong>Calefacci\u00f3n central con paletas<\/strong><\/strong><\/strong><\/strong><\/li>\n<\/ul>\n<p><strong>Vivienda 2:<\/strong><\/p>\n<ul>\n<li><strong>2 amplios dormitorios<\/strong><\/li>\n<li><strong>2 cuartos de ba\u00f1o<\/strong><\/li>\n<li><strong>1 sala de estar <\/strong><\/li>\n<li><strong>Cocina totalmente equipada<\/strong><\/li>\n<li><strong>Jard\u00edn privado y terraza<\/strong><\/li>\n<li><strong>Calefacci\u00f3n central con paletas<\/strong><\/li>\n<\/ul>\n<p><strong>\u00a0<\/strong><\/p>\n<p><strong>En el exterior:<\/strong><\/p>\n<ul>\n<li><strong>Cuadras para 5 caballos<\/strong> - perfecto para los amantes de los caballos y los burros o para los peque\u00f1os propietarios de caballos<\/li>\n<li><strong>Fuente de agua y suministro el\u00e9ctrico propios<\/strong> - vivir completamente aislado de la red<\/li>\n<li><strong>Espacio para crear 2 pisos adicionales<\/strong> - ideal para alquiler o alojamiento de hu\u00e9spedes (las habitaciones ya est\u00e1n preparadas con alcantarillado, suministro de agua y electricidad).<\/li>\n<li><strong>Casa del panadero<\/strong><\/li>\n<li><strong>M\u00faltiples zonas de almacenamiento interior<\/strong><\/li>\n<li><strong>Amplias terrazas<\/strong><\/li>\n<li><strong>Piscina<\/strong><\/li>\n<li><strong>Bar al aire libre<\/strong><\/li>\n<li><strong><strong>Sal\u00f3n cubierto<\/strong><\/strong><\/li>\n<\/ul>\n<p><strong><br \/>\nPuntos a favor:<\/strong><\/p>\n<ul>\n<li>Impresionantes vistas sobre las verdes colinas y el campo de Caniles<\/li>\n<li>Completamente autosuficiente y sostenible: preparado para el futuro<\/li>\n<li>Situaci\u00f3n tranquila y rural a poca distancia del pueblo de Caniles y de la ciudad de Baza.<\/li>\n<li>Posibilidades ilimitadas para uso privado, B&amp;B, Glamping y\/o proyectos agr\u00edcolas<\/li>\n<li>Cerca de Restaurantes, supermercados, colegios, hospital etc. (10 min en coche).<\/li>\n<li>El martes mercado en Caniles y el mi\u00e9rcoles en Baza.<\/li>\n<\/ul>\n<p>&nbsp;<\/p>\n<p>La playa est\u00e1 a 1 hora, la bella ciudad de Granada a 1 hora, el aeropuerto de Granada a 45 minutos.<br \/>\nTambi\u00e9n hay varias actividades para realizar en la zona, como ciclismo, senderismo, descubrir la diversidad paisaj\u00edstica de la zona, Playa de Freila, Sierra de Baza (Parque Natural), monta\u00f1a Jabalc\u00f3n con ba\u00f1os naturales de agua caliente, cenas, Balnearios, Observatorio, Museos, zonas de naturaleza y fauna (incluyendo observaci\u00f3n de aves) y a 1 hora en coche se puede esquiar en Sierra Nevada en invierno. A 15 minutos en coche est\u00e1 la hist\u00f3rica ciudad de Baza equipada con hospital, dentistas, muchos supermercados, restaurantes, teatro, cine, varias tiendas para ir de compras, as\u00ed como tiendas de bricolaje, etc.<\/p>\n<p>&nbsp;<\/p>\n<p>Este particular <em>Cortijo<\/em> ofrece una combinaci\u00f3n \u00fanica de libertad, comodidad y potencial. Tanto si busca un nuevo estilo de vida, una inversi\u00f3n o un lugar donde hacer realidad su sue\u00f1o, aqu\u00ed todo es posible.<\/p>\n<p>&nbsp;<\/p>\n<p>P\u00f3ngase en contacto con nosotros hoy para una visita y descubrir el encanto de este aut\u00e9ntico cortijo espa\u00f1ol.<\/p>","protected":false},"excerpt":{"rendered":"<p><strong>\u00a1\u00a1\u00a1En venta!!!<\/strong><\/p>\n<p><strong>Cortijo \u00fanico en Caniles, Espa\u00f1a - Para\u00edso de 2,4 hect\u00e1reas de terreno con una casa de hu\u00e9spedes contigua. <\/strong><\/p>\n<p>\u00bfBusca paz, espacio y un sinf\u00edn de posibilidades? Entonces esta hermosa ubicaci\u00f3n <em>Cortijo<\/em> Esta espaciosa casa, totalmente independiente, se encuentra en una parcela de nada menos que 1.000 m2. <strong>2,4 hect\u00e1reas<\/strong> y lo ofrece todo para quienes desean vivir en armon\u00eda con la naturaleza, son amantes de los caballos y los burros o sue\u00f1an con un alojamiento tur\u00edstico.<\/p>","protected":false},"featured_media":1102,"comment_status":"open","ping_status":"closed","template":"","meta":{"_acf_changed":false,"inline_featured_image":false},"product_brand":[],"product_cat":[30,27],"product_tag":[23],"class_list":{"0":"post-1096","1":"product","2":"type-product","3":"status-publish","4":"has-post-thumbnail","6":"product_cat-aanbod","7":"product_cat-properties-woocommerce","8":"product_tag-spanje","10":"first","11":"instock","12":"sale","13":"shipping-taxable","14":"purchasable","15":"product-type-simple"},"acf":[],"yoast_head":"<!-- This site is optimized with the Yoast SEO plugin v25.6 - https:\/\/yoast.com\/wordpress\/plugins\/seo\/ -->\n<title>Cortijo en Campo de Caniles - Montavista Houses<\/title>\n<meta name=\"robots\" content=\"index, follow, max-snippet:-1, max-image-preview:large, max-video-preview:-1\" \/>\n<link rel=\"canonical\" href=\"https:\/\/www.montavistahouses.com\/es\/producto\/cortijo-en-campo-de-caniles\/\" \/>\n<meta property=\"og:locale\" content=\"es_ES\" \/>\n<meta property=\"og:type\" content=\"article\" \/>\n<meta property=\"og:title\" content=\"Cortijo en Campo de Caniles - Montavista Houses\" \/>\n<meta property=\"og:description\" content=\"Te Koop!!!  Unieke Cortijo in Caniles, Spanje \u2013 Zelfvoorzienend paradijs met 2,4 hectare grond met een aangrenzend gastenverblijf.   Ben je op zoek naar rust, ruimte en eindeloze mogelijkheden? Dan is deze prachtig gelegen Cortijo in Caniles precies wat je zoekt.Deze ruime, volledig zelfvoorzienende woning ligt op een perceel van maar liefst 2,4 hectare en biedt alles voor wie wil wonen in harmonie met de natuur, paarden\/ezel liefhebber is of droomt van een toeristische accommodatie.\" \/>\n<meta property=\"og:url\" content=\"https:\/\/www.montavistahouses.com\/es\/producto\/cortijo-en-campo-de-caniles\/\" \/>\n<meta property=\"og:site_name\" content=\"Montavista Houses\" \/>\n<meta property=\"article:modified_time\" content=\"2025-10-26T15:16:48+00:00\" \/>\n<meta property=\"og:image\" content=\"https:\/\/www.montavistahouses.com\/wp-content\/uploads\/2025\/04\/huis-buiten.jpg\" \/>\n\t<meta property=\"og:image:width\" content=\"1000\" \/>\n\t<meta property=\"og:image:height\" content=\"732\" \/>\n\t<meta property=\"og:image:type\" content=\"image\/jpeg\" \/>\n<meta name=\"twitter:card\" content=\"summary_large_image\" \/>\n<meta name=\"twitter:label1\" content=\"Tiempo de lectura\" \/>\n\t<meta name=\"twitter:data1\" content=\"2 minutos\" \/>\n<script type=\"application\/ld+json\" class=\"yoast-schema-graph\">{\"@context\":\"https:\/\/schema.org\",\"@graph\":[{\"@type\":\"WebPage\",\"@id\":\"https:\/\/www.montavistahouses.com\/en\/product\/cortijo-en-campo-de-caniles\/\",\"url\":\"https:\/\/www.montavistahouses.com\/en\/product\/cortijo-en-campo-de-caniles\/\",\"name\":\"Cortijo en Campo de Caniles - Montavista Houses\",\"isPartOf\":{\"@id\":\"https:\/\/www.montavistahouses.com\/#website\"},\"primaryImageOfPage\":{\"@id\":\"https:\/\/www.montavistahouses.com\/en\/product\/cortijo-en-campo-de-caniles\/#primaryimage\"},\"image\":{\"@id\":\"https:\/\/www.montavistahouses.com\/en\/product\/cortijo-en-campo-de-caniles\/#primaryimage\"},\"thumbnailUrl\":\"http:\/\/www.montavistahouses.com\/wp-content\/uploads\/2025\/04\/huis-buiten.jpg\",\"datePublished\":\"2025-04-10T12:29:31+00:00\",\"dateModified\":\"2025-10-26T15:16:48+00:00\",\"breadcrumb\":{\"@id\":\"https:\/\/www.montavistahouses.com\/en\/product\/cortijo-en-campo-de-caniles\/#breadcrumb\"},\"inLanguage\":\"es\",\"potentialAction\":[{\"@type\":\"ReadAction\",\"target\":[\"https:\/\/www.montavistahouses.com\/en\/product\/cortijo-en-campo-de-caniles\/\"]}]},{\"@type\":\"ImageObject\",\"inLanguage\":\"es\",\"@id\":\"https:\/\/www.montavistahouses.com\/en\/product\/cortijo-en-campo-de-caniles\/#primaryimage\",\"url\":\"http:\/\/www.montavistahouses.com\/wp-content\/uploads\/2025\/04\/huis-buiten.jpg\",\"contentUrl\":\"http:\/\/www.montavistahouses.com\/wp-content\/uploads\/2025\/04\/huis-buiten.jpg\",\"width\":1000,\"height\":732},{\"@type\":\"BreadcrumbList\",\"@id\":\"https:\/\/www.montavistahouses.com\/en\/product\/cortijo-en-campo-de-caniles\/#breadcrumb\",\"itemListElement\":[{\"@type\":\"ListItem\",\"position\":1,\"name\":\"Home\",\"item\":\"https:\/\/www.montavistahouses.com\/\"},{\"@type\":\"ListItem\",\"position\":2,\"name\":\"Shop\",\"item\":\"https:\/\/www.montavistahouses.com\/shop\/\"},{\"@type\":\"ListItem\",\"position\":3,\"name\":\"Cortijo en Campo de Caniles\"}]},{\"@type\":\"WebSite\",\"@id\":\"https:\/\/www.montavistahouses.com\/#website\",\"url\":\"https:\/\/www.montavistahouses.com\/\",\"name\":\"Montavista Houses\",\"description\":\"Montavista Houses\",\"publisher\":{\"@id\":\"https:\/\/www.montavistahouses.com\/#organization\"},\"potentialAction\":[{\"@type\":\"SearchAction\",\"target\":{\"@type\":\"EntryPoint\",\"urlTemplate\":\"https:\/\/www.montavistahouses.com\/?s={search_term_string}\"},\"query-input\":{\"@type\":\"PropertyValueSpecification\",\"valueRequired\":true,\"valueName\":\"search_term_string\"}}],\"inLanguage\":\"es\"},{\"@type\":\"Organization\",\"@id\":\"https:\/\/www.montavistahouses.com\/#organization\",\"name\":\"Montavista Houses\",\"url\":\"https:\/\/www.montavistahouses.com\/\",\"logo\":{\"@type\":\"ImageObject\",\"inLanguage\":\"es\",\"@id\":\"https:\/\/www.montavistahouses.com\/#\/schema\/logo\/image\/\",\"url\":\"https:\/\/www.montavistahouses.com\/wp-content\/uploads\/2024\/09\/for_sale_baza_spain_Huis6.jpg\",\"contentUrl\":\"https:\/\/www.montavistahouses.com\/wp-content\/uploads\/2024\/09\/for_sale_baza_spain_Huis6.jpg\",\"width\":1920,\"height\":1920,\"caption\":\"Montavista Houses\"},\"image\":{\"@id\":\"https:\/\/www.montavistahouses.com\/#\/schema\/logo\/image\/\"}}]}<\/script>\n<!-- \/ Yoast SEO plugin. -->","yoast_head_json":{"title":"Cortijo en Campo de Caniles - Montavista Houses","robots":{"index":"index","follow":"follow","max-snippet":"max-snippet:-1","max-image-preview":"max-image-preview:large","max-video-preview":"max-video-preview:-1"},"canonical":"https:\/\/www.montavistahouses.com\/es\/producto\/cortijo-en-campo-de-caniles\/","og_locale":"es_ES","og_type":"article","og_title":"Cortijo en Campo de Caniles - Montavista Houses","og_description":"Te Koop!!!  Unieke Cortijo in Caniles, Spanje \u2013 Zelfvoorzienend paradijs met 2,4 hectare grond met een aangrenzend gastenverblijf.   Ben je op zoek naar rust, ruimte en eindeloze mogelijkheden? Dan is deze prachtig gelegen Cortijo in Caniles precies wat je zoekt.Deze ruime, volledig zelfvoorzienende woning ligt op een perceel van maar liefst 2,4 hectare en biedt alles voor wie wil wonen in harmonie met de natuur, paarden\/ezel liefhebber is of droomt van een toeristische accommodatie.","og_url":"https:\/\/www.montavistahouses.com\/es\/producto\/cortijo-en-campo-de-caniles\/","og_site_name":"Montavista Houses","article_modified_time":"2025-10-26T15:16:48+00:00","og_image":[{"width":1000,"height":732,"url":"https:\/\/www.montavistahouses.com\/wp-content\/uploads\/2025\/04\/huis-buiten.jpg","type":"image\/jpeg"}],"twitter_card":"summary_large_image","twitter_misc":{"Tiempo de lectura":"2 minutos"},"schema":{"@context":"https:\/\/schema.org","@graph":[{"@type":"WebPage","@id":"https:\/\/www.montavistahouses.com\/en\/product\/cortijo-en-campo-de-caniles\/","url":"https:\/\/www.montavistahouses.com\/en\/product\/cortijo-en-campo-de-caniles\/","name":"Cortijo en Campo de Caniles - Montavista Houses","isPartOf":{"@id":"https:\/\/www.montavistahouses.com\/#website"},"primaryImageOfPage":{"@id":"https:\/\/www.montavistahouses.com\/en\/product\/cortijo-en-campo-de-caniles\/#primaryimage"},"image":{"@id":"https:\/\/www.montavistahouses.com\/en\/product\/cortijo-en-campo-de-caniles\/#primaryimage"},"thumbnailUrl":"http:\/\/www.montavistahouses.com\/wp-content\/uploads\/2025\/04\/huis-buiten.jpg","datePublished":"2025-04-10T12:29:31+00:00","dateModified":"2025-10-26T15:16:48+00:00","breadcrumb":{"@id":"https:\/\/www.montavistahouses.com\/en\/product\/cortijo-en-campo-de-caniles\/#breadcrumb"},"inLanguage":"es","potentialAction":[{"@type":"ReadAction","target":["https:\/\/www.montavistahouses.com\/en\/product\/cortijo-en-campo-de-caniles\/"]}]},{"@type":"ImageObject","inLanguage":"es","@id":"https:\/\/www.montavistahouses.com\/en\/product\/cortijo-en-campo-de-caniles\/#primaryimage","url":"http:\/\/www.montavistahouses.com\/wp-content\/uploads\/2025\/04\/huis-buiten.jpg","contentUrl":"http:\/\/www.montavistahouses.com\/wp-content\/uploads\/2025\/04\/huis-buiten.jpg","width":1000,"height":732},{"@type":"BreadcrumbList","@id":"https:\/\/www.montavistahouses.com\/en\/product\/cortijo-en-campo-de-caniles\/#breadcrumb","itemListElement":[{"@type":"ListItem","position":1,"name":"Home","item":"https:\/\/www.montavistahouses.com\/"},{"@type":"ListItem","position":2,"name":"Shop","item":"https:\/\/www.montavistahouses.com\/shop\/"},{"@type":"ListItem","position":3,"name":"Cortijo en Campo de Caniles"}]},{"@type":"WebSite","@id":"https:\/\/www.montavistahouses.com\/#website","url":"https:\/\/www.montavistahouses.com\/","name":"Casas Montavista","description":"Casas Montavista","publisher":{"@id":"https:\/\/www.montavistahouses.com\/#organization"},"potentialAction":[{"@type":"SearchAction","target":{"@type":"EntryPoint","urlTemplate":"https:\/\/www.montavistahouses.com\/?s={search_term_string}"},"query-input":{"@type":"PropertyValueSpecification","valueRequired":true,"valueName":"search_term_string"}}],"inLanguage":"es"},{"@type":"Organization","@id":"https:\/\/www.montavistahouses.com\/#organization","name":"Casas Montavista","url":"https:\/\/www.montavistahouses.com\/","logo":{"@type":"ImageObject","inLanguage":"es","@id":"https:\/\/www.montavistahouses.com\/#\/schema\/logo\/image\/","url":"https:\/\/www.montavistahouses.com\/wp-content\/uploads\/2024\/09\/for_sale_baza_spain_Huis6.jpg","contentUrl":"https:\/\/www.montavistahouses.com\/wp-content\/uploads\/2024\/09\/for_sale_baza_spain_Huis6.jpg","width":1920,"height":1920,"caption":"Montavista Houses"},"image":{"@id":"https:\/\/www.montavistahouses.com\/#\/schema\/logo\/image\/"}}]}},"_links":{"self":[{"href":"http:\/\/www.montavistahouses.com\/es\/wp-json\/wp\/v2\/product\/1096"}],"collection":[{"href":"http:\/\/www.montavistahouses.com\/es\/wp-json\/wp\/v2\/product"}],"about":[{"href":"http:\/\/www.montavistahouses.com\/es\/wp-json\/wp\/v2\/types\/product"}],"replies":[{"embeddable":true,"href":"http:\/\/www.montavistahouses.com\/es\/wp-json\/wp\/v2\/comments?post=1096"}],"wp:featuredmedia":[{"embeddable":true,"href":"http:\/\/www.montavistahouses.com\/es\/wp-json\/wp\/v2\/media\/1102"}],"wp:attachment":[{"href":"http:\/\/www.montavistahouses.com\/es\/wp-json\/wp\/v2\/media?parent=1096"}],"wp:term":[{"taxonomy":"product_brand","embeddable":true,"href":"http:\/\/www.montavistahouses.com\/es\/wp-json\/wp\/v2\/product_brand?post=1096"},{"taxonomy":"product_cat","embeddable":true,"href":"http:\/\/www.montavistahouses.com\/es\/wp-json\/wp\/v2\/product_cat?post=1096"},{"taxonomy":"product_tag","embeddable":true,"href":"http:\/\/www.montavistahouses.com\/es\/wp-json\/wp\/v2\/product_tag?post=1096"}],"curies":[{"name":"wp","href":"https:\/\/api.w.org\/{rel}","templated":true}]}}