{"id":1050,"date":"2024-07-15T14:59:00","date_gmt":"2024-07-15T14:59:00","guid":{"rendered":"https:\/\/www.montavistahouses.com\/?post_type=product&#038;p=1050"},"modified":"2025-03-20T15:46:37","modified_gmt":"2025-03-20T15:46:37","slug":"cueva-campo-de-baza","status":"publish","type":"product","link":"http:\/\/www.montavistahouses.com\/es\/producto\/cueva-campo-de-baza\/","title":{"rendered":"Cueva Campo de Baza"},"content":{"rendered":"<p><strong>\u00a1\u00a1\u00a1\u00a1\u00a1VENDIDO \/ SOLD!!!!!<\/strong><\/p>\n<p>&nbsp;<\/p>\n<p>Preciosa casa cueva reformada en Baza - Espacio, privacidad y vistas panor\u00e1micas<\/p>\n<p>Esta singular casa cueva reformada se encuentra en el Campo en Baza, con impresionantes vistas de la Sierra de Baza. La propiedad ofrece mucha luz natural, espacio y privacidad.<\/p>\n<p>Caracter\u00edsticas:<\/p>\n<p>- Cocina con todas las comodidades y chimenea<br \/>\n- 3 dormitorios muy espaciosos<br \/>\n- 2 ba\u00f1os<br \/>\n- Amplio comedor<br \/>\n- Azotea soleada<br \/>\n- Garaje doble<br \/>\n- Amplio jard\u00edn<\/p>\n<p>Totalmente renovado en 2020, esta propiedad ofrece un entorno de vida ideal tanto para una familia o B &amp; B. Su ubicaci\u00f3n estrat\u00e9gica en el Campo garantiza la privacidad y hermosas vistas panor\u00e1micas.<\/p>\n<p>La combinaci\u00f3n de espacio habitable confortable, 3 dormitorios, 2 ba\u00f1os y espacios al aire libre hacen que esta propiedad sea adecuada para una variedad de usos. Tanto si busca una casa familiar como un B&amp;B, esta casa cueva reformada en Baza es una oportunidad \u00fanica.<\/p>\n<p>Precio de venta: 110.000 euros<\/p>\n<p>La playa est\u00e1 a 1 hora en coche, el aeropuerto de Granada a 1 hora en coche. El hospital est\u00e1 a 5 minutos en coche (Baza).<br \/>\nTambi\u00e9n hay varias actividades para realizar en la zona, como ciclismo, senderismo, descubrir la diversidad paisaj\u00edstica de la zona, Playa de Freila, Sierra de Baza (Parque Natural), monta\u00f1a Jabalc\u00f3n con ba\u00f1os naturales de agua caliente, cenas, balnearios, Observatorio, Museos, zonas de naturaleza y fauna (incluyendo observaci\u00f3n de aves) y a 1 hora en coche se puede esquiar en Sierra Nevada en invierno. A 5 minutos en coche est\u00e1 el centro de la hist\u00f3rica ciudad de Baza equipada con hospital, dentistas, muchos supermercados, restaurantes, teatro, cine, varias tiendas para ir de compras as\u00ed como tiendas de bricolaje, etc.<\/p>\n<p><strong>Particulares:<\/strong><\/p>\n<ul>\n<li>Superficie habitable 183 m2<\/li>\n<li>Parcela de aproximadamente 800 m2<\/li>\n<li>Agua de la red p\u00fablica<\/li>\n<li>Electricidad a trav\u00e9s de la compa\u00f1\u00eda el\u00e9ctrica<\/li>\n<li>La fachada de la casa est\u00e1 orientada al norte<\/li>\n<li>N\u00famero de habitaciones 3<\/li>\n<li>N\u00famero de ba\u00f1os 2<\/li>\n<li>Calefacci\u00f3n: chimenea y calefacci\u00f3n el\u00e9ctrica<\/li>\n<li>Cobertura de telefon\u00eda m\u00f3vil e Internet<\/li>\n<li>Internet posible<\/li>\n<li>Inventario por acuerdo<\/li>\n<li>Aceptaci\u00f3n en consulta<\/li>\n<\/ul>\n<p>\u00a1P\u00f3ngase en contacto con nosotros pronto para una visita y descubrir esta joya escondida en Baza!<\/p>\n<p>&nbsp;<\/p>","protected":false},"excerpt":{"rendered":"<p>Preciosa casa cueva reformada en Baza - Espacio, privacidad y vistas panor\u00e1micas.<br \/>\nEsta singular casa cueva reformada se encuentra en el Campo de Baza, con impresionantes vistas a la Sierra de Baza.<br \/>\nLa casa ofrece mucha luz natural, espacio y privacidad.<\/p>","protected":false},"featured_media":1093,"comment_status":"open","ping_status":"closed","template":"","meta":{"_acf_changed":false,"inline_featured_image":false},"product_brand":[],"product_cat":[30,27],"product_tag":[26,33,32,23],"class_list":{"0":"post-1050","1":"product","2":"type-product","3":"status-publish","4":"has-post-thumbnail","6":"product_cat-aanbod","7":"product_cat-properties-woocommerce","8":"product_tag-2-badkamers","9":"product_tag-3-slaapkamers","10":"product_tag-baza","11":"product_tag-spanje","13":"first","14":"instock","15":"shipping-taxable","16":"purchasable","17":"product-type-simple"},"acf":[],"yoast_head":"<!-- This site is optimized with the Yoast SEO plugin v25.6 - https:\/\/yoast.com\/wordpress\/plugins\/seo\/ -->\n<title>Cueva Campo de Baza - Montavista Houses<\/title>\n<meta name=\"description\" content=\"Prachtige gerenoveerde grotwoning in Baza - Ruimte, privacy en panoramisch uitzicht. Deze unieke gerenoveerde grotwoning is gelegen op de Campo in Baza, met een prachtig uitzicht op de Sierra de Baza. De woning biedt volop daglicht, ruimte en privacy.\" \/>\n<meta name=\"robots\" content=\"index, follow, max-snippet:-1, max-image-preview:large, max-video-preview:-1\" \/>\n<link rel=\"canonical\" href=\"http:\/\/www.montavistahouses.com\/es\/producto\/cueva-campo-de-baza\/\" \/>\n<meta property=\"og:locale\" content=\"es_ES\" \/>\n<meta property=\"og:type\" content=\"article\" \/>\n<meta property=\"og:title\" content=\"Cueva Campo de Baza - Montavista Houses\" \/>\n<meta property=\"og:description\" content=\"Prachtige gerenoveerde grotwoning in Baza - Ruimte, privacy en panoramisch uitzicht. Deze unieke gerenoveerde grotwoning is gelegen op de Campo in Baza, met een prachtig uitzicht op de Sierra de Baza. De woning biedt volop daglicht, ruimte en privacy.\" \/>\n<meta property=\"og:url\" content=\"http:\/\/www.montavistahouses.com\/es\/producto\/cueva-campo-de-baza\/\" \/>\n<meta property=\"og:site_name\" content=\"Montavista Houses\" \/>\n<meta property=\"article:modified_time\" content=\"2025-03-20T15:46:37+00:00\" \/>\n<meta property=\"og:image\" content=\"http:\/\/www.montavistahouses.com\/wp-content\/uploads\/2025\/01\/verkocht.jpg\" \/>\n\t<meta property=\"og:image:width\" content=\"1000\" \/>\n\t<meta property=\"og:image:height\" content=\"667\" \/>\n\t<meta property=\"og:image:type\" content=\"image\/jpeg\" \/>\n<meta name=\"twitter:card\" content=\"summary_large_image\" \/>\n<meta name=\"twitter:label1\" content=\"Tiempo de lectura\" \/>\n\t<meta name=\"twitter:data1\" content=\"2 minutos\" \/>\n<script type=\"application\/ld+json\" class=\"yoast-schema-graph\">{\"@context\":\"https:\/\/schema.org\",\"@graph\":[{\"@type\":\"WebPage\",\"@id\":\"http:\/\/www.montavistahouses.com\/es\/producto\/cueva-campo-de-baza\/\",\"url\":\"http:\/\/www.montavistahouses.com\/es\/producto\/cueva-campo-de-baza\/\",\"name\":\"Cueva Campo de Baza - Montavista Houses\",\"isPartOf\":{\"@id\":\"https:\/\/www.montavistahouses.com\/#website\"},\"primaryImageOfPage\":{\"@id\":\"http:\/\/www.montavistahouses.com\/es\/producto\/cueva-campo-de-baza\/#primaryimage\"},\"image\":{\"@id\":\"http:\/\/www.montavistahouses.com\/es\/producto\/cueva-campo-de-baza\/#primaryimage\"},\"thumbnailUrl\":\"http:\/\/www.montavistahouses.com\/wp-content\/uploads\/2025\/01\/verkocht.jpg\",\"datePublished\":\"2024-07-15T14:59:00+00:00\",\"dateModified\":\"2025-03-20T15:46:37+00:00\",\"description\":\"Prachtige gerenoveerde grotwoning in Baza - Ruimte, privacy en panoramisch uitzicht. Deze unieke gerenoveerde grotwoning is gelegen op de Campo in Baza, met een prachtig uitzicht op de Sierra de Baza. De woning biedt volop daglicht, ruimte en privacy.\",\"breadcrumb\":{\"@id\":\"http:\/\/www.montavistahouses.com\/es\/producto\/cueva-campo-de-baza\/#breadcrumb\"},\"inLanguage\":\"es\",\"potentialAction\":[{\"@type\":\"ReadAction\",\"target\":[\"http:\/\/www.montavistahouses.com\/es\/producto\/cueva-campo-de-baza\/\"]}]},{\"@type\":\"ImageObject\",\"inLanguage\":\"es\",\"@id\":\"http:\/\/www.montavistahouses.com\/es\/producto\/cueva-campo-de-baza\/#primaryimage\",\"url\":\"http:\/\/www.montavistahouses.com\/wp-content\/uploads\/2025\/01\/verkocht.jpg\",\"contentUrl\":\"http:\/\/www.montavistahouses.com\/wp-content\/uploads\/2025\/01\/verkocht.jpg\",\"width\":1000,\"height\":667},{\"@type\":\"BreadcrumbList\",\"@id\":\"http:\/\/www.montavistahouses.com\/es\/producto\/cueva-campo-de-baza\/#breadcrumb\",\"itemListElement\":[{\"@type\":\"ListItem\",\"position\":1,\"name\":\"Home\",\"item\":\"https:\/\/www.montavistahouses.com\/\"},{\"@type\":\"ListItem\",\"position\":2,\"name\":\"Shop\",\"item\":\"https:\/\/www.montavistahouses.com\/shop\/\"},{\"@type\":\"ListItem\",\"position\":3,\"name\":\"Cueva Campo de Baza\"}]},{\"@type\":\"WebSite\",\"@id\":\"https:\/\/www.montavistahouses.com\/#website\",\"url\":\"https:\/\/www.montavistahouses.com\/\",\"name\":\"Montavista Houses\",\"description\":\"Montavista Houses\",\"publisher\":{\"@id\":\"https:\/\/www.montavistahouses.com\/#organization\"},\"potentialAction\":[{\"@type\":\"SearchAction\",\"target\":{\"@type\":\"EntryPoint\",\"urlTemplate\":\"https:\/\/www.montavistahouses.com\/?s={search_term_string}\"},\"query-input\":{\"@type\":\"PropertyValueSpecification\",\"valueRequired\":true,\"valueName\":\"search_term_string\"}}],\"inLanguage\":\"es\"},{\"@type\":\"Organization\",\"@id\":\"https:\/\/www.montavistahouses.com\/#organization\",\"name\":\"Montavista Houses\",\"url\":\"https:\/\/www.montavistahouses.com\/\",\"logo\":{\"@type\":\"ImageObject\",\"inLanguage\":\"es\",\"@id\":\"https:\/\/www.montavistahouses.com\/#\/schema\/logo\/image\/\",\"url\":\"https:\/\/www.montavistahouses.com\/wp-content\/uploads\/2024\/09\/for_sale_baza_spain_Huis6.jpg\",\"contentUrl\":\"https:\/\/www.montavistahouses.com\/wp-content\/uploads\/2024\/09\/for_sale_baza_spain_Huis6.jpg\",\"width\":1920,\"height\":1920,\"caption\":\"Montavista Houses\"},\"image\":{\"@id\":\"https:\/\/www.montavistahouses.com\/#\/schema\/logo\/image\/\"}}]}<\/script>\n<!-- \/ Yoast SEO plugin. -->","yoast_head_json":{"title":"Cueva Campo de Baza - Montavista Houses","description":"Prachtige gerenoveerde grotwoning in Baza - Ruimte, privacy en panoramisch uitzicht. Deze unieke gerenoveerde grotwoning is gelegen op de Campo in Baza, met een prachtig uitzicht op de Sierra de Baza. De woning biedt volop daglicht, ruimte en privacy.","robots":{"index":"index","follow":"follow","max-snippet":"max-snippet:-1","max-image-preview":"max-image-preview:large","max-video-preview":"max-video-preview:-1"},"canonical":"http:\/\/www.montavistahouses.com\/es\/producto\/cueva-campo-de-baza\/","og_locale":"es_ES","og_type":"article","og_title":"Cueva Campo de Baza - Montavista Houses","og_description":"Prachtige gerenoveerde grotwoning in Baza - Ruimte, privacy en panoramisch uitzicht. Deze unieke gerenoveerde grotwoning is gelegen op de Campo in Baza, met een prachtig uitzicht op de Sierra de Baza. De woning biedt volop daglicht, ruimte en privacy.","og_url":"http:\/\/www.montavistahouses.com\/es\/producto\/cueva-campo-de-baza\/","og_site_name":"Montavista Houses","article_modified_time":"2025-03-20T15:46:37+00:00","og_image":[{"width":1000,"height":667,"url":"http:\/\/www.montavistahouses.com\/wp-content\/uploads\/2025\/01\/verkocht.jpg","type":"image\/jpeg"}],"twitter_card":"summary_large_image","twitter_misc":{"Tiempo de lectura":"2 minutos"},"schema":{"@context":"https:\/\/schema.org","@graph":[{"@type":"WebPage","@id":"http:\/\/www.montavistahouses.com\/es\/producto\/cueva-campo-de-baza\/","url":"http:\/\/www.montavistahouses.com\/es\/producto\/cueva-campo-de-baza\/","name":"Cueva Campo de Baza - Montavista Houses","isPartOf":{"@id":"https:\/\/www.montavistahouses.com\/#website"},"primaryImageOfPage":{"@id":"http:\/\/www.montavistahouses.com\/es\/producto\/cueva-campo-de-baza\/#primaryimage"},"image":{"@id":"http:\/\/www.montavistahouses.com\/es\/producto\/cueva-campo-de-baza\/#primaryimage"},"thumbnailUrl":"http:\/\/www.montavistahouses.com\/wp-content\/uploads\/2025\/01\/verkocht.jpg","datePublished":"2024-07-15T14:59:00+00:00","dateModified":"2025-03-20T15:46:37+00:00","description":"Prachtige gerenoveerde grotwoning in Baza - Ruimte, privacy en panoramisch uitzicht. Deze unieke gerenoveerde grotwoning is gelegen op de Campo in Baza, met een prachtig uitzicht op de Sierra de Baza. De woning biedt volop daglicht, ruimte en privacy.","breadcrumb":{"@id":"http:\/\/www.montavistahouses.com\/es\/producto\/cueva-campo-de-baza\/#breadcrumb"},"inLanguage":"es","potentialAction":[{"@type":"ReadAction","target":["http:\/\/www.montavistahouses.com\/es\/producto\/cueva-campo-de-baza\/"]}]},{"@type":"ImageObject","inLanguage":"es","@id":"http:\/\/www.montavistahouses.com\/es\/producto\/cueva-campo-de-baza\/#primaryimage","url":"http:\/\/www.montavistahouses.com\/wp-content\/uploads\/2025\/01\/verkocht.jpg","contentUrl":"http:\/\/www.montavistahouses.com\/wp-content\/uploads\/2025\/01\/verkocht.jpg","width":1000,"height":667},{"@type":"BreadcrumbList","@id":"http:\/\/www.montavistahouses.com\/es\/producto\/cueva-campo-de-baza\/#breadcrumb","itemListElement":[{"@type":"ListItem","position":1,"name":"Home","item":"https:\/\/www.montavistahouses.com\/"},{"@type":"ListItem","position":2,"name":"Shop","item":"https:\/\/www.montavistahouses.com\/shop\/"},{"@type":"ListItem","position":3,"name":"Cueva Campo de Baza"}]},{"@type":"WebSite","@id":"https:\/\/www.montavistahouses.com\/#website","url":"https:\/\/www.montavistahouses.com\/","name":"Casas Montavista","description":"Casas Montavista","publisher":{"@id":"https:\/\/www.montavistahouses.com\/#organization"},"potentialAction":[{"@type":"SearchAction","target":{"@type":"EntryPoint","urlTemplate":"https:\/\/www.montavistahouses.com\/?s={search_term_string}"},"query-input":{"@type":"PropertyValueSpecification","valueRequired":true,"valueName":"search_term_string"}}],"inLanguage":"es"},{"@type":"Organization","@id":"https:\/\/www.montavistahouses.com\/#organization","name":"Casas Montavista","url":"https:\/\/www.montavistahouses.com\/","logo":{"@type":"ImageObject","inLanguage":"es","@id":"https:\/\/www.montavistahouses.com\/#\/schema\/logo\/image\/","url":"https:\/\/www.montavistahouses.com\/wp-content\/uploads\/2024\/09\/for_sale_baza_spain_Huis6.jpg","contentUrl":"https:\/\/www.montavistahouses.com\/wp-content\/uploads\/2024\/09\/for_sale_baza_spain_Huis6.jpg","width":1920,"height":1920,"caption":"Montavista Houses"},"image":{"@id":"https:\/\/www.montavistahouses.com\/#\/schema\/logo\/image\/"}}]}},"_links":{"self":[{"href":"http:\/\/www.montavistahouses.com\/es\/wp-json\/wp\/v2\/product\/1050"}],"collection":[{"href":"http:\/\/www.montavistahouses.com\/es\/wp-json\/wp\/v2\/product"}],"about":[{"href":"http:\/\/www.montavistahouses.com\/es\/wp-json\/wp\/v2\/types\/product"}],"replies":[{"embeddable":true,"href":"http:\/\/www.montavistahouses.com\/es\/wp-json\/wp\/v2\/comments?post=1050"}],"wp:featuredmedia":[{"embeddable":true,"href":"http:\/\/www.montavistahouses.com\/es\/wp-json\/wp\/v2\/media\/1093"}],"wp:attachment":[{"href":"http:\/\/www.montavistahouses.com\/es\/wp-json\/wp\/v2\/media?parent=1050"}],"wp:term":[{"taxonomy":"product_brand","embeddable":true,"href":"http:\/\/www.montavistahouses.com\/es\/wp-json\/wp\/v2\/product_brand?post=1050"},{"taxonomy":"product_cat","embeddable":true,"href":"http:\/\/www.montavistahouses.com\/es\/wp-json\/wp\/v2\/product_cat?post=1050"},{"taxonomy":"product_tag","embeddable":true,"href":"http:\/\/www.montavistahouses.com\/es\/wp-json\/wp\/v2\/product_tag?post=1050"}],"curies":[{"name":"wp","href":"https:\/\/api.w.org\/{rel}","templated":true}]}}